{"id":15267,"date":"2026-02-27T00:25:35","date_gmt":"2026-02-27T00:25:35","guid":{"rendered":"https:\/\/nordicmart.andreevmaster.com\/product\/lotta-gra-juniorsang-90x200\/"},"modified":"2026-02-27T08:17:05","modified_gmt":"2026-02-27T08:17:05","slug":"lotta-gra-juniorsang-90x200","status":"publish","type":"product","link":"https:\/\/nordicmart.andreevmaster.com\/sv\/produkt\/lotta-gra-juniorsang-90x200\/","title":{"rendered":"Lotta gr\u00e5 juniors\u00e4ng  90&#215;200"},"content":{"rendered":"<p>**Viktiga f\u00f6rdelar:**<br \/>\n-tillverkad i enlighet med europeiska s\u00e4kerhetsstandarder<br \/>\n&#8211; skandinavisk design<br \/>\n&#8211; standardm\u00e5tt- du kan enkelt anpassa madrassen eller s\u00e4ngkl\u00e4derna<br \/>\n&#8211; s\u00e4ngen kan utrustas med ett universellt skyddsgaller (tillval)<\/p>\n<p>**M\u00e5tt (cm):**<br \/>\nl\u00e4ngd: 218,2<br \/>\nbredd: 93,2<br \/>\ns\u00e4ngh\u00f6jd: 56,6<br \/>\nramh\u00f6jd: 37<\/p>\n<p>**Ytterligare information:**<br \/>\n&#8211; s\u00e4ngen passar f\u00f6r en madrass: 90 cm x 200 cm<br \/>\n&#8211; madrassens h\u00f6jd: min. 12 cm<br \/>\n&#8211; maximal belastning p\u00e5 s\u00e4ngen 120 kg<br \/>\n&#8211; avsedd f\u00f6r barn fr\u00e5n cirka 5\/6 \u00e5rs \u00e5lder<\/p>\n<p>**Ytbehandling och tillverkningsdetaljer:** &#8211; S\u00e4ngens stomme \u00e4r tillverkad av h\u00f6gkvalitativ laminerad skiva som \u00e4r motst\u00e5ndskraftig mot skador och fukt och l\u00e4tt att h\u00e5lla ren. &#8211; Madrassst\u00f6det \u00e4r tillverkat av bokplywood. &#8211; Benen \u00e4r tillverkade av ek. **F\u00e4rger:** &#8211; M\u00f6belstommen \u00e4r gr\u00e5 med matt yta.<br \/>\n&#8211; Basen (tr\u00e4ben) \u00e4r tillverkad av ek. <\/p>\n<p>**Anv\u00e4ndningsanvisning:**<br \/>\nM\u00f6blerna ska torkas av med en mjuk bomullsduk fuktad med vatten eller ett m\u00f6belv\u00e5rdsmedel. <\/p>\n<p>**Ytterligare information:**<br \/>\nM\u00f6blerna levereras i paket och \u00e4r avsedda f\u00f6r sj\u00e4lvmontering. Paketen inneh\u00e5ller detaljerade monteringsanvisningar samt tillbeh\u00f6r (skruvar etc.).<\/p>\n","protected":false},"excerpt":{"rendered":"<p>**Viktiga f\u00f6rdelar:** -tillverkad i enlighet med europeiska s\u00e4kerhetsstandarder &#8211; skandinavisk design &#8211; standardm\u00e5tt- du kan enkelt anpassa madrassen eller s\u00e4ngkl\u00e4derna &#8211; s\u00e4ngen kan utrustas med ett universellt skyddsgaller (tillval) **M\u00e5tt (cm):** l\u00e4ngd: 218,2 bredd: 93,2 s\u00e4ngh\u00f6jd: 56,6 ramh\u00f6jd: 37 **Ytterligare information:** &#8211; s\u00e4ngen passar f\u00f6r en madrass: 90 cm x 200 cm &#8211; madrassens h\u00f6jd: [&hellip;]<\/p>\n","protected":false},"featured_media":0,"comment_status":"open","ping_status":"closed","template":"","meta":[],"product_brand":[],"product_cat":[33],"product_tag":[],"class_list":{"0":"post-15267","1":"product","2":"type-product","3":"status-publish","5":"product_cat-okategoriserad","7":"first","8":"instock","9":"shipping-taxable","10":"purchasable","11":"product-type-simple"},"_links":{"self":[{"href":"https:\/\/nordicmart.andreevmaster.com\/sv\/wp-json\/wp\/v2\/product\/15267","targetHints":{"allow":["GET"]}}],"collection":[{"href":"https:\/\/nordicmart.andreevmaster.com\/sv\/wp-json\/wp\/v2\/product"}],"about":[{"href":"https:\/\/nordicmart.andreevmaster.com\/sv\/wp-json\/wp\/v2\/types\/product"}],"replies":[{"embeddable":true,"href":"https:\/\/nordicmart.andreevmaster.com\/sv\/wp-json\/wp\/v2\/comments?post=15267"}],"wp:attachment":[{"href":"https:\/\/nordicmart.andreevmaster.com\/sv\/wp-json\/wp\/v2\/media?parent=15267"}],"wp:term":[{"taxonomy":"product_brand","embeddable":true,"href":"https:\/\/nordicmart.andreevmaster.com\/sv\/wp-json\/wp\/v2\/product_brand?post=15267"},{"taxonomy":"product_cat","embeddable":true,"href":"https:\/\/nordicmart.andreevmaster.com\/sv\/wp-json\/wp\/v2\/product_cat?post=15267"},{"taxonomy":"product_tag","embeddable":true,"href":"https:\/\/nordicmart.andreevmaster.com\/sv\/wp-json\/wp\/v2\/product_tag?post=15267"}],"curies":[{"name":"wp","href":"https:\/\/api.w.org\/{rel}","templated":true}]}}