{"id":15266,"date":"2026-02-27T00:25:34","date_gmt":"2026-02-27T00:25:34","guid":{"rendered":"https:\/\/nordicmart.andreevmaster.com\/product\/lotta-gra-sanghusram-90x200-med-lada\/"},"modified":"2026-02-27T08:17:05","modified_gmt":"2026-02-27T08:17:05","slug":"lotta-gra-sanghusram-90x200-med-lada","status":"publish","type":"product","link":"https:\/\/nordicmart.andreevmaster.com\/sv\/produkt\/lotta-gra-sanghusram-90x200-med-lada\/","title":{"rendered":"Lotta gr\u00e5 s\u00e4nghusram 90&#215;200 med l\u00e5da"},"content":{"rendered":"<p>Ett v\u00e4xande barn inneb\u00e4r v\u00e4xande behov. Med dessa behov i \u00e5tanke har vi designat den stora s\u00e4ngramen Lotta.<br \/>\nDen \u00e4r perfekt f\u00f6r ett \u00e4ldre barn eller en ton\u00e5ring tack vare sina standardm\u00e5tt (200 cm x 90 cm), vilket inneb\u00e4r att det inte \u00e4r n\u00e5got problem att v\u00e4lja r\u00e4tt madrass eller s\u00e4ngkl\u00e4der. S\u00e4ngen har en utdragbar l\u00e5da som \u00e4r perfekt f\u00f6r f\u00f6rvaring av s\u00e4ngkl\u00e4der, eller s\u00e5 kan du l\u00e4gga en madrass i den s\u00e5 att den fungerar som en extra s\u00e4ng \u2013 en utm\u00e4rkt l\u00f6sning f\u00f6r syskon eller \u00f6vernattande g\u00e4ster. L\u00e5dan \u00e4r l\u00e4tt att dra ut, \u00e4ven f\u00f6r barn. En vacker dekorativ och funktionell detalj p\u00e5 s\u00e4ngen \u00e4r den husformade ramen i ek, d\u00e4r du kan h\u00e4nga upp ljusslingor, f\u00f6rvaringssystem eller tyger. Ramen har ocks\u00e5 tre horisontella st\u00f6dst\u00e4nger. Du kan placera kuddar mot dem, som inte glider av s\u00e4ngen, f\u00f6r att skapa en trevlig l\u00e4sh\u00f6rna.S\u00e4ngens design g\u00f6r att den ser bra ut b\u00e5de mot en v\u00e4gg och mitt i rummet. <\/p>\n<p>Viktiga f\u00f6rdelar:<br \/>\n&#8211; tillverkad i enlighet med europeiska s\u00e4kerhetsstandarder<br \/>\n&#8211; trendig husformad ram med ryggst\u00f6d p\u00e5 tre sidor<br \/>\n&#8211; l\u00e5da med f\u00f6rst\u00e4rkt botten, som kan anv\u00e4ndas f\u00f6r f\u00f6rvaring eller som en extra s\u00e4ng (tillval)<br \/>\n&#8211; L\u00e5dan \u00e4r f\u00f6rsedd med hjul med gummiband, som \u00e4r skonsamma mot golvet<br \/>\n&#8211; S\u00e4ngen kan f\u00f6rses med ett universellt skyddsr\u00e4cke (tillval)<\/p>\n<p>M\u00e5tt (cm):<br \/>\nl\u00e4ngd: 209,2<br \/>\nbredd: 93,2<br \/>\ns\u00e4ngh\u00f6jd: 41,4<br \/>\nramh\u00f6jd: 169 cm<\/p>\n<p>Ytterligare information: &#8211; den \u00f6vre s\u00e4ngen passar f\u00f6r en madrass: 90 cm x 200 cm &#8211; l\u00e5dan kan f\u00f6rses med en madrass: 88 x 195. Med en 8 cm h\u00f6g madrass kan l\u00e5dan med madrass och s\u00e4ngkl\u00e4der enkelt skjutas in under s\u00e4ngen<br \/>\n&#8211; maximal belastning p\u00e5 s\u00e4ngen 120 kg<br \/>\n&#8211; maximal belastning p\u00e5 l\u00e5dan 100 kg<\/p>\n<p>&#8211; avsedd f\u00f6r barn fr\u00e5n cirka 5\/6 \u00e5rs \u00e5lder<\/p>\n<p>Ytbehandling och tillverkningsdetaljer:<br \/>\n&#8211; s\u00e4ngens stomme och l\u00e5dan \u00e4r tillverkade av h\u00f6gkvalitativ laminerad skiva<br \/>\n&#8211; husformad ram tillverkad av ek<br \/>\n&#8211; madrassst\u00f6dplattform tillverkad av bokplywood<br \/>\n&#8211; l\u00e5dan \u00e4r f\u00f6rsedd med hjul med gummiband<\/p>\n<p>F\u00e4rger:<br \/>\n&#8211; s\u00e4ngens stomme \u00e4r gr\u00e5 med matt yta<br \/>\n&#8211; den husformade ramen \u00e4r tillverkad av ek<\/p>\n<p>Anv\u00e4ndningsanvisningar:<br \/>\nTorka av s\u00e4ngen med en mjuk bomullsduk fuktad med vatten eller m\u00f6belreng\u00f6ringsmedel.<\/p>\n<p>Ytterligare information:<br \/>\nM\u00f6blerna levereras i platta paket och \u00e4r avsedda f\u00f6r sj\u00e4lvmontering. Detaljerade monteringsanvisningar och komponenter (skruvar etc.) medf\u00f6ljer.<\/p>\n","protected":false},"excerpt":{"rendered":"<p>Ett v\u00e4xande barn inneb\u00e4r v\u00e4xande behov. Med dessa behov i \u00e5tanke har vi designat den stora s\u00e4ngramen Lotta. Den \u00e4r perfekt f\u00f6r ett \u00e4ldre barn eller en ton\u00e5ring tack vare sina standardm\u00e5tt (200 cm x 90 cm), vilket inneb\u00e4r att det inte \u00e4r n\u00e5got problem att v\u00e4lja r\u00e4tt madrass eller s\u00e4ngkl\u00e4der. S\u00e4ngen har en utdragbar [&hellip;]<\/p>\n","protected":false},"featured_media":0,"comment_status":"open","ping_status":"closed","template":"","meta":[],"product_brand":[],"product_cat":[33],"product_tag":[],"class_list":{"0":"post-15266","1":"product","2":"type-product","3":"status-publish","5":"product_cat-okategoriserad","7":"first","8":"instock","9":"shipping-taxable","10":"purchasable","11":"product-type-simple"},"_links":{"self":[{"href":"https:\/\/nordicmart.andreevmaster.com\/sv\/wp-json\/wp\/v2\/product\/15266","targetHints":{"allow":["GET"]}}],"collection":[{"href":"https:\/\/nordicmart.andreevmaster.com\/sv\/wp-json\/wp\/v2\/product"}],"about":[{"href":"https:\/\/nordicmart.andreevmaster.com\/sv\/wp-json\/wp\/v2\/types\/product"}],"replies":[{"embeddable":true,"href":"https:\/\/nordicmart.andreevmaster.com\/sv\/wp-json\/wp\/v2\/comments?post=15266"}],"wp:attachment":[{"href":"https:\/\/nordicmart.andreevmaster.com\/sv\/wp-json\/wp\/v2\/media?parent=15266"}],"wp:term":[{"taxonomy":"product_brand","embeddable":true,"href":"https:\/\/nordicmart.andreevmaster.com\/sv\/wp-json\/wp\/v2\/product_brand?post=15266"},{"taxonomy":"product_cat","embeddable":true,"href":"https:\/\/nordicmart.andreevmaster.com\/sv\/wp-json\/wp\/v2\/product_cat?post=15266"},{"taxonomy":"product_tag","embeddable":true,"href":"https:\/\/nordicmart.andreevmaster.com\/sv\/wp-json\/wp\/v2\/product_tag?post=15266"}],"curies":[{"name":"wp","href":"https:\/\/api.w.org\/{rel}","templated":true}]}}