{"id":15265,"date":"2026-02-27T00:25:34","date_gmt":"2026-02-27T00:25:34","guid":{"rendered":"https:\/\/nordicmart.andreevmaster.com\/product\/lotta-gra-spjalsang-smabarnssang-70x140-med-lada\/"},"modified":"2026-02-27T08:17:05","modified_gmt":"2026-02-27T08:17:05","slug":"lotta-gra-spjalsang-smabarnssang-70x140-med-lada","status":"publish","type":"product","link":"https:\/\/nordicmart.andreevmaster.com\/sv\/produkt\/lotta-gra-spjalsang-smabarnssang-70x140-med-lada\/","title":{"rendered":"Lotta gr\u00e5 spj\u00e4ls\u00e4ng\/sm\u00e5barnss\u00e4ng 70&#215;140 med l\u00e5da"},"content":{"rendered":"<p>Huvudpersonen i alla barnrum som, f\u00f6rutom att sova, ocks\u00e5 anv\u00e4nds f\u00f6r tupplurar och lek. Lotta-s\u00e4ngen, tack vare sin enkelhet, s\u00e4kerhet och m\u00e5nga praktiska l\u00f6sningar, tillgodoser barnets grundl\u00e4ggande behov och ger ocks\u00e5 en k\u00e4nsla av sj\u00e4lvst\u00e4ndighet och oberoende.<br \/>\nUtrustad med en rymlig l\u00e5da.<br \/>\n**Huvudsakliga f\u00f6rdelar:**<br \/>\n&#8211; uppfyller europeiska standarder och s\u00e4kerhetskrav<br \/>\n&#8211; tv\u00e5 avtagbara stegpinnar i en av s\u00e4ngramarna m\u00f6jligg\u00f6r fri in- och utg\u00e5ng fr\u00e5n s\u00e4ngen<br \/>\n&#8211; tre niv\u00e5er p\u00e5 ramen under madrassen, anpassade efter barnets utveckling (58\/43\/28,5 cm fr\u00e5n golvet)<br \/>\n&#8211; m\u00f6jlighet att omvandla till en soffa genom att ta bort en av ramarna<br \/>\n&#8211; m\u00f6jlighet att omvandla till en liten b\u00e4ddsoffa genom att ta bort tv\u00e5 ramar och den \u00f6vre delen av st\u00f6den<br \/>\n&#8211; f\u00f6rberedd f\u00f6r montering av en barri\u00e4r som skyddar barnet mot att falla ur s\u00e4ngen under s\u00f6mnen<br \/>\n&#8211; rymlig l\u00e5da p\u00e5 H\u00e4fele-skenor<br \/>\n&#8211; lock som skyddar l\u00e5dans inneh\u00e5ll<br \/>\n&#8211; ett skyddsgaller kan k\u00f6pas f\u00f6r att skydda mot fall (tillval till s\u00e4ngen)<\/p>\n<p>**M\u00e5tt (cm):**<br \/>\nl\u00e4ngd: 161<br \/>\nbredd: 75<br \/>\nh\u00f6jd: 89<\/p>\n<p>**Ytterligare information:**<br \/>\n&#8211; s\u00e4ngen kan f\u00f6rses med en madrass &#8211; m\u00e5tt: 140 cm x 70 cm<br \/>\n&#8211; anv\u00e4ndningsperiod: upp till cirka 6 \u00e5rs \u00e5lder.<\/p>\n<p>**M\u00f6belns utf\u00f6rande och ytbehandling:**<br \/>\n&#8211; s\u00e4ngst\u00f6d, l\u00e5da och b\u00e4ddsoffans ribba \u00e4r tillverkade av h\u00f6gkvalitativ laminerad skiva som \u00e4r t\u00e5lig mot skador och fukt och l\u00e4tt att h\u00e5lla ren<br \/>\n&#8211; Basen som m\u00f6belkroppen vilar p\u00e5 \u00e4r tillverkad av ek, lackerad med f\u00e4rgl\u00f6s barns\u00e4ker f\u00e4rg<br \/>\n&#8211; Stegarna \u00e4r tillverkade av boktr\u00e4, lackerade med barns\u00e4ker f\u00e4rg, certifierade enligt standarden EN71\/3<br \/>\n&#8211; Blum-skenorna \u00e4r utrustade med ett system som bromsar l\u00e5dornas st\u00e4ngning<br \/>\n&#8211; Madrassramen \u00e4r tillverkad av bokplywood <\/p>\n<p>**F\u00e4rger:**<br \/>\n&#8211; M\u00f6belkroppen \u00e4r neutralgr\u00e5 med matt yta.<br \/>\n&#8211; Basen (tr\u00e4ben) \u00e4r tillverkad av ek. <\/p>\n<p>**Anv\u00e4ndningsanvisning:**<br \/>\nM\u00f6blerna ska torkas av med en mjuk bomullsduk fuktad med vatten eller ett m\u00f6belv\u00e5rdsmedel.<\/p>\n<p>**Ytterligare information:**<br \/>\nM\u00f6blerna levereras i paket, avsedda f\u00f6r sj\u00e4lvmontering. Paketen inneh\u00e5ller detaljerade monteringsanvisningar samt tillbeh\u00f6r (skruvar etc.).<\/p>\n","protected":false},"excerpt":{"rendered":"<p>Huvudpersonen i alla barnrum som, f\u00f6rutom att sova, ocks\u00e5 anv\u00e4nds f\u00f6r tupplurar och lek. Lotta-s\u00e4ngen, tack vare sin enkelhet, s\u00e4kerhet och m\u00e5nga praktiska l\u00f6sningar, tillgodoser barnets grundl\u00e4ggande behov och ger ocks\u00e5 en k\u00e4nsla av sj\u00e4lvst\u00e4ndighet och oberoende. Utrustad med en rymlig l\u00e5da. **Huvudsakliga f\u00f6rdelar:** &#8211; uppfyller europeiska standarder och s\u00e4kerhetskrav &#8211; tv\u00e5 avtagbara stegpinnar i [&hellip;]<\/p>\n","protected":false},"featured_media":0,"comment_status":"open","ping_status":"closed","template":"","meta":[],"product_brand":[],"product_cat":[33],"product_tag":[],"class_list":{"0":"post-15265","1":"product","2":"type-product","3":"status-publish","5":"product_cat-okategoriserad","7":"first","8":"instock","9":"shipping-taxable","10":"purchasable","11":"product-type-simple"},"_links":{"self":[{"href":"https:\/\/nordicmart.andreevmaster.com\/sv\/wp-json\/wp\/v2\/product\/15265","targetHints":{"allow":["GET"]}}],"collection":[{"href":"https:\/\/nordicmart.andreevmaster.com\/sv\/wp-json\/wp\/v2\/product"}],"about":[{"href":"https:\/\/nordicmart.andreevmaster.com\/sv\/wp-json\/wp\/v2\/types\/product"}],"replies":[{"embeddable":true,"href":"https:\/\/nordicmart.andreevmaster.com\/sv\/wp-json\/wp\/v2\/comments?post=15265"}],"wp:attachment":[{"href":"https:\/\/nordicmart.andreevmaster.com\/sv\/wp-json\/wp\/v2\/media?parent=15265"}],"wp:term":[{"taxonomy":"product_brand","embeddable":true,"href":"https:\/\/nordicmart.andreevmaster.com\/sv\/wp-json\/wp\/v2\/product_brand?post=15265"},{"taxonomy":"product_cat","embeddable":true,"href":"https:\/\/nordicmart.andreevmaster.com\/sv\/wp-json\/wp\/v2\/product_cat?post=15265"},{"taxonomy":"product_tag","embeddable":true,"href":"https:\/\/nordicmart.andreevmaster.com\/sv\/wp-json\/wp\/v2\/product_tag?post=15265"}],"curies":[{"name":"wp","href":"https:\/\/api.w.org\/{rel}","templated":true}]}}