{"id":15263,"date":"2026-02-27T00:25:34","date_gmt":"2026-02-27T00:25:34","guid":{"rendered":"https:\/\/nordicmart.andreevmaster.com\/product\/lotta-gra-byra-med-6-lador\/"},"modified":"2026-02-27T08:17:05","modified_gmt":"2026-02-27T08:17:05","slug":"lotta-gra-byra-med-6-lador","status":"publish","type":"product","link":"https:\/\/nordicmart.andreevmaster.com\/sv\/produkt\/lotta-gra-byra-med-6-lador\/","title":{"rendered":"Lotta gr\u00e5 byr\u00e5 med 6 l\u00e5dor"},"content":{"rendered":"<p>Byr\u00e5n har 6 rymliga l\u00e5dor och passar perfekt i barnrummet eller f\u00f6r\u00e4ldrarnas sovrum, s\u00e4rskilt eftersom den kan utrustas med en sk\u00f6tbordsenhet.<br \/>\nViktiga f\u00f6rdelar:<br \/>\n&#8211; sex rymliga l\u00e5dor<br \/>\n&#8211; kan utrustas med en sk\u00f6tbordsenhet till v\u00e4nster, h\u00f6ger eller i mitten<br \/>\n&#8211; kan f\u00e4stas p\u00e5 en v\u00e4gg (rekommenderas)<br \/>\n&#8211; uppfyller europeiska s\u00e4kerhetsstandarder<br \/>\nM\u00e5tt (cm):<br \/>\nh\u00f6jd: 85<br \/>\ndjup: 50<br \/>\nbredd: 1150<\/p>\n<p>Ytbehandling och tillverkningsdetaljer:<br \/>\n&#8211; m\u00f6belns stomme \u00e4r tillverkad av h\u00f6gkvalitativ laminerad skiva<br \/>\n&#8211; byr\u00e5ns underrede \u00e4r tillverkat av ek<br \/>\n&#8211; Blum-skenor med mjukst\u00e4ngningsmekanism <\/p>\n<p>F\u00e4rger:<br \/>\n&#8211; m\u00f6belkroppen \u00e4r sn\u00f6vit med matt yta<br \/>\n&#8211; basen (tr\u00e4ben) \u00e4r tillverkad av ek<\/p>\n<p>Anv\u00e4ndningsanvisningar:<br \/>\nTorka av s\u00e4ngen med en mjuk bomullsduk fuktad med vatten eller m\u00f6belreng\u00f6ringsmedel.<\/p>\n<p>Ytterligare information:<br \/>\nM\u00f6blerna levereras i platta paket och \u00e4r avsedda f\u00f6r sj\u00e4lvmontering. Detaljerade monteringsanvisningar och komponenter (skruvar etc.) medf\u00f6ljer.<\/p>\n","protected":false},"excerpt":{"rendered":"<p>Byr\u00e5n har 6 rymliga l\u00e5dor och passar perfekt i barnrummet eller f\u00f6r\u00e4ldrarnas sovrum, s\u00e4rskilt eftersom den kan utrustas med en sk\u00f6tbordsenhet. Viktiga f\u00f6rdelar: &#8211; sex rymliga l\u00e5dor &#8211; kan utrustas med en sk\u00f6tbordsenhet till v\u00e4nster, h\u00f6ger eller i mitten &#8211; kan f\u00e4stas p\u00e5 en v\u00e4gg (rekommenderas) &#8211; uppfyller europeiska s\u00e4kerhetsstandarder M\u00e5tt (cm): h\u00f6jd: 85 djup: [&hellip;]<\/p>\n","protected":false},"featured_media":0,"comment_status":"open","ping_status":"closed","template":"","meta":[],"product_brand":[],"product_cat":[33],"product_tag":[],"class_list":{"0":"post-15263","1":"product","2":"type-product","3":"status-publish","5":"product_cat-okategoriserad","7":"first","8":"instock","9":"shipping-taxable","10":"purchasable","11":"product-type-simple"},"_links":{"self":[{"href":"https:\/\/nordicmart.andreevmaster.com\/sv\/wp-json\/wp\/v2\/product\/15263","targetHints":{"allow":["GET"]}}],"collection":[{"href":"https:\/\/nordicmart.andreevmaster.com\/sv\/wp-json\/wp\/v2\/product"}],"about":[{"href":"https:\/\/nordicmart.andreevmaster.com\/sv\/wp-json\/wp\/v2\/types\/product"}],"replies":[{"embeddable":true,"href":"https:\/\/nordicmart.andreevmaster.com\/sv\/wp-json\/wp\/v2\/comments?post=15263"}],"wp:attachment":[{"href":"https:\/\/nordicmart.andreevmaster.com\/sv\/wp-json\/wp\/v2\/media?parent=15263"}],"wp:term":[{"taxonomy":"product_brand","embeddable":true,"href":"https:\/\/nordicmart.andreevmaster.com\/sv\/wp-json\/wp\/v2\/product_brand?post=15263"},{"taxonomy":"product_cat","embeddable":true,"href":"https:\/\/nordicmart.andreevmaster.com\/sv\/wp-json\/wp\/v2\/product_cat?post=15263"},{"taxonomy":"product_tag","embeddable":true,"href":"https:\/\/nordicmart.andreevmaster.com\/sv\/wp-json\/wp\/v2\/product_tag?post=15263"}],"curies":[{"name":"wp","href":"https:\/\/api.w.org\/{rel}","templated":true}]}}