{"id":15262,"date":"2026-02-27T00:25:33","date_gmt":"2026-02-27T00:25:33","guid":{"rendered":"https:\/\/nordicmart.andreevmaster.com\/product\/bellamy-lotta-spjalsangsskena-gra\/"},"modified":"2026-02-27T08:17:04","modified_gmt":"2026-02-27T08:17:04","slug":"bellamy-lotta-spjalsangsskena-gra","status":"publish","type":"product","link":"https:\/\/nordicmart.andreevmaster.com\/sv\/produkt\/bellamy-lotta-spjalsangsskena-gra\/","title":{"rendered":"Bellamy Lotta spj\u00e4ls\u00e4ngsskena gr\u00e5"},"content":{"rendered":"<p>Skyddsskenan beh\u00f6vs n\u00e4r ditt barn v\u00e4xer upp och spj\u00e4ls\u00e4ngen omvandlas till en s\u00e4ng. Dess syfte \u00e4r att skydda ett sovande barn fr\u00e5n att falla.<br \/>\nSkyddsskenan \u00e4r tillverkad av massivt tr\u00e4 m\u00e5lat i sn\u00f6vit f\u00e4rg. Ett skyddsr\u00e4cke ing\u00e5r i Good Night-s\u00e4ngen, men det finns m\u00f6jlighet att k\u00f6pa ett extra. <\/p>\n<p>**Varf\u00f6r ska du k\u00f6pa mig?**<br \/>\n&#8211; Det skyddar barnet fr\u00e5n att falla ur s\u00e4ngen efter att spj\u00e4ls\u00e4ngen har gjorts om till en s\u00e4ng. &#8211; Skenan kan monteras p\u00e5 h\u00f6ger eller v\u00e4nster sida av s\u00e4ngen. <\/p>\n<p>M\u00e5tt (cm):<br \/>\nl\u00e4ngd: 47<br \/>\nh\u00f6jd: 29<br \/>\ndjup: 2 Anv\u00e4ndningsanvisning:<br \/>\nM\u00f6blerna ska torkas av med en mjuk bomullsduk fuktad med vatten eller ett m\u00f6belv\u00e5rdsmedel.<\/p>\n<p>Ytterligare information:<br \/>\nM\u00f6blerna levereras i paket, avsedda f\u00f6r sj\u00e4lvmontering. Paketen inneh\u00e5ller detaljerade monteringsanvisningar samt tillbeh\u00f6r (skruvar etc.).<\/p>\n","protected":false},"excerpt":{"rendered":"<p>Skyddsskenan beh\u00f6vs n\u00e4r ditt barn v\u00e4xer upp och spj\u00e4ls\u00e4ngen omvandlas till en s\u00e4ng. Dess syfte \u00e4r att skydda ett sovande barn fr\u00e5n att falla. Skyddsskenan \u00e4r tillverkad av massivt tr\u00e4 m\u00e5lat i sn\u00f6vit f\u00e4rg. Ett skyddsr\u00e4cke ing\u00e5r i Good Night-s\u00e4ngen, men det finns m\u00f6jlighet att k\u00f6pa ett extra. **Varf\u00f6r ska du k\u00f6pa mig?** &#8211; Det [&hellip;]<\/p>\n","protected":false},"featured_media":0,"comment_status":"open","ping_status":"closed","template":"","meta":[],"product_brand":[],"product_cat":[33],"product_tag":[],"class_list":{"0":"post-15262","1":"product","2":"type-product","3":"status-publish","5":"product_cat-okategoriserad","7":"first","8":"instock","9":"shipping-taxable","10":"purchasable","11":"product-type-simple"},"_links":{"self":[{"href":"https:\/\/nordicmart.andreevmaster.com\/sv\/wp-json\/wp\/v2\/product\/15262","targetHints":{"allow":["GET"]}}],"collection":[{"href":"https:\/\/nordicmart.andreevmaster.com\/sv\/wp-json\/wp\/v2\/product"}],"about":[{"href":"https:\/\/nordicmart.andreevmaster.com\/sv\/wp-json\/wp\/v2\/types\/product"}],"replies":[{"embeddable":true,"href":"https:\/\/nordicmart.andreevmaster.com\/sv\/wp-json\/wp\/v2\/comments?post=15262"}],"wp:attachment":[{"href":"https:\/\/nordicmart.andreevmaster.com\/sv\/wp-json\/wp\/v2\/media?parent=15262"}],"wp:term":[{"taxonomy":"product_brand","embeddable":true,"href":"https:\/\/nordicmart.andreevmaster.com\/sv\/wp-json\/wp\/v2\/product_brand?post=15262"},{"taxonomy":"product_cat","embeddable":true,"href":"https:\/\/nordicmart.andreevmaster.com\/sv\/wp-json\/wp\/v2\/product_cat?post=15262"},{"taxonomy":"product_tag","embeddable":true,"href":"https:\/\/nordicmart.andreevmaster.com\/sv\/wp-json\/wp\/v2\/product_tag?post=15262"}],"curies":[{"name":"wp","href":"https:\/\/api.w.org\/{rel}","templated":true}]}}