{"id":15257,"date":"2026-02-27T00:25:32","date_gmt":"2026-02-27T00:25:32","guid":{"rendered":"https:\/\/nordicmart.andreevmaster.com\/product\/lotta-skrivbord-salvia\/"},"modified":"2026-02-27T08:17:03","modified_gmt":"2026-02-27T08:17:03","slug":"lotta-skrivbord-salvia","status":"publish","type":"product","link":"https:\/\/nordicmart.andreevmaster.com\/sv\/produkt\/lotta-skrivbord-salvia\/","title":{"rendered":"Lotta skrivbord salvia"},"content":{"rendered":"<p>Skrivbordet designades med noggrann uppm\u00e4rksamhet p\u00e5 detaljer, med enkel form som presenterar en minimalistisk design. Det har tv\u00e5 rymliga l\u00e5dor, bordskanter och ett h\u00e5l f\u00f6r kabelplacering, tack vare vilka du kan h\u00e5lla ditt skrivbord organiserat och undvika kabelkaos.<\/p>\n<p>Huvudfunktioner och f\u00f6rdelar:<br \/>\n&#8211; 2 rymliga l\u00e5dor med skenor<br \/>\n&#8211; bordskanter f\u00f6rhindrar att f\u00f6rem\u00e5l p\u00e5 toppen ramlar ner<br \/>\n&#8211; utrustad med ett h\u00e5l f\u00f6r kabelplacering<\/p>\n<p>M\u00e5tt (cm):<br \/>\nh\u00f6jd: 76<br \/>\nh\u00f6jd p\u00e5 skrivbord med begr\u00e4nsare: 86<br \/>\ndjup: 60,5<br \/>\nbredd: 120,2<\/p>\n<p>M\u00f6belutf\u00f6rande och finish:<br \/>\n&#8211; m\u00f6belstommen \u00e4r tillverkad av h\u00f6gkvalitativ laminerad skiva, motst\u00e5ndskraftig mot skador och fukt, och l\u00e4tt att h\u00e5lla ren<br \/>\n&#8211; l\u00e5dfronter och sidor p\u00e5 skrivbordet \u00e4r tillverkade av h\u00f6gkvalitativ laminatskiva motst\u00e5ndskraftig mot slitage och fukt, l\u00e4tt att reng\u00f6ra och underh\u00e5lla<br \/>\n&#8211; basen som m\u00f6belstommen vilar p\u00e5 \u00e4r tillverkad av ektr\u00e4 och sp\u00e4nnwire<\/p>\n<p>F\u00e4rger:<br \/>\n&#8211; skrivbordet \u00e4r salviagr\u00f6nt med matt finish<br \/>\n&#8211; basen (tr\u00e4ben) \u00e4r tillverkad av ektr\u00e4, sp\u00e4nnwiren \u00e4r i svart<\/p>\n<p>Sk\u00f6tselr\u00e5d:<br \/>\nM\u00f6beln b\u00f6r torkas av med en mjuk bomullsduk fuktad med vatten eller en produkt avsedd f\u00f6r m\u00f6belv\u00e5rd.<\/p>\n<p>Ytterligare information:<br \/>\nM\u00f6beln levereras i paket, avsedd f\u00f6r sj\u00e4lvmontering. Paketen inneh\u00e5ller detaljerade monteringsanvisningar samt tillbeh\u00f6r (skruvar m.m.).<\/p>\n","protected":false},"excerpt":{"rendered":"<p>Skrivbordet designades med noggrann uppm\u00e4rksamhet p\u00e5 detaljer, med enkel form som presenterar en minimalistisk design. Det har tv\u00e5 rymliga l\u00e5dor, bordskanter och ett h\u00e5l f\u00f6r kabelplacering, tack vare vilka du kan h\u00e5lla ditt skrivbord organiserat och undvika kabelkaos. Huvudfunktioner och f\u00f6rdelar: &#8211; 2 rymliga l\u00e5dor med skenor &#8211; bordskanter f\u00f6rhindrar att f\u00f6rem\u00e5l p\u00e5 toppen ramlar [&hellip;]<\/p>\n","protected":false},"featured_media":0,"comment_status":"open","ping_status":"closed","template":"","meta":[],"product_brand":[],"product_cat":[33],"product_tag":[],"class_list":{"0":"post-15257","1":"product","2":"type-product","3":"status-publish","5":"product_cat-okategoriserad","7":"first","8":"instock","9":"shipping-taxable","10":"purchasable","11":"product-type-simple"},"_links":{"self":[{"href":"https:\/\/nordicmart.andreevmaster.com\/sv\/wp-json\/wp\/v2\/product\/15257","targetHints":{"allow":["GET"]}}],"collection":[{"href":"https:\/\/nordicmart.andreevmaster.com\/sv\/wp-json\/wp\/v2\/product"}],"about":[{"href":"https:\/\/nordicmart.andreevmaster.com\/sv\/wp-json\/wp\/v2\/types\/product"}],"replies":[{"embeddable":true,"href":"https:\/\/nordicmart.andreevmaster.com\/sv\/wp-json\/wp\/v2\/comments?post=15257"}],"wp:attachment":[{"href":"https:\/\/nordicmart.andreevmaster.com\/sv\/wp-json\/wp\/v2\/media?parent=15257"}],"wp:term":[{"taxonomy":"product_brand","embeddable":true,"href":"https:\/\/nordicmart.andreevmaster.com\/sv\/wp-json\/wp\/v2\/product_brand?post=15257"},{"taxonomy":"product_cat","embeddable":true,"href":"https:\/\/nordicmart.andreevmaster.com\/sv\/wp-json\/wp\/v2\/product_cat?post=15257"},{"taxonomy":"product_tag","embeddable":true,"href":"https:\/\/nordicmart.andreevmaster.com\/sv\/wp-json\/wp\/v2\/product_tag?post=15257"}],"curies":[{"name":"wp","href":"https:\/\/api.w.org\/{rel}","templated":true}]}}