{"id":15253,"date":"2026-02-27T00:25:31","date_gmt":"2026-02-27T00:25:31","guid":{"rendered":"https:\/\/nordicmart.andreevmaster.com\/product\/vasagle-sittpall-bank-med-forvaringsutrymme-sittkista\/"},"modified":"2026-02-27T08:17:03","modified_gmt":"2026-02-27T08:17:03","slug":"vasagle-sittpall-bank-med-forvaringsutrymme-sittkista","status":"publish","type":"product","link":"https:\/\/nordicmart.andreevmaster.com\/sv\/produkt\/vasagle-sittpall-bank-med-forvaringsutrymme-sittkista\/","title":{"rendered":"VASAGLE sittpall, b\u00e4nk med f\u00f6rvaringsutrymme, sittkista"},"content":{"rendered":"<p>VASAGLE Rund pall Sminkbord Pall Ottoman LOM005C01<br \/>\nSpecifikationer:<br \/>\n&#8211; M\u00e5tt: 38,2 cm djup, 44,4 cm h\u00f6g<br \/>\n&#8211; Sittdiameter: 32 cm<br \/>\n&#8211; Vikt: 3,3 kg<br \/>\n&#8211; Max. statisk b\u00e4rf\u00f6rm\u00e5ga: 150 kg<br \/>\n&#8211; Material: st\u00e5l, 25D h\u00f6gelastiskt skum, PU-konstl\u00e4der (polyuretan), plywood<br \/>\n&#8211; F\u00e4rg: svart<\/p>\n","protected":false},"excerpt":{"rendered":"<p>VASAGLE Rund pall Sminkbord Pall Ottoman LOM005C01<\/p>\n","protected":false},"featured_media":43093,"comment_status":"open","ping_status":"closed","template":"","meta":[],"product_brand":[],"product_cat":[33],"product_tag":[],"class_list":{"0":"post-15253","1":"product","2":"type-product","3":"status-publish","4":"has-post-thumbnail","6":"product_cat-okategoriserad","8":"first","9":"instock","10":"shipping-taxable","11":"purchasable","12":"product-type-simple"},"_links":{"self":[{"href":"https:\/\/nordicmart.andreevmaster.com\/sv\/wp-json\/wp\/v2\/product\/15253","targetHints":{"allow":["GET"]}}],"collection":[{"href":"https:\/\/nordicmart.andreevmaster.com\/sv\/wp-json\/wp\/v2\/product"}],"about":[{"href":"https:\/\/nordicmart.andreevmaster.com\/sv\/wp-json\/wp\/v2\/types\/product"}],"replies":[{"embeddable":true,"href":"https:\/\/nordicmart.andreevmaster.com\/sv\/wp-json\/wp\/v2\/comments?post=15253"}],"wp:featuredmedia":[{"embeddable":true,"href":"https:\/\/nordicmart.andreevmaster.com\/sv\/wp-json\/wp\/v2\/media\/43093"}],"wp:attachment":[{"href":"https:\/\/nordicmart.andreevmaster.com\/sv\/wp-json\/wp\/v2\/media?parent=15253"}],"wp:term":[{"taxonomy":"product_brand","embeddable":true,"href":"https:\/\/nordicmart.andreevmaster.com\/sv\/wp-json\/wp\/v2\/product_brand?post=15253"},{"taxonomy":"product_cat","embeddable":true,"href":"https:\/\/nordicmart.andreevmaster.com\/sv\/wp-json\/wp\/v2\/product_cat?post=15253"},{"taxonomy":"product_tag","embeddable":true,"href":"https:\/\/nordicmart.andreevmaster.com\/sv\/wp-json\/wp\/v2\/product_tag?post=15253"}],"curies":[{"name":"wp","href":"https:\/\/api.w.org\/{rel}","templated":true}]}}