{"id":15242,"date":"2026-02-27T00:25:28","date_gmt":"2026-02-27T00:25:28","guid":{"rendered":"https:\/\/nordicmart.andreevmaster.com\/product\/songmics-home-home-bank-med-forvaringsutrymme-i-konstlader\/"},"modified":"2026-02-27T08:17:01","modified_gmt":"2026-02-27T08:17:01","slug":"songmics-home-home-bank-med-forvaringsutrymme-i-konstlader","status":"publish","type":"product","link":"https:\/\/nordicmart.andreevmaster.com\/sv\/produkt\/songmics-home-home-bank-med-forvaringsutrymme-i-konstlader\/","title":{"rendered":"SONGMICS HOME HOME B\u00e4nk med f\u00f6rvaringsutrymme i konstl\u00e4der"},"content":{"rendered":"<p>F\u00e4rg: Duvgr\u00e5<br \/>\nMaterial: st\u00e5l, 25D h\u00f6gelastiskt skum, PU-konstl\u00e4der (polyuretan), MDF (medeldensitetsfiberplatta)<br \/>\nStorlek: 43 x 112 x 40 cm (D x B x H)<br \/>\nVikt: 10,7 kg<br \/>\nMax. statisk totalbelastning: 300 kg<\/p>\n","protected":false},"excerpt":{"rendered":"<p>F\u00e4rg: Duvgr\u00e5 Material: st\u00e5l, 25D h\u00f6gelastiskt skum, PU-konstl\u00e4der (polyuretan), MDF (medeldensitetsfiberplatta) Storlek: 43 x 112 x 40 cm (D x B x H) Vikt: 10,7 kg Max. statisk totalbelastning: 300 kg<\/p>\n","protected":false},"featured_media":43083,"comment_status":"open","ping_status":"closed","template":"","meta":[],"product_brand":[],"product_cat":[33],"product_tag":[],"class_list":{"0":"post-15242","1":"product","2":"type-product","3":"status-publish","4":"has-post-thumbnail","6":"product_cat-okategoriserad","8":"first","9":"instock","10":"shipping-taxable","11":"purchasable","12":"product-type-simple"},"_links":{"self":[{"href":"https:\/\/nordicmart.andreevmaster.com\/sv\/wp-json\/wp\/v2\/product\/15242","targetHints":{"allow":["GET"]}}],"collection":[{"href":"https:\/\/nordicmart.andreevmaster.com\/sv\/wp-json\/wp\/v2\/product"}],"about":[{"href":"https:\/\/nordicmart.andreevmaster.com\/sv\/wp-json\/wp\/v2\/types\/product"}],"replies":[{"embeddable":true,"href":"https:\/\/nordicmart.andreevmaster.com\/sv\/wp-json\/wp\/v2\/comments?post=15242"}],"wp:featuredmedia":[{"embeddable":true,"href":"https:\/\/nordicmart.andreevmaster.com\/sv\/wp-json\/wp\/v2\/media\/43083"}],"wp:attachment":[{"href":"https:\/\/nordicmart.andreevmaster.com\/sv\/wp-json\/wp\/v2\/media?parent=15242"}],"wp:term":[{"taxonomy":"product_brand","embeddable":true,"href":"https:\/\/nordicmart.andreevmaster.com\/sv\/wp-json\/wp\/v2\/product_brand?post=15242"},{"taxonomy":"product_cat","embeddable":true,"href":"https:\/\/nordicmart.andreevmaster.com\/sv\/wp-json\/wp\/v2\/product_cat?post=15242"},{"taxonomy":"product_tag","embeddable":true,"href":"https:\/\/nordicmart.andreevmaster.com\/sv\/wp-json\/wp\/v2\/product_tag?post=15242"}],"curies":[{"name":"wp","href":"https:\/\/api.w.org\/{rel}","templated":true}]}}