{"id":15240,"date":"2026-02-27T00:25:28","date_gmt":"2026-02-27T00:25:28","guid":{"rendered":"https:\/\/nordicmart.andreevmaster.com\/product\/songmics-home-luiz-kollektion-bank-med-vandbar-overdel\/"},"modified":"2026-02-27T08:17:00","modified_gmt":"2026-02-27T08:17:00","slug":"songmics-home-luiz-kollektion-bank-med-vandbar-overdel","status":"publish","type":"product","link":"https:\/\/nordicmart.andreevmaster.com\/sv\/produkt\/songmics-home-luiz-kollektion-bank-med-vandbar-overdel\/","title":{"rendered":"SONGMICS HOME LUIZ-kollektion \u2013 b\u00e4nk med v\u00e4ndbar \u00f6verdel"},"content":{"rendered":"<p>F\u00e4rg: Bl\u00e4ksvart<br \/>\nMaterial: st\u00e5l, 25D h\u00f6gelastiskt skum, PU-konstl\u00e4der (polyuretan), MDF (medeldensitetsfiberplatta)<br \/>\nStorlek: 43 x 112 x 40 cm (D x B x H)<br \/>\nVikt: 10,7 kg<br \/>\nMax. statisk belastningskapacitet totalt: 300 kg<\/p>\n","protected":false},"excerpt":{"rendered":"<p>F\u00e4rg: Bl\u00e4ksvart Material: st\u00e5l, 25D h\u00f6gelastiskt skum, PU-konstl\u00e4der (polyuretan), MDF (medeldensitetsfiberplatta) Storlek: 43 x 112 x 40 cm (D x B x H) Vikt: 10,7 kg Max. statisk belastningskapacitet totalt: 300 kg<\/p>\n","protected":false},"featured_media":43082,"comment_status":"open","ping_status":"closed","template":"","meta":[],"product_brand":[],"product_cat":[33],"product_tag":[],"class_list":{"0":"post-15240","1":"product","2":"type-product","3":"status-publish","4":"has-post-thumbnail","6":"product_cat-okategoriserad","8":"first","9":"instock","10":"shipping-taxable","11":"purchasable","12":"product-type-simple"},"_links":{"self":[{"href":"https:\/\/nordicmart.andreevmaster.com\/sv\/wp-json\/wp\/v2\/product\/15240","targetHints":{"allow":["GET"]}}],"collection":[{"href":"https:\/\/nordicmart.andreevmaster.com\/sv\/wp-json\/wp\/v2\/product"}],"about":[{"href":"https:\/\/nordicmart.andreevmaster.com\/sv\/wp-json\/wp\/v2\/types\/product"}],"replies":[{"embeddable":true,"href":"https:\/\/nordicmart.andreevmaster.com\/sv\/wp-json\/wp\/v2\/comments?post=15240"}],"wp:featuredmedia":[{"embeddable":true,"href":"https:\/\/nordicmart.andreevmaster.com\/sv\/wp-json\/wp\/v2\/media\/43082"}],"wp:attachment":[{"href":"https:\/\/nordicmart.andreevmaster.com\/sv\/wp-json\/wp\/v2\/media?parent=15240"}],"wp:term":[{"taxonomy":"product_brand","embeddable":true,"href":"https:\/\/nordicmart.andreevmaster.com\/sv\/wp-json\/wp\/v2\/product_brand?post=15240"},{"taxonomy":"product_cat","embeddable":true,"href":"https:\/\/nordicmart.andreevmaster.com\/sv\/wp-json\/wp\/v2\/product_cat?post=15240"},{"taxonomy":"product_tag","embeddable":true,"href":"https:\/\/nordicmart.andreevmaster.com\/sv\/wp-json\/wp\/v2\/product_tag?post=15240"}],"curies":[{"name":"wp","href":"https:\/\/api.w.org\/{rel}","templated":true}]}}