{"id":15236,"date":"2026-02-27T00:25:27","date_gmt":"2026-02-27T00:25:27","guid":{"rendered":"https:\/\/nordicmart.andreevmaster.com\/product\/ekho-collection-sailytyspenkki-metsa-sailytyspenkki-forest-2\/"},"modified":"2026-02-27T08:17:00","modified_gmt":"2026-02-27T08:17:00","slug":"ekho-collection-sailytyspenkki-metsa-sailytyspenkki-forest-2","status":"publish","type":"product","link":"https:\/\/nordicmart.andreevmaster.com\/sv\/produkt\/ekho-collection-sailytyspenkki-metsa-sailytyspenkki-forest-2\/","title":{"rendered":"EKHO Collection &#8211; S\u00e4ilytyspenkki, Mets\u00e4 &#8211; S\u00e4ilytyspenkki, Forest"},"content":{"rendered":"<p>[F\u00f6rb\u00e4ttra ditt utrymme] Tutustu VASAGLE EKHO Collection -malliston s\u00e4ilytyspenkkiin, jossa synteettinen nahka kohtaa hienostuneen tikkauksen. Dess mjuka konturer f\u00f6rb\u00e4ttrar s\u00e4kerheten och tillsammans med den mjuka sitsen uppn\u00e5r den en perfekt balans mellan fasthet och fyllighet.[Komfort m\u00f6ter bekv\u00e4mlighet] Dra handen \u00f6ver det sl\u00e4ta, l\u00e4ttrengjorda \u00f6verdraget och sjunk sedan ner i det 6 cm tjocka, stabila 25D h\u00f6gresilienta skumplasten som t\u00e5l formf\u00f6r\u00e4ndringar. Denna f\u00f6rvaringsb\u00e4nk erbjuder b\u00e5de en bekv\u00e4m sittplats och enkel underh\u00e5ll. <\/p>\n<p>[Styrka du kan lita p\u00e5] Denna massiva f\u00f6rvaringsb\u00e4nk \u00e4r konstruerad f\u00f6r att t\u00e5la en vikt p\u00e5 upp till 300 kg (660 lb). Lita p\u00e5 dess stabilitet och h\u00e5llbarhet n\u00e4r den blir en p\u00e5litlig del av ditt hem.[Rymlig med s\u00e4kerhetsl\u00e5s] Tack vare sin kapacitet p\u00e5 25 gal. (95 l) kan v\u00e5r ottomanb\u00e4nk f\u00f6rvara allt fr\u00e5n filtar och kuddar till kl\u00e4der p\u00e5 ett snyggt s\u00e4tt. L\u00e5dans dubbla s\u00e4kerhetsl\u00e5s garanterar j\u00e4mn, s\u00e4ker funktion och effektiv \u00e5tkomst till dina saker. [M\u00e5ngsidigheten lyser igenom] Oavsett om det g\u00e4ller ett charmigt soffbord i vardagsrummet, en skob\u00e4nk i hallen, en mysig b\u00e4nk i sovrummet eller en elegant extra sittplats i din kl\u00e4dkammare, passar denna kl\u00e4dda sittm\u00f6bel perfekt f\u00f6r alla dina behov. <\/p>\n<p>Tekniska uppgifter:<br \/>\n&#8211; F\u00e4rg: B\u00e4nken \u00e4r utrustad med en sittdyna som ocks\u00e5 \u00e4r avsedd att anv\u00e4ndas som sittunderlag: Skogsgr\u00f6n<br \/>\n&#8211; Material: PU (polyuretan) l\u00e4der, plywood, massivt tr\u00e4.- Produktens storlek: 40 x 110 x 40 cm (15,7&#8243; D x 43,3&#8243; B x 15,7&#8243; H). &#8211; Produktens vikt: 15,3 kg (33,7 lb).- Max. statisk belastningskapacitet f\u00f6r sitsen: 300 kg (660 lb)<br \/>\n&#8211; Max. F\u00f6rvaringsfackets statiska belastningskapacitet: 132 lb (60 kg)<br \/>\n&#8211; Volym: 25 gallon (95 l)<br \/>\nF\u00f6rpackningens inneh\u00e5ll:<\/p>\n<p>&#8211; 1 x F\u00f6rvaringsstol<br \/>\n&#8211; 1 x Tillbeh\u00f6rssats<br \/>\n&#8211; 1 x Instruktioner<\/p>\n","protected":false},"excerpt":{"rendered":"<p>[F\u00f6rb\u00e4ttra ditt utrymme] Tutustu VASAGLE EKHO Collection -malliston s\u00e4ilytyspenkkiin, jossa synteettinen nahka kohtaa hienostuneen tikkauksen. Dess mjuka konturer f\u00f6rb\u00e4ttrar s\u00e4kerheten och tillsammans med den mjuka sitsen uppn\u00e5r den en perfekt balans mellan fasthet och fyllighet.[Komfort m\u00f6ter bekv\u00e4mlighet] Dra handen \u00f6ver det sl\u00e4ta, l\u00e4ttrengjorda \u00f6verdraget och sjunk sedan ner i det 6 cm tjocka, stabila 25D [&hellip;]<\/p>\n","protected":false},"featured_media":0,"comment_status":"open","ping_status":"closed","template":"","meta":[],"product_brand":[],"product_cat":[33],"product_tag":[],"class_list":{"0":"post-15236","1":"product","2":"type-product","3":"status-publish","5":"product_cat-okategoriserad","7":"first","8":"instock","9":"shipping-taxable","10":"product-type-simple"},"_links":{"self":[{"href":"https:\/\/nordicmart.andreevmaster.com\/sv\/wp-json\/wp\/v2\/product\/15236","targetHints":{"allow":["GET"]}}],"collection":[{"href":"https:\/\/nordicmart.andreevmaster.com\/sv\/wp-json\/wp\/v2\/product"}],"about":[{"href":"https:\/\/nordicmart.andreevmaster.com\/sv\/wp-json\/wp\/v2\/types\/product"}],"replies":[{"embeddable":true,"href":"https:\/\/nordicmart.andreevmaster.com\/sv\/wp-json\/wp\/v2\/comments?post=15236"}],"wp:attachment":[{"href":"https:\/\/nordicmart.andreevmaster.com\/sv\/wp-json\/wp\/v2\/media?parent=15236"}],"wp:term":[{"taxonomy":"product_brand","embeddable":true,"href":"https:\/\/nordicmart.andreevmaster.com\/sv\/wp-json\/wp\/v2\/product_brand?post=15236"},{"taxonomy":"product_cat","embeddable":true,"href":"https:\/\/nordicmart.andreevmaster.com\/sv\/wp-json\/wp\/v2\/product_cat?post=15236"},{"taxonomy":"product_tag","embeddable":true,"href":"https:\/\/nordicmart.andreevmaster.com\/sv\/wp-json\/wp\/v2\/product_tag?post=15236"}],"curies":[{"name":"wp","href":"https:\/\/api.w.org\/{rel}","templated":true}]}}