{"id":15235,"date":"2026-02-27T00:25:27","date_gmt":"2026-02-27T00:25:27","guid":{"rendered":"https:\/\/nordicmart.andreevmaster.com\/product\/ekho-collection-forvaringspall-ottomansk-pall\/"},"modified":"2026-02-27T08:16:59","modified_gmt":"2026-02-27T08:16:59","slug":"ekho-collection-forvaringspall-ottomansk-pall","status":"publish","type":"product","link":"https:\/\/nordicmart.andreevmaster.com\/sv\/produkt\/ekho-collection-forvaringspall-ottomansk-pall\/","title":{"rendered":"EKHO Collection &#8211; F\u00f6rvaringspall Ottomansk pall"},"content":{"rendered":"<p>[F\u00f6rh\u00f6j ditt utrymme] Upplev kombinationen av syntetiskt l\u00e4der och eleganta s\u00f6mmar i VASAGLE EKHO-kollektionens f\u00f6rvaringspall. Dess mjuka konturer \u00f6kar s\u00e4kerheten, medan de eleganta benen skapar en luftig k\u00e4nsla som balanserar sp\u00e4nning och fyllighet&#8230;[Komfort m\u00f6ter bekv\u00e4mlighet] Stryk handen \u00f6ver det sl\u00e4ta, l\u00e4ttrengjorda \u00f6verdraget och sjunk sedan ner i 6 cm tjock, stabil 25D h\u00f6gresilient skumplast som t\u00e5l formf\u00f6r\u00e4ndringar. Denna f\u00f6rvaringsb\u00e4nk erbjuder b\u00e5de en bekv\u00e4m sittplats och enkel underh\u00e5llning.[Styrka du kan lita p\u00e5] Tack vare den massiva tr\u00e4ramen och de stabila st\u00e5lbenen \u00e4r denna f\u00f6rvaringsb\u00e4nk konstruerad f\u00f6r att t\u00e5la en imponerande vikt p\u00e5 upp till 300 kg (660 lb). Lita p\u00e5 dess styrka och h\u00e5llbarhet n\u00e4r den blir en p\u00e5litlig del av ditt hem.[Rymlig med s\u00e4kerhetsl\u00e5s] Tack vare sin kapacitet p\u00e5 15 gal. (57 l) kan v\u00e5r ottomanb\u00e4nk f\u00f6rvara allt fr\u00e5n filtar och kuddar till kl\u00e4der p\u00e5 ett snyggt s\u00e4tt. L\u00e5dans dubbla s\u00e4kerhetsl\u00e5s garanterar j\u00e4mn, s\u00e4ker funktion och effektiv \u00e5tkomst till dina saker. [M\u00e5ngsidighet som lyser] Oavsett om det g\u00e4ller ett charmigt soffbord i vardagsrummet, en skob\u00e4nk i hallen, en mysig b\u00e4nk i sovrummet eller en elegant extra sittplats i din kl\u00e4dkammare, passar denna kl\u00e4dda sittplats perfekt f\u00f6r alla dina behov. Tekniska uppgifter:- F\u00e4rg: B\u00e4nken \u00e4r utrustad med en sittdyna som ocks\u00e5 \u00e4r avsedd att anv\u00e4ndas som sittunderlag: Skogsgr\u00f6n<br \/>\n&#8211; Material: PU (polyuretan) l\u00e4der, plywood, massivt tr\u00e4.- Produktens storlek: 40 x 120 x 45 cm (15,7&#8243; D x 47,2&#8243; B x 17,7&#8243; H). &#8211; Produktens vikt: 13,8 kg (30,4 lb).- Max. statisk belastningskapacitet f\u00f6r sitsen: 300 kg (660 lb)<br \/>\n&#8211; Max. F\u00f6rvaringsfackets statiska belastningskapacitet: 132 lb (60 kg)<br \/>\n&#8211; Volym: 15 gallon (57 l)<br \/>\nF\u00f6rpackningens inneh\u00e5ll:<\/p>\n<p>&#8211; 1 x F\u00f6rvaringsstol<br \/>\n&#8211; 1 x Tillbeh\u00f6rssats<br \/>\n&#8211; 1 x Instruktioner<\/p>\n","protected":false},"excerpt":{"rendered":"<p>[F\u00f6rh\u00f6j ditt utrymme] Upplev kombinationen av syntetiskt l\u00e4der och eleganta s\u00f6mmar i VASAGLE EKHO-kollektionens f\u00f6rvaringspall. Dess mjuka konturer \u00f6kar s\u00e4kerheten, medan de eleganta benen skapar en luftig k\u00e4nsla som balanserar sp\u00e4nning och fyllighet&#8230;[Komfort m\u00f6ter bekv\u00e4mlighet] Stryk handen \u00f6ver det sl\u00e4ta, l\u00e4ttrengjorda \u00f6verdraget och sjunk sedan ner i 6 cm tjock, stabil 25D h\u00f6gresilient skumplast som [&hellip;]<\/p>\n","protected":false},"featured_media":0,"comment_status":"open","ping_status":"closed","template":"","meta":[],"product_brand":[],"product_cat":[33],"product_tag":[],"class_list":{"0":"post-15235","1":"product","2":"type-product","3":"status-publish","5":"product_cat-okategoriserad","7":"first","8":"instock","9":"shipping-taxable","10":"product-type-simple"},"_links":{"self":[{"href":"https:\/\/nordicmart.andreevmaster.com\/sv\/wp-json\/wp\/v2\/product\/15235","targetHints":{"allow":["GET"]}}],"collection":[{"href":"https:\/\/nordicmart.andreevmaster.com\/sv\/wp-json\/wp\/v2\/product"}],"about":[{"href":"https:\/\/nordicmart.andreevmaster.com\/sv\/wp-json\/wp\/v2\/types\/product"}],"replies":[{"embeddable":true,"href":"https:\/\/nordicmart.andreevmaster.com\/sv\/wp-json\/wp\/v2\/comments?post=15235"}],"wp:attachment":[{"href":"https:\/\/nordicmart.andreevmaster.com\/sv\/wp-json\/wp\/v2\/media?parent=15235"}],"wp:term":[{"taxonomy":"product_brand","embeddable":true,"href":"https:\/\/nordicmart.andreevmaster.com\/sv\/wp-json\/wp\/v2\/product_brand?post=15235"},{"taxonomy":"product_cat","embeddable":true,"href":"https:\/\/nordicmart.andreevmaster.com\/sv\/wp-json\/wp\/v2\/product_cat?post=15235"},{"taxonomy":"product_tag","embeddable":true,"href":"https:\/\/nordicmart.andreevmaster.com\/sv\/wp-json\/wp\/v2\/product_tag?post=15235"}],"curies":[{"name":"wp","href":"https:\/\/api.w.org\/{rel}","templated":true}]}}