{"id":15234,"date":"2026-02-27T00:25:27","date_gmt":"2026-02-27T00:25:27","guid":{"rendered":"https:\/\/nordicmart.andreevmaster.com\/product\/ekho-collection-forvaringspuff-bank-for-hall-och-sovrum-15-gallon-syntetiskt-lader-med-somnad-mid-century-modern-sakerhetsgangjarn-tal-660-lb-ink-black-u\/"},"modified":"2026-02-27T08:16:59","modified_gmt":"2026-02-27T08:16:59","slug":"ekho-collection-forvaringspuff-bank-for-hall-och-sovrum-15-gallon-syntetiskt-lader-med-somnad-mid-century-modern-sakerhetsgangjarn-tal-660-lb-ink-black-u","status":"publish","type":"product","link":"https:\/\/nordicmart.andreevmaster.com\/sv\/produkt\/ekho-collection-forvaringspuff-bank-for-hall-och-sovrum-15-gallon-syntetiskt-lader-med-somnad-mid-century-modern-sakerhetsgangjarn-tal-660-lb-ink-black-u\/","title":{"rendered":"EKHO Collection \u2013 F\u00f6rvaringspuff, B\u00e4nk f\u00f6r hall och sovrum, 15 Gallon, syntetiskt l\u00e4der med s\u00f6mnad, Mid-Century Modern, s\u00e4kerhetsg\u00e5ngj\u00e4rn, t\u00e5l 660 lb, Ink Black U"},"content":{"rendered":"<p>[Stil som talar] Denna f\u00f6rvaringspuff tillh\u00f6r VASAGLE EKHO-kollektionen, en m\u00f6belkollektion som f\u00f6renar rikt m\u00f6nstrat konstl\u00e4der med sofistikerad s\u00f6mnad. Den \u00e4r en konkret hyllning till hantverkets konst och hj\u00e4lper till att skapa ett hem som utstr\u00e5lar stil.<\/p>\n<p>[Komfort m\u00f6ter bekv\u00e4mlighet] F\u00f6r handen \u00f6ver den lena, l\u00e4ttreng\u00f6rda kl\u00e4dseln och sjunk sedan ner i det 2,4&#8243; (6 cm) tjocka, stabila 25D-skumgummit som motst\u00e5r deformation. Denna f\u00f6rvaringsb\u00e4nk erbjuder b\u00e5de en mysig sittplats och enkel sk\u00f6tsel.<\/p>\n<p>[Styrka att lita p\u00e5] Med en stomme i massivt tr\u00e4 och stadiga st\u00e5lben \u00e4r denna f\u00f6rvaringsb\u00e4nk byggd f\u00f6r att b\u00e4ra en imponerande vikt p\u00e5 upp till 300 kg (660 lb). Lita p\u00e5 dess styrka och h\u00e5llbarhet n\u00e4r den blir en p\u00e5litlig del av ditt hem.<\/p>\n<p>[Rymlig med s\u00e4kerhetsg\u00e5ngj\u00e4rn] Med en kapacitet p\u00e5 15 gal. (57L) f\u00f6rvarar v\u00e5r puffb\u00e4nk snyggt allt fr\u00e5n filtar och kuddar till kl\u00e4der. Lockets dubbla s\u00e4kerhetsg\u00e5ngj\u00e4rn lovar en smidig, s\u00e4ker funktion och effektiv \u00e5tkomst till dina tillh\u00f6righeter.<\/p>\n<p>[M\u00e5ngsidighet i fokus] Oavsett om det \u00e4r som ett charmigt soffbord i vardagsrummet, en skob\u00e4nk i hallen, en mysig sovrumsb\u00e4nk eller en stilfull extra sittplats i din garderob, anpassar sig denna stoppade sits s\u00f6ml\u00f6st efter alla dina behov.<\/p>\n<p>Produktm\u00e5tt: 15,7 &#8221;D x 47,2&#8221; W x 17,7 &#8221;H&#8221; tum<br \/>\nF\u00e4rg: Svart (Ink Black)<br \/>\nStorlek: 15.7 x 47.2 x 17.7 tum<br \/>\nM\u00f6belfinish: Svart<br \/>\nSk\u00f6tselr\u00e5d: Fuktig trasa<br \/>\nSittkapacitet: 2<\/p>\n","protected":false},"excerpt":{"rendered":"<p>[Stil som talar] Denna f\u00f6rvaringspuff tillh\u00f6r VASAGLE EKHO-kollektionen, en m\u00f6belkollektion som f\u00f6renar rikt m\u00f6nstrat konstl\u00e4der med sofistikerad s\u00f6mnad. Den \u00e4r en konkret hyllning till hantverkets konst och hj\u00e4lper till att skapa ett hem som utstr\u00e5lar stil. [Komfort m\u00f6ter bekv\u00e4mlighet] F\u00f6r handen \u00f6ver den lena, l\u00e4ttreng\u00f6rda kl\u00e4dseln och sjunk sedan ner i det 2,4&#8243; (6 cm) [&hellip;]<\/p>\n","protected":false},"featured_media":0,"comment_status":"open","ping_status":"closed","template":"","meta":[],"product_brand":[],"product_cat":[33],"product_tag":[],"class_list":{"0":"post-15234","1":"product","2":"type-product","3":"status-publish","5":"product_cat-okategoriserad","7":"first","8":"instock","9":"shipping-taxable","10":"product-type-simple"},"_links":{"self":[{"href":"https:\/\/nordicmart.andreevmaster.com\/sv\/wp-json\/wp\/v2\/product\/15234","targetHints":{"allow":["GET"]}}],"collection":[{"href":"https:\/\/nordicmart.andreevmaster.com\/sv\/wp-json\/wp\/v2\/product"}],"about":[{"href":"https:\/\/nordicmart.andreevmaster.com\/sv\/wp-json\/wp\/v2\/types\/product"}],"replies":[{"embeddable":true,"href":"https:\/\/nordicmart.andreevmaster.com\/sv\/wp-json\/wp\/v2\/comments?post=15234"}],"wp:attachment":[{"href":"https:\/\/nordicmart.andreevmaster.com\/sv\/wp-json\/wp\/v2\/media?parent=15234"}],"wp:term":[{"taxonomy":"product_brand","embeddable":true,"href":"https:\/\/nordicmart.andreevmaster.com\/sv\/wp-json\/wp\/v2\/product_brand?post=15234"},{"taxonomy":"product_cat","embeddable":true,"href":"https:\/\/nordicmart.andreevmaster.com\/sv\/wp-json\/wp\/v2\/product_cat?post=15234"},{"taxonomy":"product_tag","embeddable":true,"href":"https:\/\/nordicmart.andreevmaster.com\/sv\/wp-json\/wp\/v2\/product_tag?post=15234"}],"curies":[{"name":"wp","href":"https:\/\/api.w.org\/{rel}","templated":true}]}}