{"id":15232,"date":"2026-02-27T00:25:26","date_gmt":"2026-02-27T00:25:26","guid":{"rendered":"https:\/\/nordicmart.andreevmaster.com\/product\/vasagle-sovrumssoffa-med-en-belastningskapacitet-pa-upp-till-300-kg-skogsgron\/"},"modified":"2026-02-27T08:16:59","modified_gmt":"2026-02-27T08:16:59","slug":"vasagle-sovrumssoffa-med-en-belastningskapacitet-pa-upp-till-300-kg-skogsgron","status":"publish","type":"product","link":"https:\/\/nordicmart.andreevmaster.com\/sv\/produkt\/vasagle-sovrumssoffa-med-en-belastningskapacitet-pa-upp-till-300-kg-skogsgron\/","title":{"rendered":"VASAGLE sovrumssoffa med en belastningskapacitet p\u00e5 upp till 300 kg skogsgr\u00f6n"},"content":{"rendered":"<p>VASAGLE EKHO-kollektion \u2013 sovrumssoffa, konstl\u00e4der, s\u00f6mmar, matsalssoffa, s\u00e4ngsoffa, b\u00e4nk med metallram, vardagsrum, mid-century modern-stil, belastningskapacitet upp till 300 kg, karamellbrun LOM073K01<br \/>\n&#8211; F\u00e4rg: skogsgr\u00f6n<br \/>\n&#8211; Material: st\u00e5l, h\u00f6gelastiskt 25D-skum, PU-konstl\u00e4der (polyuretan), plywood<br \/>\n&#8211; Storlek: 40 x 120 x 45 cm (D x B x H\uff09<br \/>\n&#8211; Vikt: 7,6 kg<br \/>\n&#8211; Max. statisk totalbelastning: 300 kg<\/p>\n","protected":false},"excerpt":{"rendered":"<p>VASAGLE EKHO-kollektion \u2013 sovrumssoffa, konstl\u00e4der, s\u00f6mmar, matsalssoffa, s\u00e4ngsoffa, b\u00e4nk med metallram, vardagsrum, mid-century modern-stil, belastningskapacitet upp till 300 kg, karamellbrun LOM073K01<\/p>\n","protected":false},"featured_media":43080,"comment_status":"open","ping_status":"closed","template":"","meta":[],"product_brand":[],"product_cat":[33],"product_tag":[],"class_list":{"0":"post-15232","1":"product","2":"type-product","3":"status-publish","4":"has-post-thumbnail","6":"product_cat-okategoriserad","8":"first","9":"instock","10":"shipping-taxable","11":"purchasable","12":"product-type-simple"},"_links":{"self":[{"href":"https:\/\/nordicmart.andreevmaster.com\/sv\/wp-json\/wp\/v2\/product\/15232","targetHints":{"allow":["GET"]}}],"collection":[{"href":"https:\/\/nordicmart.andreevmaster.com\/sv\/wp-json\/wp\/v2\/product"}],"about":[{"href":"https:\/\/nordicmart.andreevmaster.com\/sv\/wp-json\/wp\/v2\/types\/product"}],"replies":[{"embeddable":true,"href":"https:\/\/nordicmart.andreevmaster.com\/sv\/wp-json\/wp\/v2\/comments?post=15232"}],"wp:featuredmedia":[{"embeddable":true,"href":"https:\/\/nordicmart.andreevmaster.com\/sv\/wp-json\/wp\/v2\/media\/43080"}],"wp:attachment":[{"href":"https:\/\/nordicmart.andreevmaster.com\/sv\/wp-json\/wp\/v2\/media?parent=15232"}],"wp:term":[{"taxonomy":"product_brand","embeddable":true,"href":"https:\/\/nordicmart.andreevmaster.com\/sv\/wp-json\/wp\/v2\/product_brand?post=15232"},{"taxonomy":"product_cat","embeddable":true,"href":"https:\/\/nordicmart.andreevmaster.com\/sv\/wp-json\/wp\/v2\/product_cat?post=15232"},{"taxonomy":"product_tag","embeddable":true,"href":"https:\/\/nordicmart.andreevmaster.com\/sv\/wp-json\/wp\/v2\/product_tag?post=15232"}],"curies":[{"name":"wp","href":"https:\/\/api.w.org\/{rel}","templated":true}]}}