{"id":15228,"date":"2026-02-27T00:25:25","date_gmt":"2026-02-27T00:25:25","guid":{"rendered":"https:\/\/nordicmart.andreevmaster.com\/product\/songmics-sittpall-med-forvaringsutrymme-och-armstod-skiffergra\/"},"modified":"2026-02-27T08:16:58","modified_gmt":"2026-02-27T08:16:58","slug":"songmics-sittpall-med-forvaringsutrymme-och-armstod-skiffergra","status":"publish","type":"product","link":"https:\/\/nordicmart.andreevmaster.com\/sv\/produkt\/songmics-sittpall-med-forvaringsutrymme-och-armstod-skiffergra\/","title":{"rendered":"SONGMICS sittpall med f\u00f6rvaringsutrymme och armst\u00f6d, skiffergr\u00e5"},"content":{"rendered":"<p>SONGMICS sittpall med f\u00f6rvaringsutrymme, b\u00e4nk med armst\u00f6d, f\u00f6rvaringsl\u00e5da, f\u00f6r vardagsrum, sovrum, hall, st\u00e5lben, duvgr\u00e5 LOM072G02<br \/>\nF\u00e4rg: skiffergr\u00e5<br \/>\nMaterial: Massivt tr\u00e4, st\u00e5l, imiterat linne, h\u00f6gdensitetsfoam<br \/>\nStorlek: 50 x 127 x 55 cm (D x B x H)<br \/>\nVikt: 19 kg<br \/>\nMax. statisk belastningskapacitet: 300 kg<\/p>\n","protected":false},"excerpt":{"rendered":"<p>SONGMICS sittpall med f\u00f6rvaringsutrymme, b\u00e4nk med armst\u00f6d, f\u00f6rvaringsl\u00e5da, f\u00f6r vardagsrum, sovrum, hall, st\u00e5lben, duvgr\u00e5 LOM072G02<\/p>\n","protected":false},"featured_media":43076,"comment_status":"open","ping_status":"closed","template":"","meta":[],"product_brand":[],"product_cat":[33],"product_tag":[],"class_list":{"0":"post-15228","1":"product","2":"type-product","3":"status-publish","4":"has-post-thumbnail","6":"product_cat-okategoriserad","8":"first","9":"instock","10":"shipping-taxable","11":"purchasable","12":"product-type-simple"},"_links":{"self":[{"href":"https:\/\/nordicmart.andreevmaster.com\/sv\/wp-json\/wp\/v2\/product\/15228","targetHints":{"allow":["GET"]}}],"collection":[{"href":"https:\/\/nordicmart.andreevmaster.com\/sv\/wp-json\/wp\/v2\/product"}],"about":[{"href":"https:\/\/nordicmart.andreevmaster.com\/sv\/wp-json\/wp\/v2\/types\/product"}],"replies":[{"embeddable":true,"href":"https:\/\/nordicmart.andreevmaster.com\/sv\/wp-json\/wp\/v2\/comments?post=15228"}],"wp:featuredmedia":[{"embeddable":true,"href":"https:\/\/nordicmart.andreevmaster.com\/sv\/wp-json\/wp\/v2\/media\/43076"}],"wp:attachment":[{"href":"https:\/\/nordicmart.andreevmaster.com\/sv\/wp-json\/wp\/v2\/media?parent=15228"}],"wp:term":[{"taxonomy":"product_brand","embeddable":true,"href":"https:\/\/nordicmart.andreevmaster.com\/sv\/wp-json\/wp\/v2\/product_brand?post=15228"},{"taxonomy":"product_cat","embeddable":true,"href":"https:\/\/nordicmart.andreevmaster.com\/sv\/wp-json\/wp\/v2\/product_cat?post=15228"},{"taxonomy":"product_tag","embeddable":true,"href":"https:\/\/nordicmart.andreevmaster.com\/sv\/wp-json\/wp\/v2\/product_tag?post=15228"}],"curies":[{"name":"wp","href":"https:\/\/api.w.org\/{rel}","templated":true}]}}