{"id":15225,"date":"2026-02-27T00:25:24","date_gmt":"2026-02-27T00:25:24","guid":{"rendered":"https:\/\/nordicmart.andreevmaster.com\/product\/songmics-sittpall-med-forvaringsutrymme-och-knappstickning-morkgra\/"},"modified":"2026-02-27T08:16:58","modified_gmt":"2026-02-27T08:16:58","slug":"songmics-sittpall-med-forvaringsutrymme-och-knappstickning-morkgra","status":"publish","type":"product","link":"https:\/\/nordicmart.andreevmaster.com\/sv\/produkt\/songmics-sittpall-med-forvaringsutrymme-och-knappstickning-morkgra\/","title":{"rendered":"SONGMICS sittpall med f\u00f6rvaringsutrymme och knappstickning m\u00f6rkgr\u00e5"},"content":{"rendered":"<p>SONGMICS sittpall med f\u00f6rvaringsutrymme, uppf\u00e4llbar b\u00e4nk, fotpall med knappstickning, 45 x 118 x 45 cm, g\u00e5ngj\u00e4rn, massiva tr\u00e4ben, kl\u00e4dsel av imiterat linne, belastningskapacitet upp till 150 kg, ljusgr\u00e5 LOM070G02<br \/>\n&#8211; F\u00e4rg: M\u00f6rkgr\u00e5<br \/>\n&#8211; Material: MDF (medeldensitetsfiberplatta), h\u00f6gdensitetsfoam, imiterat linne<br \/>\n&#8211; Storlek: 45 x 118 x 45 cm (D x B x H)<br \/>\n&#8211; Vikt: 15,9 kg<br \/>\n&#8211; Max. statisk belastningskapacitet: 150 kg<br \/>\n&#8211; Kapacitet: 118 liter<\/p>\n","protected":false},"excerpt":{"rendered":"<p>SONGMICS sittpall med f\u00f6rvaringsutrymme, uppf\u00e4llbar b\u00e4nk, fotpall med knappstickning, 45 x 118 x 45 cm, g\u00e5ngj\u00e4rn, massiva tr\u00e4ben, kl\u00e4dsel av imiterat linne, belastningskapacitet upp till 150 kg, ljusgr\u00e5 LOM070G02<\/p>\n","protected":false},"featured_media":43073,"comment_status":"open","ping_status":"closed","template":"","meta":[],"product_brand":[],"product_cat":[33],"product_tag":[],"class_list":{"0":"post-15225","1":"product","2":"type-product","3":"status-publish","4":"has-post-thumbnail","6":"product_cat-okategoriserad","8":"first","9":"instock","10":"shipping-taxable","11":"purchasable","12":"product-type-simple"},"_links":{"self":[{"href":"https:\/\/nordicmart.andreevmaster.com\/sv\/wp-json\/wp\/v2\/product\/15225","targetHints":{"allow":["GET"]}}],"collection":[{"href":"https:\/\/nordicmart.andreevmaster.com\/sv\/wp-json\/wp\/v2\/product"}],"about":[{"href":"https:\/\/nordicmart.andreevmaster.com\/sv\/wp-json\/wp\/v2\/types\/product"}],"replies":[{"embeddable":true,"href":"https:\/\/nordicmart.andreevmaster.com\/sv\/wp-json\/wp\/v2\/comments?post=15225"}],"wp:featuredmedia":[{"embeddable":true,"href":"https:\/\/nordicmart.andreevmaster.com\/sv\/wp-json\/wp\/v2\/media\/43073"}],"wp:attachment":[{"href":"https:\/\/nordicmart.andreevmaster.com\/sv\/wp-json\/wp\/v2\/media?parent=15225"}],"wp:term":[{"taxonomy":"product_brand","embeddable":true,"href":"https:\/\/nordicmart.andreevmaster.com\/sv\/wp-json\/wp\/v2\/product_brand?post=15225"},{"taxonomy":"product_cat","embeddable":true,"href":"https:\/\/nordicmart.andreevmaster.com\/sv\/wp-json\/wp\/v2\/product_cat?post=15225"},{"taxonomy":"product_tag","embeddable":true,"href":"https:\/\/nordicmart.andreevmaster.com\/sv\/wp-json\/wp\/v2\/product_tag?post=15225"}],"curies":[{"name":"wp","href":"https:\/\/api.w.org\/{rel}","templated":true}]}}