{"id":15224,"date":"2026-02-27T00:25:24","date_gmt":"2026-02-27T00:25:24","guid":{"rendered":"https:\/\/nordicmart.andreevmaster.com\/product\/songmics-fotpall-med-forvaringsutrymme\/"},"modified":"2026-02-27T08:16:58","modified_gmt":"2026-02-27T08:16:58","slug":"songmics-fotpall-med-forvaringsutrymme","status":"publish","type":"product","link":"https:\/\/nordicmart.andreevmaster.com\/sv\/produkt\/songmics-fotpall-med-forvaringsutrymme\/","title":{"rendered":"SONGMICS fotpall med f\u00f6rvaringsutrymme"},"content":{"rendered":"<p>SONGMICS rund pall, fotpall med f\u00f6rvaringsutrymme, sminkpall med ben, 45 cm djup, 44,5 cm h\u00f6g, belastningskapacitet upp till 150 kg, f\u00f6r vardagsrum och sovrum, m\u00f6rkgr\u00e5 LOM011G01V1<br \/>\nF\u00e4rg: kr\u00e4mvit<br \/>\nMaterial: MDF (medeldensitetsfiberplatta), sammet, 25D h\u00f6gelastiskt skumplast<br \/>\nStorlek: 45 x 45 x 44,5 cm (D x B x H)<br \/>\nVikt: 6 kg<br \/>\nMax. statisk belastningskapacitet: 150 kg<br \/>\nKapacitet: 42 liter<\/p>\n","protected":false},"excerpt":{"rendered":"<p>SONGMICS rund pall, fotpall med f\u00f6rvaringsutrymme, sminkpall med ben, 45 cm djup, 44,5 cm h\u00f6g, belastningskapacitet upp till 150 kg, f\u00f6r vardagsrum och sovrum, m\u00f6rkgr\u00e5 LOM011G01V1<\/p>\n","protected":false},"featured_media":43072,"comment_status":"open","ping_status":"closed","template":"","meta":[],"product_brand":[],"product_cat":[33],"product_tag":[],"class_list":{"0":"post-15224","1":"product","2":"type-product","3":"status-publish","4":"has-post-thumbnail","6":"product_cat-okategoriserad","8":"first","9":"instock","10":"shipping-taxable","11":"purchasable","12":"product-type-simple"},"_links":{"self":[{"href":"https:\/\/nordicmart.andreevmaster.com\/sv\/wp-json\/wp\/v2\/product\/15224","targetHints":{"allow":["GET"]}}],"collection":[{"href":"https:\/\/nordicmart.andreevmaster.com\/sv\/wp-json\/wp\/v2\/product"}],"about":[{"href":"https:\/\/nordicmart.andreevmaster.com\/sv\/wp-json\/wp\/v2\/types\/product"}],"replies":[{"embeddable":true,"href":"https:\/\/nordicmart.andreevmaster.com\/sv\/wp-json\/wp\/v2\/comments?post=15224"}],"wp:featuredmedia":[{"embeddable":true,"href":"https:\/\/nordicmart.andreevmaster.com\/sv\/wp-json\/wp\/v2\/media\/43072"}],"wp:attachment":[{"href":"https:\/\/nordicmart.andreevmaster.com\/sv\/wp-json\/wp\/v2\/media?parent=15224"}],"wp:term":[{"taxonomy":"product_brand","embeddable":true,"href":"https:\/\/nordicmart.andreevmaster.com\/sv\/wp-json\/wp\/v2\/product_brand?post=15224"},{"taxonomy":"product_cat","embeddable":true,"href":"https:\/\/nordicmart.andreevmaster.com\/sv\/wp-json\/wp\/v2\/product_cat?post=15224"},{"taxonomy":"product_tag","embeddable":true,"href":"https:\/\/nordicmart.andreevmaster.com\/sv\/wp-json\/wp\/v2\/product_tag?post=15224"}],"curies":[{"name":"wp","href":"https:\/\/api.w.org\/{rel}","templated":true}]}}