{"id":15221,"date":"2026-02-27T00:25:23","date_gmt":"2026-02-27T00:25:23","guid":{"rendered":"https:\/\/nordicmart.andreevmaster.com\/product\/vasagle-ekho-kollektion-bank-med-forvaringsutrymme-mid-century-stil-rund-karamellbrun\/"},"modified":"2026-02-27T08:16:57","modified_gmt":"2026-02-27T08:16:57","slug":"vasagle-ekho-kollektion-bank-med-forvaringsutrymme-mid-century-stil-rund-karamellbrun","status":"publish","type":"product","link":"https:\/\/nordicmart.andreevmaster.com\/sv\/produkt\/vasagle-ekho-kollektion-bank-med-forvaringsutrymme-mid-century-stil-rund-karamellbrun\/","title":{"rendered":"VASAGLE EKHO-kollektion \u2013 B\u00e4nk med f\u00f6rvaringsutrymme Mid-Century-stil rund karamellbrun"},"content":{"rendered":"<p>VASAGLE Rund pall Sminkbord Pall Ottoman LOM005C01<br \/>\nF\u00e4rg: Karamellbrun<br \/>\nMaterial: st\u00e5l, h\u00f6gelastiskt 25D-skum, PU-konstl\u00e4der (polyuretan), plywood<br \/>\nStorlek: 38,2 x 44,4 cm (\u00d8 x H\uff09<br \/>\nSitsens storlek: \u00d8 32 cm<br \/>\nVikt: 3,3 kg<br \/>\nMax. statisk totalbelastning: 150 kg<\/p>\n","protected":false},"excerpt":{"rendered":"<p>VASAGLE Rund pall Sminkbord Pall Ottoman LOM005C01<\/p>\n","protected":false},"featured_media":43070,"comment_status":"open","ping_status":"closed","template":"","meta":[],"product_brand":[],"product_cat":[33],"product_tag":[],"class_list":{"0":"post-15221","1":"product","2":"type-product","3":"status-publish","4":"has-post-thumbnail","6":"product_cat-okategoriserad","8":"first","9":"instock","10":"shipping-taxable","11":"purchasable","12":"product-type-simple"},"_links":{"self":[{"href":"https:\/\/nordicmart.andreevmaster.com\/sv\/wp-json\/wp\/v2\/product\/15221","targetHints":{"allow":["GET"]}}],"collection":[{"href":"https:\/\/nordicmart.andreevmaster.com\/sv\/wp-json\/wp\/v2\/product"}],"about":[{"href":"https:\/\/nordicmart.andreevmaster.com\/sv\/wp-json\/wp\/v2\/types\/product"}],"replies":[{"embeddable":true,"href":"https:\/\/nordicmart.andreevmaster.com\/sv\/wp-json\/wp\/v2\/comments?post=15221"}],"wp:featuredmedia":[{"embeddable":true,"href":"https:\/\/nordicmart.andreevmaster.com\/sv\/wp-json\/wp\/v2\/media\/43070"}],"wp:attachment":[{"href":"https:\/\/nordicmart.andreevmaster.com\/sv\/wp-json\/wp\/v2\/media?parent=15221"}],"wp:term":[{"taxonomy":"product_brand","embeddable":true,"href":"https:\/\/nordicmart.andreevmaster.com\/sv\/wp-json\/wp\/v2\/product_brand?post=15221"},{"taxonomy":"product_cat","embeddable":true,"href":"https:\/\/nordicmart.andreevmaster.com\/sv\/wp-json\/wp\/v2\/product_cat?post=15221"},{"taxonomy":"product_tag","embeddable":true,"href":"https:\/\/nordicmart.andreevmaster.com\/sv\/wp-json\/wp\/v2\/product_tag?post=15221"}],"curies":[{"name":"wp","href":"https:\/\/api.w.org\/{rel}","templated":true}]}}