{"id":15220,"date":"2026-02-27T00:25:23","date_gmt":"2026-02-27T00:25:23","guid":{"rendered":"https:\/\/nordicmart.andreevmaster.com\/product\/vasagle-ekho-kollektion-rund-pall-sminkbord-pall-ottoman\/"},"modified":"2026-02-27T08:16:57","modified_gmt":"2026-02-27T08:16:57","slug":"vasagle-ekho-kollektion-rund-pall-sminkbord-pall-ottoman","status":"publish","type":"product","link":"https:\/\/nordicmart.andreevmaster.com\/sv\/produkt\/vasagle-ekho-kollektion-rund-pall-sminkbord-pall-ottoman\/","title":{"rendered":"VASAGLE EKHO-kollektion \u2013 Rund pall Sminkbord Pall Ottoman"},"content":{"rendered":"<p>VASAGLE Rund pall Sminkbord Pall Ottoman LOM005C01<br \/>\n&#8211; F\u00e4rg: skogsgr\u00f6n<br \/>\n&#8211; Material: St\u00e5l, h\u00f6gelastisk 25D-skumplast, PU-konstl\u00e4der (polyuretan), plywood<br \/>\n&#8211; Storlek: 38,2 x 44,4 cm (\u00d8 x H\uff09<br \/>\n&#8211; Storlek p\u00e5 sittytan: \u00d8 32 cm<br \/>\n&#8211; Vikt: 3,3 kg<br \/>\n&#8211; Max. total statisk belastningskapacitet: 150 kg<\/p>\n","protected":false},"excerpt":{"rendered":"<p>VASAGLE Rund pall Sminkbord Pall Ottoman LOM005C01<\/p>\n","protected":false},"featured_media":0,"comment_status":"open","ping_status":"closed","template":"","meta":[],"product_brand":[],"product_cat":[33],"product_tag":[],"class_list":{"0":"post-15220","1":"product","2":"type-product","3":"status-publish","5":"product_cat-okategoriserad","7":"first","8":"instock","9":"shipping-taxable","10":"purchasable","11":"product-type-simple"},"_links":{"self":[{"href":"https:\/\/nordicmart.andreevmaster.com\/sv\/wp-json\/wp\/v2\/product\/15220","targetHints":{"allow":["GET"]}}],"collection":[{"href":"https:\/\/nordicmart.andreevmaster.com\/sv\/wp-json\/wp\/v2\/product"}],"about":[{"href":"https:\/\/nordicmart.andreevmaster.com\/sv\/wp-json\/wp\/v2\/types\/product"}],"replies":[{"embeddable":true,"href":"https:\/\/nordicmart.andreevmaster.com\/sv\/wp-json\/wp\/v2\/comments?post=15220"}],"wp:attachment":[{"href":"https:\/\/nordicmart.andreevmaster.com\/sv\/wp-json\/wp\/v2\/media?parent=15220"}],"wp:term":[{"taxonomy":"product_brand","embeddable":true,"href":"https:\/\/nordicmart.andreevmaster.com\/sv\/wp-json\/wp\/v2\/product_brand?post=15220"},{"taxonomy":"product_cat","embeddable":true,"href":"https:\/\/nordicmart.andreevmaster.com\/sv\/wp-json\/wp\/v2\/product_cat?post=15220"},{"taxonomy":"product_tag","embeddable":true,"href":"https:\/\/nordicmart.andreevmaster.com\/sv\/wp-json\/wp\/v2\/product_tag?post=15220"}],"curies":[{"name":"wp","href":"https:\/\/api.w.org\/{rel}","templated":true}]}}