{"id":15218,"date":"2026-02-27T00:25:23","date_gmt":"2026-02-27T00:25:23","guid":{"rendered":"https:\/\/nordicmart.andreevmaster.com\/product\/songmics-sittpall-med-forvaringsutrymme-och-4-metallben-kramvit\/"},"modified":"2026-02-27T08:16:56","modified_gmt":"2026-02-27T08:16:56","slug":"songmics-sittpall-med-forvaringsutrymme-och-4-metallben-kramvit","status":"publish","type":"product","link":"https:\/\/nordicmart.andreevmaster.com\/sv\/produkt\/songmics-sittpall-med-forvaringsutrymme-och-4-metallben-kramvit\/","title":{"rendered":"SONGMICS sittpall med f\u00f6rvaringsutrymme och 4 metallben kr\u00e4mvit"},"content":{"rendered":"<p>SONGMICS sittpall, pall med f\u00f6rvaringsutrymme, sammetssminkpall, rund sittpall, 39 cm djup, 44,4 cm h\u00f6g, 4 metallben, f\u00f6r omkl\u00e4dningsrum, vardagsrum, sovrum, bl\u00e4ck svart LOM003B01<br \/>\nF\u00e4rg: kr\u00e4mvit<br \/>\nMaterial: Sammet, 25D h\u00f6gelastiskt skum, MDF (medeldensitetsfiberplatta), st\u00e5l<br \/>\nStorlek: 39 cm d, 44,4 cm H<br \/>\nSitsdiameter: 32 cm<br \/>\nVikt: 3,3 kg<br \/>\nMax. statisk belastningskapacitet: 136 kg<\/p>\n","protected":false},"excerpt":{"rendered":"<p>SONGMICS sittpall, pall med f\u00f6rvaringsutrymme, sammetssminkpall, rund sittpall, 39 cm djup, 44,4 cm h\u00f6g, 4 metallben, f\u00f6r omkl\u00e4dningsrum, vardagsrum, sovrum, bl\u00e4ck svart LOM003B01<\/p>\n","protected":false},"featured_media":0,"comment_status":"open","ping_status":"closed","template":"","meta":[],"product_brand":[],"product_cat":[33],"product_tag":[],"class_list":{"0":"post-15218","1":"product","2":"type-product","3":"status-publish","5":"product_cat-okategoriserad","7":"first","8":"instock","9":"shipping-taxable","10":"purchasable","11":"product-type-simple"},"_links":{"self":[{"href":"https:\/\/nordicmart.andreevmaster.com\/sv\/wp-json\/wp\/v2\/product\/15218","targetHints":{"allow":["GET"]}}],"collection":[{"href":"https:\/\/nordicmart.andreevmaster.com\/sv\/wp-json\/wp\/v2\/product"}],"about":[{"href":"https:\/\/nordicmart.andreevmaster.com\/sv\/wp-json\/wp\/v2\/types\/product"}],"replies":[{"embeddable":true,"href":"https:\/\/nordicmart.andreevmaster.com\/sv\/wp-json\/wp\/v2\/comments?post=15218"}],"wp:attachment":[{"href":"https:\/\/nordicmart.andreevmaster.com\/sv\/wp-json\/wp\/v2\/media?parent=15218"}],"wp:term":[{"taxonomy":"product_brand","embeddable":true,"href":"https:\/\/nordicmart.andreevmaster.com\/sv\/wp-json\/wp\/v2\/product_brand?post=15218"},{"taxonomy":"product_cat","embeddable":true,"href":"https:\/\/nordicmart.andreevmaster.com\/sv\/wp-json\/wp\/v2\/product_cat?post=15218"},{"taxonomy":"product_tag","embeddable":true,"href":"https:\/\/nordicmart.andreevmaster.com\/sv\/wp-json\/wp\/v2\/product_tag?post=15218"}],"curies":[{"name":"wp","href":"https:\/\/api.w.org\/{rel}","templated":true}]}}