{"id":15213,"date":"2026-02-27T00:25:22","date_gmt":"2026-02-27T00:25:22","guid":{"rendered":"https:\/\/nordicmart.andreevmaster.com\/product\/songmics-sittpall-med-forvaringsutrymme\/"},"modified":"2026-02-27T08:16:55","modified_gmt":"2026-02-27T08:16:55","slug":"songmics-sittpall-med-forvaringsutrymme","status":"publish","type":"product","link":"https:\/\/nordicmart.andreevmaster.com\/sv\/produkt\/songmics-sittpall-med-forvaringsutrymme\/","title":{"rendered":"SONGMICS sittpall med f\u00f6rvaringsutrymme"},"content":{"rendered":"<p>Pall med f\u00f6rvaringsutrymme \u00d6ppna locket, det inre utrymmet hj\u00e4lper dig att skapa mer ordning genom att f\u00f6rvara sm\u00e5 leksaker, b\u00f6cker, laddningskablar etc. i det. Fotst\u00f6d eller sittpall Du kan placera denna m\u00f6bel bredvid soffan och anv\u00e4nda den som fotst\u00f6d; tack vare den h\u00f6gdensitetsfoam och den h\u00f6ga belastningskapaciteten p\u00e5 130 kg \u00e4r sittpallen bekv\u00e4m och stabil. Sidobord V\u00e4nd p\u00e5 locket f\u00f6r att f\u00f6rvandla pallen till ett sidobord d\u00e4r du kan f\u00f6rvara kaffe, drycker, mobiltelefon eller b\u00f6cker. Produktdetaljer: &#8211; F\u00e4rg: M\u00f6rkgr\u00e5 &#8211; Material: Imitation av linne, skumplast, MDF (medeldensitetsfiberplatta), metall &#8211; Storlek: 31 x 43 cm (\u00d8 x H) &#8211; Vikt: 3 kg &#8211; Max. statisk belastningskapacitet: 130 kg Leveransomfattning: &#8211; 1 x pall &#8211; 1 x instruktioner SONGICs anvisningar: &#8211; Barn f\u00e5r inte kl\u00e4ttra p\u00e5 produkten. &#8211; Anv\u00e4nd inte denna produkt utomhus. &#8211; N\u00e4r du flyttar bordet, lyft det ist\u00e4llet f\u00f6r att dra det \u00f6ver golvet.<\/p>\n","protected":false},"excerpt":{"rendered":"<p>SONGMICS sittpall, rund pall med f\u00f6rvaringsutrymme, f\u00f6rvaringsbox med lock, 9,4 l, fotst\u00f6d, metallben, vadderad sits, f\u00f6r vardagsrum, sovrum, m\u00f6rkgr\u00e5 LOM002G01<\/p>\n","protected":false},"featured_media":43068,"comment_status":"open","ping_status":"closed","template":"","meta":[],"product_brand":[],"product_cat":[33],"product_tag":[],"class_list":{"0":"post-15213","1":"product","2":"type-product","3":"status-publish","4":"has-post-thumbnail","6":"product_cat-okategoriserad","8":"first","9":"instock","10":"shipping-taxable","11":"purchasable","12":"product-type-simple"},"_links":{"self":[{"href":"https:\/\/nordicmart.andreevmaster.com\/sv\/wp-json\/wp\/v2\/product\/15213","targetHints":{"allow":["GET"]}}],"collection":[{"href":"https:\/\/nordicmart.andreevmaster.com\/sv\/wp-json\/wp\/v2\/product"}],"about":[{"href":"https:\/\/nordicmart.andreevmaster.com\/sv\/wp-json\/wp\/v2\/types\/product"}],"replies":[{"embeddable":true,"href":"https:\/\/nordicmart.andreevmaster.com\/sv\/wp-json\/wp\/v2\/comments?post=15213"}],"wp:featuredmedia":[{"embeddable":true,"href":"https:\/\/nordicmart.andreevmaster.com\/sv\/wp-json\/wp\/v2\/media\/43068"}],"wp:attachment":[{"href":"https:\/\/nordicmart.andreevmaster.com\/sv\/wp-json\/wp\/v2\/media?parent=15213"}],"wp:term":[{"taxonomy":"product_brand","embeddable":true,"href":"https:\/\/nordicmart.andreevmaster.com\/sv\/wp-json\/wp\/v2\/product_brand?post=15213"},{"taxonomy":"product_cat","embeddable":true,"href":"https:\/\/nordicmart.andreevmaster.com\/sv\/wp-json\/wp\/v2\/product_cat?post=15213"},{"taxonomy":"product_tag","embeddable":true,"href":"https:\/\/nordicmart.andreevmaster.com\/sv\/wp-json\/wp\/v2\/product_tag?post=15213"}],"curies":[{"name":"wp","href":"https:\/\/api.w.org\/{rel}","templated":true}]}}