{"id":15211,"date":"2026-02-27T00:25:21","date_gmt":"2026-02-27T00:25:21","guid":{"rendered":"https:\/\/nordicmart.andreevmaster.com\/product\/lotta-pinette-sang-90x200-lada-latte\/"},"modified":"2026-02-27T08:16:55","modified_gmt":"2026-02-27T08:16:55","slug":"lotta-pinette-sang-90x200-lada-latte","status":"publish","type":"product","link":"https:\/\/nordicmart.andreevmaster.com\/sv\/produkt\/lotta-pinette-sang-90x200-lada-latte\/","title":{"rendered":"Lotta\/ Pinette s\u00e4ng 90&#215;200 l\u00e5da latte"},"content":{"rendered":"<p>L\u00e5dan \u00e4r perfekt f\u00f6r f\u00f6rvaring av s\u00e4ngkl\u00e4der, men du kan ocks\u00e5 l\u00e4gga en madrass i den s\u00e5 att den fungerar som en extra s\u00e4ng \u2013 en utm\u00e4rkt l\u00f6sning f\u00f6r syskon eller \u00f6vernattande g\u00e4ster. L\u00e5dan \u00e4r l\u00e4tt att dra ut, \u00e4ven f\u00f6r barn. <\/p>\n<p> Viktiga f\u00f6rdelar:<br \/>\n &#8211; passar till s\u00e4ngarna Pinette 90&#215;200 och Lotta 90&#215;200<br \/>\n&#8211; tillverkad i enlighet med europeiska s\u00e4kerhetsstandarder<br \/>\n &#8211; f\u00f6rst\u00e4rkt botten som kan anv\u00e4ndas f\u00f6r f\u00f6rvaring eller som extra s\u00e4ng<br \/>\n &#8211; f\u00f6rsedd med hjul med gummiband som \u00e4r skonsamma mot golvet<br \/>\n &#8211; finns i tv\u00e5 f\u00e4rger: sn\u00f6vit och neutral gr\u00e5. <\/p>\n<p> L\u00e5dans m\u00e5tt (cm):<br \/>\n l\u00e4ngd: 198<br \/>\n bredd: 92<br \/>\n h\u00f6jd: 20<\/p>\n<p> Ytterligare information:<br \/>\n &#8211; l\u00e5dan kan f\u00f6rses med en madrass: 90 x 185. Med en 8 cm h\u00f6g madrass kan l\u00e5dan med madrass och s\u00e4ngkl\u00e4der enkelt skjutas in under s\u00e4ngen<br \/>\n &#8211; maximal belastning p\u00e5 l\u00e5dan 100 kg<\/p>\n<p> M\u00f6beldesign och ytbehandling:<br \/>\n &#8211; m\u00f6blerna \u00e4r tillverkade av h\u00f6gkvalitativ laminerad skiva som \u00e4r motst\u00e5ndskraftig mot skador och fukt och l\u00e4tt att h\u00e5lla ren <\/p>\n<p> F\u00e4rger:<br \/>\n&#8211; latte, matt yta<\/p>\n<p>Bruksanvisning:<br \/>\n M\u00f6blerna ska torkas av med en mjuk bomullsduk fuktad med vatten eller m\u00f6belpolish. <\/p>\n<p>Ytterligare information:<br \/>\n M\u00f6blerna levereras i l\u00e5dor f\u00f6r sj\u00e4lvmontering. L\u00e5dorna inneh\u00e5ller en detaljerad monteringsanvisning samt tillbeh\u00f6r (skruvar etc.).<\/p>\n","protected":false},"excerpt":{"rendered":"<p>L\u00e5dan \u00e4r perfekt f\u00f6r f\u00f6rvaring av s\u00e4ngkl\u00e4der, men du kan ocks\u00e5 l\u00e4gga en madrass i den s\u00e5 att den fungerar som en extra s\u00e4ng \u2013 en utm\u00e4rkt l\u00f6sning f\u00f6r syskon eller \u00f6vernattande g\u00e4ster. L\u00e5dan \u00e4r l\u00e4tt att dra ut, \u00e4ven f\u00f6r barn. Viktiga f\u00f6rdelar: &#8211; passar till s\u00e4ngarna Pinette 90&#215;200 och Lotta 90&#215;200 &#8211; tillverkad [&hellip;]<\/p>\n","protected":false},"featured_media":0,"comment_status":"open","ping_status":"closed","template":"","meta":[],"product_brand":[],"product_cat":[33],"product_tag":[],"class_list":{"0":"post-15211","1":"product","2":"type-product","3":"status-publish","5":"product_cat-okategoriserad","7":"first","8":"instock","9":"shipping-taxable","10":"purchasable","11":"product-type-simple"},"_links":{"self":[{"href":"https:\/\/nordicmart.andreevmaster.com\/sv\/wp-json\/wp\/v2\/product\/15211","targetHints":{"allow":["GET"]}}],"collection":[{"href":"https:\/\/nordicmart.andreevmaster.com\/sv\/wp-json\/wp\/v2\/product"}],"about":[{"href":"https:\/\/nordicmart.andreevmaster.com\/sv\/wp-json\/wp\/v2\/types\/product"}],"replies":[{"embeddable":true,"href":"https:\/\/nordicmart.andreevmaster.com\/sv\/wp-json\/wp\/v2\/comments?post=15211"}],"wp:attachment":[{"href":"https:\/\/nordicmart.andreevmaster.com\/sv\/wp-json\/wp\/v2\/media?parent=15211"}],"wp:term":[{"taxonomy":"product_brand","embeddable":true,"href":"https:\/\/nordicmart.andreevmaster.com\/sv\/wp-json\/wp\/v2\/product_brand?post=15211"},{"taxonomy":"product_cat","embeddable":true,"href":"https:\/\/nordicmart.andreevmaster.com\/sv\/wp-json\/wp\/v2\/product_cat?post=15211"},{"taxonomy":"product_tag","embeddable":true,"href":"https:\/\/nordicmart.andreevmaster.com\/sv\/wp-json\/wp\/v2\/product_tag?post=15211"}],"curies":[{"name":"wp","href":"https:\/\/api.w.org\/{rel}","templated":true}]}}