{"id":15208,"date":"2026-02-27T00:25:20","date_gmt":"2026-02-27T00:25:20","guid":{"rendered":"https:\/\/nordicmart.andreevmaster.com\/product\/lotta-latte-skrivbordsforlangning\/"},"modified":"2026-02-27T08:16:54","modified_gmt":"2026-02-27T08:16:54","slug":"lotta-latte-skrivbordsforlangning","status":"publish","type":"product","link":"https:\/\/nordicmart.andreevmaster.com\/sv\/produkt\/lotta-latte-skrivbordsforlangning\/","title":{"rendered":"Lotta latte skrivbordsf\u00f6rl\u00e4ngning"},"content":{"rendered":"<p>Lotta skrivbordshylla \u00e4r det perfekta tillskottet f\u00f6r alla som vill f\u00f6rb\u00e4ttra komforten, funktionaliteten och estetiken i sin arbetsmilj\u00f6. Oavsett \u00e5lder \u2013 barn, ton\u00e5ringar eller vuxna \u2013 finns det n\u00e5got f\u00f6r alla. \u00a0 Viktiga egenskaper: &#8211; Ergonomi och arbetskomfort: Hj\u00e4lper till att h\u00f6ja sk\u00e4rmen till \u00f6gonh\u00f6jd, vilket avsev\u00e4rt minskar risken f\u00f6r besv\u00e4r i samband med l\u00e5ngvarigt datorarbete, s\u00e5som nack- eller ryggsm\u00e4rtor. Att fr\u00e4mja en korrekt kroppsh\u00e5llning kan ocks\u00e5 minska tr\u00f6tthet, vilket \u00e4r s\u00e4rskilt viktigt f\u00f6r barn och ton\u00e5ringar under studietiden och f\u00f6r vuxna som tillbringar m\u00e5nga timmar vid skrivbordet.- \u00d6kad arbetsyta: Tack vare det extra utrymmet som hyllan ger \u00e4r det l\u00e4ttare att hantera utrymmet p\u00e5 skrivbordet. Det \u00e4r en idealisk l\u00f6sning f\u00f6r sm\u00e5 kontors- eller skoltillbeh\u00f6r som anteckningsb\u00f6cker, pennor eller smartphones, vilket g\u00f6r arbetsytan mer organiserad och funktionell.- Enkel installation och m\u00e5ngsidighet: Lotta-skrivbordshyllan utm\u00e4rker sig inte bara genom sin ergonomi och estetik utan ocks\u00e5 genom sin icke-invasiva installation som inte kr\u00e4ver borrning i skrivbordet, vilket g\u00f6r installationen enkel och snabb utan att l\u00e4mna n\u00e5gra sp\u00e5r efter sig. Den passar alla skrivbordsmodeller i denna serie, vilket garanterar m\u00e5ngsidighet i anv\u00e4ndningen. Dessutom har hyllan ett praktiskt kabelh\u00e5l som underl\u00e4ttar kabelhanteringen och h\u00e5ller ordning p\u00e5 skrivbordet.- Design och estetik: Lotta-skrivbordshyllan har en modern design som passar bra i olika inredningsmilj\u00f6er, fr\u00e5n barnrum och ton\u00e5rsrum till vuxnas hemmakontor. <\/p>\n<p>Material och ytbehandling:<br \/>\n&#8211; Laminerad skiva <\/p>\n<p>M\u00e5tt:<\/p>\n<p>H\u00f6jd: 11,8 cm<br \/>\nDjup: 20 cm<br \/>\nBredd: 120 cm <\/p>\n<p>Tillg\u00e4ngliga f\u00e4rger:<br \/>\n-Sn\u00f6gr\u00e5<br \/>\n-Salvia<br \/>\n-Solnedg\u00e5ng<br \/>\n-Horisonten<br \/>\n-Latte <\/p>\n<p>Sk\u00f6tselr\u00e5d:<br \/>\nM\u00f6blerna b\u00f6r torkas av med en mjuk bomullsduk fuktad med vatten eller ett m\u00f6belv\u00e5rdsmedel f\u00f6r att beh\u00e5lla sin sk\u00f6nhet och h\u00e5llbarhet i m\u00e5nga \u00e5r.<\/p>\n<p>Ytterligare information:<br \/>\nM\u00f6blerna levereras i paket f\u00f6r sj\u00e4lvmontering, med l\u00e4ttf\u00f6rst\u00e5eliga instruktioner och n\u00f6dv\u00e4ndig utrustning.<\/p>\n","protected":false},"excerpt":{"rendered":"<p>Lotta skrivbordshylla \u00e4r det perfekta tillskottet f\u00f6r alla som vill f\u00f6rb\u00e4ttra komforten, funktionaliteten och estetiken i sin arbetsmilj\u00f6. Oavsett \u00e5lder \u2013 barn, ton\u00e5ringar eller vuxna \u2013 finns det n\u00e5got f\u00f6r alla. \u00a0 Viktiga egenskaper: &#8211; Ergonomi och arbetskomfort: Hj\u00e4lper till att h\u00f6ja sk\u00e4rmen till \u00f6gonh\u00f6jd, vilket avsev\u00e4rt minskar risken f\u00f6r besv\u00e4r i samband med l\u00e5ngvarigt [&hellip;]<\/p>\n","protected":false},"featured_media":0,"comment_status":"open","ping_status":"closed","template":"","meta":[],"product_brand":[],"product_cat":[33],"product_tag":[],"class_list":{"0":"post-15208","1":"product","2":"type-product","3":"status-publish","5":"product_cat-okategoriserad","7":"first","8":"instock","9":"shipping-taxable","10":"purchasable","11":"product-type-simple"},"_links":{"self":[{"href":"https:\/\/nordicmart.andreevmaster.com\/sv\/wp-json\/wp\/v2\/product\/15208","targetHints":{"allow":["GET"]}}],"collection":[{"href":"https:\/\/nordicmart.andreevmaster.com\/sv\/wp-json\/wp\/v2\/product"}],"about":[{"href":"https:\/\/nordicmart.andreevmaster.com\/sv\/wp-json\/wp\/v2\/types\/product"}],"replies":[{"embeddable":true,"href":"https:\/\/nordicmart.andreevmaster.com\/sv\/wp-json\/wp\/v2\/comments?post=15208"}],"wp:attachment":[{"href":"https:\/\/nordicmart.andreevmaster.com\/sv\/wp-json\/wp\/v2\/media?parent=15208"}],"wp:term":[{"taxonomy":"product_brand","embeddable":true,"href":"https:\/\/nordicmart.andreevmaster.com\/sv\/wp-json\/wp\/v2\/product_brand?post=15208"},{"taxonomy":"product_cat","embeddable":true,"href":"https:\/\/nordicmart.andreevmaster.com\/sv\/wp-json\/wp\/v2\/product_cat?post=15208"},{"taxonomy":"product_tag","embeddable":true,"href":"https:\/\/nordicmart.andreevmaster.com\/sv\/wp-json\/wp\/v2\/product_tag?post=15208"}],"curies":[{"name":"wp","href":"https:\/\/api.w.org\/{rel}","templated":true}]}}