{"id":15205,"date":"2026-02-27T00:25:20","date_gmt":"2026-02-27T00:25:20","guid":{"rendered":"https:\/\/nordicmart.andreevmaster.com\/product\/lotta-latte-byra\/"},"modified":"2026-02-27T08:16:54","modified_gmt":"2026-02-27T08:16:54","slug":"lotta-latte-byra","status":"publish","type":"product","link":"https:\/\/nordicmart.andreevmaster.com\/sv\/produkt\/lotta-latte-byra\/","title":{"rendered":"Lotta latte byr\u00e5"},"content":{"rendered":"<p>F\u00f6rutom s\u00e4ngen \u00e4r det den n\u00e4st viktigaste m\u00f6beln i barnrummet. Som en del av Lotta-kollektionen vill vi presentera en rymlig byr\u00e5 med tre l\u00e5dor. Den passar perfekt till s\u00e4ngen fr\u00e5n samma kollektion och har samma h\u00f6jd, vilket g\u00f6r att den kan anv\u00e4ndas f\u00f6r f\u00f6rvaring av de mest n\u00f6dv\u00e4ndiga barnaccessoarerna. Byr\u00e5ns ovansida kan utrustas med ett sk\u00f6tbord fr\u00e5n samma kollektion och placeras till h\u00f6ger, till v\u00e4nster eller i mitten av byr\u00e5ns ovansida.<br \/>\nHuvudsakliga f\u00f6rdelar:<br \/>\n&#8211; tre rymliga l\u00e5dor<br \/>\n&#8211; kan utrustas med ett sk\u00f6tbord<br \/>\n&#8211; m\u00f6jlighet att f\u00e4sta p\u00e5 v\u00e4ggen<br \/>\n&#8211; uppfyller europeiska standarder och s\u00e4kerhetskrav<br \/>\nM\u00e5tt (cm):<br \/>\nh\u00f6jd: 91<br \/>\ndjup: 50<br \/>\nbredd: 107<\/p>\n<p>M\u00f6belns utf\u00f6rande och finish:<br \/>\n&#8211; m\u00f6belstommen \u00e4r tillverkad av h\u00f6gkvalitativ sp\u00e5nskiva<br \/>\n&#8211; basen som m\u00f6belstommen vilar p\u00e5 \u00e4r tillverkad av ek, lackerad med f\u00e4rgl\u00f6s barns\u00e4ker f\u00e4rg<br \/>\n&#8211; skenor fr\u00e5n Blum \u00e4r utrustade med ett system som bromsar l\u00e5dornas st\u00e4ngning <\/p>\n<p>F\u00e4rger:<br \/>\n&#8211; M\u00f6belkroppen \u00e4r lattef\u00e4rgad med matt yta<br \/>\n&#8211; Basen \u00e4r tillverkad av ek<\/p>\n<p>Anv\u00e4ndningsanvisning:<br \/>\nM\u00f6blerna ska torkas av med en mjuk bomullsduk fuktad med vatten eller ett m\u00f6belv\u00e5rdsmedel.<\/p>\n<p>Ytterligare information:<br \/>\nM\u00f6blerna levereras i paket, avsedda f\u00f6r sj\u00e4lvmontering. Paketen inneh\u00e5ller detaljerade monteringsanvisningar samt tillbeh\u00f6r (skruvar etc.).<\/p>\n","protected":false},"excerpt":{"rendered":"<p>F\u00f6rutom s\u00e4ngen \u00e4r det den n\u00e4st viktigaste m\u00f6beln i barnrummet. Som en del av Lotta-kollektionen vill vi presentera en rymlig byr\u00e5 med tre l\u00e5dor. Den passar perfekt till s\u00e4ngen fr\u00e5n samma kollektion och har samma h\u00f6jd, vilket g\u00f6r att den kan anv\u00e4ndas f\u00f6r f\u00f6rvaring av de mest n\u00f6dv\u00e4ndiga barnaccessoarerna. Byr\u00e5ns ovansida kan utrustas med ett [&hellip;]<\/p>\n","protected":false},"featured_media":0,"comment_status":"open","ping_status":"closed","template":"","meta":[],"product_brand":[],"product_cat":[33],"product_tag":[],"class_list":{"0":"post-15205","1":"product","2":"type-product","3":"status-publish","5":"product_cat-okategoriserad","7":"first","8":"instock","9":"shipping-taxable","10":"product-type-simple"},"_links":{"self":[{"href":"https:\/\/nordicmart.andreevmaster.com\/sv\/wp-json\/wp\/v2\/product\/15205","targetHints":{"allow":["GET"]}}],"collection":[{"href":"https:\/\/nordicmart.andreevmaster.com\/sv\/wp-json\/wp\/v2\/product"}],"about":[{"href":"https:\/\/nordicmart.andreevmaster.com\/sv\/wp-json\/wp\/v2\/types\/product"}],"replies":[{"embeddable":true,"href":"https:\/\/nordicmart.andreevmaster.com\/sv\/wp-json\/wp\/v2\/comments?post=15205"}],"wp:attachment":[{"href":"https:\/\/nordicmart.andreevmaster.com\/sv\/wp-json\/wp\/v2\/media?parent=15205"}],"wp:term":[{"taxonomy":"product_brand","embeddable":true,"href":"https:\/\/nordicmart.andreevmaster.com\/sv\/wp-json\/wp\/v2\/product_brand?post=15205"},{"taxonomy":"product_cat","embeddable":true,"href":"https:\/\/nordicmart.andreevmaster.com\/sv\/wp-json\/wp\/v2\/product_cat?post=15205"},{"taxonomy":"product_tag","embeddable":true,"href":"https:\/\/nordicmart.andreevmaster.com\/sv\/wp-json\/wp\/v2\/product_tag?post=15205"}],"curies":[{"name":"wp","href":"https:\/\/api.w.org\/{rel}","templated":true}]}}