{"id":15203,"date":"2026-02-27T00:25:19","date_gmt":"2026-02-27T00:25:19","guid":{"rendered":"https:\/\/nordicmart.andreevmaster.com\/product\/lotta-skrivbord-latte\/"},"modified":"2026-02-27T08:16:53","modified_gmt":"2026-02-27T08:16:53","slug":"lotta-skrivbord-latte","status":"publish","type":"product","link":"https:\/\/nordicmart.andreevmaster.com\/sv\/produkt\/lotta-skrivbord-latte\/","title":{"rendered":"Lotta skrivbord latte"},"content":{"rendered":"<p>Skrivbordet har designats med noggrann uppm\u00e4rksamhet p\u00e5 detaljer, med en enkel form som ger ett minimalistiskt utseende. Det har tv\u00e5 rymliga l\u00e5dor, skrivbordsavgr\u00e4nsningar och ett h\u00e5l f\u00f6r kabeldragning, tack vare vilket du kan h\u00e5lla skrivbordet organiserat och undvika kabelkaos.<br \/>\nHuvudsakliga egenskaper och f\u00f6rdelar:<br \/>\n&#8211; 2 rymliga l\u00e5dor med skenor<br \/>\n&#8211; skrivbordsgr\u00e4nser f\u00f6rhindrar att f\u00f6rem\u00e5l p\u00e5 skrivbordet faller ner<br \/>\n&#8211; utrustat med ett h\u00e5l f\u00f6r kabelplacering<br \/>\nM\u00e5tt (cm):<br \/>\nh\u00f6jd: 76<br \/>\nh\u00f6jd p\u00e5 skrivbord med begr\u00e4nsare: 86<br \/>\ndjup: 60,5<br \/>\nbredd: 120,2<\/p>\n<p>M\u00f6belns utf\u00f6rande och finish:<br \/>\n&#8211; M\u00f6belstommen \u00e4r tillverkad av h\u00f6gkvalitativ laminatskiva, som \u00e4r t\u00e5lig mot skador och fukt och l\u00e4tt att h\u00e5lla ren<br \/>\n&#8211; L\u00e5dornas fronter och skrivbordets sidor \u00e4r tillverkade av h\u00f6gkvalitativ laminatskiva som \u00e4r t\u00e5lig mot slitage och fukt, l\u00e4tt att reng\u00f6ra och underh\u00e5lla<br \/>\n&#8211; Basen som m\u00f6belstommen vilar p\u00e5 \u00e4r tillverkad av ek och sp\u00e4nnvajer<\/p>\n<p>F\u00e4rger:<br \/>\n&#8211; skrivbordet \u00e4r latte med matt yta<br \/>\n&#8211; basen (tr\u00e4ben) \u00e4r tillverkad av ek, sp\u00e4nnvajern \u00e4r svart<\/p>\n<p>Anv\u00e4ndningsinstruktioner:<br \/>\nM\u00f6blerna ska torkas av med en mjuk bomullsduk fuktad med vatten eller ett m\u00f6belv\u00e5rdsmedel.<\/p>\n<p>Ytterligare information:<br \/>\nM\u00f6beln levereras i paket, avsedda f\u00f6r sj\u00e4lvmontering. Paketen inneh\u00e5ller detaljerade monteringsanvisningar samt tillbeh\u00f6r (skruvar etc.).<\/p>\n","protected":false},"excerpt":{"rendered":"<p>Skrivbordet har designats med noggrann uppm\u00e4rksamhet p\u00e5 detaljer, med en enkel form som ger ett minimalistiskt utseende. Det har tv\u00e5 rymliga l\u00e5dor, skrivbordsavgr\u00e4nsningar och ett h\u00e5l f\u00f6r kabeldragning, tack vare vilket du kan h\u00e5lla skrivbordet organiserat och undvika kabelkaos. Huvudsakliga egenskaper och f\u00f6rdelar: &#8211; 2 rymliga l\u00e5dor med skenor &#8211; skrivbordsgr\u00e4nser f\u00f6rhindrar att f\u00f6rem\u00e5l p\u00e5 [&hellip;]<\/p>\n","protected":false},"featured_media":0,"comment_status":"open","ping_status":"closed","template":"","meta":[],"product_brand":[],"product_cat":[33],"product_tag":[],"class_list":{"0":"post-15203","1":"product","2":"type-product","3":"status-publish","5":"product_cat-okategoriserad","7":"first","8":"instock","9":"shipping-taxable","10":"purchasable","11":"product-type-simple"},"_links":{"self":[{"href":"https:\/\/nordicmart.andreevmaster.com\/sv\/wp-json\/wp\/v2\/product\/15203","targetHints":{"allow":["GET"]}}],"collection":[{"href":"https:\/\/nordicmart.andreevmaster.com\/sv\/wp-json\/wp\/v2\/product"}],"about":[{"href":"https:\/\/nordicmart.andreevmaster.com\/sv\/wp-json\/wp\/v2\/types\/product"}],"replies":[{"embeddable":true,"href":"https:\/\/nordicmart.andreevmaster.com\/sv\/wp-json\/wp\/v2\/comments?post=15203"}],"wp:attachment":[{"href":"https:\/\/nordicmart.andreevmaster.com\/sv\/wp-json\/wp\/v2\/media?parent=15203"}],"wp:term":[{"taxonomy":"product_brand","embeddable":true,"href":"https:\/\/nordicmart.andreevmaster.com\/sv\/wp-json\/wp\/v2\/product_brand?post=15203"},{"taxonomy":"product_cat","embeddable":true,"href":"https:\/\/nordicmart.andreevmaster.com\/sv\/wp-json\/wp\/v2\/product_cat?post=15203"},{"taxonomy":"product_tag","embeddable":true,"href":"https:\/\/nordicmart.andreevmaster.com\/sv\/wp-json\/wp\/v2\/product_tag?post=15203"}],"curies":[{"name":"wp","href":"https:\/\/api.w.org\/{rel}","templated":true}]}}