{"id":15200,"date":"2026-02-27T00:25:19","date_gmt":"2026-02-27T00:25:19","guid":{"rendered":"https:\/\/nordicmart.andreevmaster.com\/product\/lotta-snogarderob\/"},"modified":"2026-02-27T08:16:53","modified_gmt":"2026-02-27T08:16:53","slug":"lotta-snogarderob","status":"publish","type":"product","link":"https:\/\/nordicmart.andreevmaster.com\/sv\/produkt\/lotta-snogarderob\/","title":{"rendered":"Lotta sn\u00f6garderob"},"content":{"rendered":"<p>Den rymliga garderoben med tv\u00e5 d\u00f6rrar \u00e4r en n\u00f6dv\u00e4ndig del av barnrumsinredningen. Garderoben \u00e4r uppdelad i tv\u00e5 delar: ett stativ f\u00f6r att h\u00e4nga kl\u00e4der och rymliga hyllor. Garderoben levereras komplett med en l\u00e5da som \u00e4r ett frist\u00e5ende element under garderoben.<br \/>\n**Huvudsakliga f\u00f6rdelar:**<br \/>\n&#8211; rymlig l\u00e5da<br \/>\n&#8211; 4 hyllor inuti, varav 3 med m\u00f6jlighet att justera placeringen (v\u00e4nstra delen av garderoben), en hylla som str\u00e4cker sig \u00f6ver hela garderoben; kl\u00e4dst\u00e5ng och under den: en hylla med m\u00f6jlighet att justera placeringen (h\u00f6gra delen av garderoben)<br \/>\n&#8211; m\u00f6jlighet att f\u00e4sta p\u00e5 v\u00e4ggen<br \/>\n&#8211; uppfyller europeiska standarder och s\u00e4kerhetskrav<\/p>\n<p>**M\u00e5tt (cm):**<br \/>\nh\u00f6jd: 203<br \/>\ndjup: 50<br \/>\nbredd: 117<br \/>\n**<br \/>\nM\u00f6belns utf\u00f6rande och finish:**<br \/>\n&#8211; M\u00f6belstommen \u00e4r tillverkad av h\u00f6gkvalitativ laminerad skiva, som \u00e4r t\u00e5lig mot skador och fukt och l\u00e4tt att h\u00e5lla ren<br \/>\n&#8211; Basen som m\u00f6belstommen vilar p\u00e5 \u00e4r tillverkad av ek<br \/>\n&#8211; L\u00e5dskenor fr\u00e5n Blum \u00e4r utrustade med ett system som bromsar l\u00e5dornas st\u00e4ngning<br \/>\n&#8211; Garderobsd\u00f6rrarna \u00f6ppnas med ett &#8221;tryck f\u00f6r att \u00f6ppna&#8221;-system<\/p>\n<p>**F\u00e4rger:**<br \/>\n&#8211; M\u00f6belstommen \u00e4r sn\u00f6vit med matt yta<br \/>\n&#8211; Basen (tr\u00e4ben) \u00e4r tillverkad av ek<\/p>\n<p>**Anv\u00e4ndningsanvisning:**<br \/>\nM\u00f6blerna ska torkas av med en mjuk bomullsduk fuktad med vatten eller ett m\u00f6belv\u00e5rdsmedel.<\/p>\n<p>**Ytterligare information:**<br \/>\nM\u00f6blerna levereras i paket och \u00e4r avsedda f\u00f6r sj\u00e4lvmontering. Paketen inneh\u00e5ller detaljerade monteringsanvisningar samt tillbeh\u00f6r (skruvar etc.).<\/p>\n","protected":false},"excerpt":{"rendered":"<p>Den rymliga garderoben med tv\u00e5 d\u00f6rrar \u00e4r en n\u00f6dv\u00e4ndig del av barnrumsinredningen. Garderoben \u00e4r uppdelad i tv\u00e5 delar: ett stativ f\u00f6r att h\u00e4nga kl\u00e4der och rymliga hyllor. Garderoben levereras komplett med en l\u00e5da som \u00e4r ett frist\u00e5ende element under garderoben. **Huvudsakliga f\u00f6rdelar:** &#8211; rymlig l\u00e5da &#8211; 4 hyllor inuti, varav 3 med m\u00f6jlighet att justera [&hellip;]<\/p>\n","protected":false},"featured_media":0,"comment_status":"open","ping_status":"closed","template":"","meta":[],"product_brand":[],"product_cat":[33],"product_tag":[],"class_list":{"0":"post-15200","1":"product","2":"type-product","3":"status-publish","5":"product_cat-okategoriserad","7":"first","8":"instock","9":"shipping-taxable","10":"purchasable","11":"product-type-simple"},"_links":{"self":[{"href":"https:\/\/nordicmart.andreevmaster.com\/sv\/wp-json\/wp\/v2\/product\/15200","targetHints":{"allow":["GET"]}}],"collection":[{"href":"https:\/\/nordicmart.andreevmaster.com\/sv\/wp-json\/wp\/v2\/product"}],"about":[{"href":"https:\/\/nordicmart.andreevmaster.com\/sv\/wp-json\/wp\/v2\/types\/product"}],"replies":[{"embeddable":true,"href":"https:\/\/nordicmart.andreevmaster.com\/sv\/wp-json\/wp\/v2\/comments?post=15200"}],"wp:attachment":[{"href":"https:\/\/nordicmart.andreevmaster.com\/sv\/wp-json\/wp\/v2\/media?parent=15200"}],"wp:term":[{"taxonomy":"product_brand","embeddable":true,"href":"https:\/\/nordicmart.andreevmaster.com\/sv\/wp-json\/wp\/v2\/product_brand?post=15200"},{"taxonomy":"product_cat","embeddable":true,"href":"https:\/\/nordicmart.andreevmaster.com\/sv\/wp-json\/wp\/v2\/product_cat?post=15200"},{"taxonomy":"product_tag","embeddable":true,"href":"https:\/\/nordicmart.andreevmaster.com\/sv\/wp-json\/wp\/v2\/product_tag?post=15200"}],"curies":[{"name":"wp","href":"https:\/\/api.w.org\/{rel}","templated":true}]}}