{"id":15198,"date":"2026-02-27T00:25:18","date_gmt":"2026-02-27T00:25:18","guid":{"rendered":"https:\/\/nordicmart.andreevmaster.com\/product\/lotta-snolada\/"},"modified":"2026-02-27T08:16:52","modified_gmt":"2026-02-27T08:16:52","slug":"lotta-snolada","status":"publish","type":"product","link":"https:\/\/nordicmart.andreevmaster.com\/sv\/produkt\/lotta-snolada\/","title":{"rendered":"Lotta sn\u00f6l\u00e5da"},"content":{"rendered":"<p>Den \u00e4r ett av de n\u00f6dv\u00e4ndiga inslagen i barnrummet, hj\u00e4lper till att undvika oreda, uppmuntrar barn att respektera sina egna \u00e4godelar och l\u00e4r dem att organisera utrymmet omkring sig. Den har hjul och en rem som g\u00f6r det m\u00f6jligt att transportera l\u00e5dan. Den blir en vacker och anv\u00e4ndbar dekoration i barnrummet.<br \/>\n**Huvudsakliga egenskaper och f\u00f6rdelar:**<br \/>\n&#8211; f\u00f6rvaringskapacitet och r\u00f6rlighet<br \/>\n&#8211; l\u00e4r barnen att h\u00e5lla ordning<br \/>\n&#8211; hjulen har gummid\u00e4ck som f\u00f6rhindrar repor p\u00e5 golvet<\/p>\n<p>**M\u00e5tt (cm):**<br \/>\nh\u00f6jd: 42<br \/>\ndjup: 46,5<br \/>\nbredd: 59<\/p>\n<p>**Utf\u00f6rande och finish:**<br \/>\n&#8211; kistan \u00e4r tillverkad av h\u00f6gkvalitativ laminerad skiva som \u00e4r t\u00e5lig mot skador och fukt och l\u00e4tt att h\u00e5lla ren<br \/>\n&#8211; hjul: bokplywood med gummid\u00e4ck <\/p>\n<p>**F\u00e4rger:**<br \/>\n&#8211; kistan \u00e4r sn\u00f6vit med matt yta<br \/>\n&#8211; hjul: bokplywood med gummid\u00e4ck<\/p>\n<p>**Anv\u00e4ndningsinstruktioner:**<br \/>\nM\u00f6blerna ska torkas av med en mjuk bomullsduk fuktad med vatten eller ett m\u00f6belv\u00e5rdsmedel.<\/p>\n<p>**Ytterligare information:**<br \/>\nM\u00f6blerna levereras i paket och \u00e4r avsedda f\u00f6r sj\u00e4lvmontering. Paketen inneh\u00e5ller detaljerade monteringsanvisningar samt tillbeh\u00f6r (skruvar etc.).<\/p>\n","protected":false},"excerpt":{"rendered":"<p>Den \u00e4r ett av de n\u00f6dv\u00e4ndiga inslagen i barnrummet, hj\u00e4lper till att undvika oreda, uppmuntrar barn att respektera sina egna \u00e4godelar och l\u00e4r dem att organisera utrymmet omkring sig. Den har hjul och en rem som g\u00f6r det m\u00f6jligt att transportera l\u00e5dan. Den blir en vacker och anv\u00e4ndbar dekoration i barnrummet. **Huvudsakliga egenskaper och f\u00f6rdelar:** [&hellip;]<\/p>\n","protected":false},"featured_media":0,"comment_status":"open","ping_status":"closed","template":"","meta":[],"product_brand":[],"product_cat":[33],"product_tag":[],"class_list":{"0":"post-15198","1":"product","2":"type-product","3":"status-publish","5":"product_cat-okategoriserad","7":"first","8":"instock","9":"shipping-taxable","10":"purchasable","11":"product-type-simple"},"_links":{"self":[{"href":"https:\/\/nordicmart.andreevmaster.com\/sv\/wp-json\/wp\/v2\/product\/15198","targetHints":{"allow":["GET"]}}],"collection":[{"href":"https:\/\/nordicmart.andreevmaster.com\/sv\/wp-json\/wp\/v2\/product"}],"about":[{"href":"https:\/\/nordicmart.andreevmaster.com\/sv\/wp-json\/wp\/v2\/types\/product"}],"replies":[{"embeddable":true,"href":"https:\/\/nordicmart.andreevmaster.com\/sv\/wp-json\/wp\/v2\/comments?post=15198"}],"wp:attachment":[{"href":"https:\/\/nordicmart.andreevmaster.com\/sv\/wp-json\/wp\/v2\/media?parent=15198"}],"wp:term":[{"taxonomy":"product_brand","embeddable":true,"href":"https:\/\/nordicmart.andreevmaster.com\/sv\/wp-json\/wp\/v2\/product_brand?post=15198"},{"taxonomy":"product_cat","embeddable":true,"href":"https:\/\/nordicmart.andreevmaster.com\/sv\/wp-json\/wp\/v2\/product_cat?post=15198"},{"taxonomy":"product_tag","embeddable":true,"href":"https:\/\/nordicmart.andreevmaster.com\/sv\/wp-json\/wp\/v2\/product_tag?post=15198"}],"curies":[{"name":"wp","href":"https:\/\/api.w.org\/{rel}","templated":true}]}}