{"id":15195,"date":"2026-02-27T00:25:17","date_gmt":"2026-02-27T00:25:17","guid":{"rendered":"https:\/\/nordicmart.andreevmaster.com\/product\/lotta-snow-nomi-hylla\/"},"modified":"2026-02-27T08:16:52","modified_gmt":"2026-02-27T08:16:52","slug":"lotta-snow-nomi-hylla","status":"publish","type":"product","link":"https:\/\/nordicmart.andreevmaster.com\/sv\/produkt\/lotta-snow-nomi-hylla\/","title":{"rendered":"Lotta snow\/Nomi hylla"},"content":{"rendered":"<p>Hyllan \u00e4r ett mycket viktigt inslag i barnrum och rum f\u00f6r sm\u00e5 barn. N\u00e4r barnet \u00e4r litet kan hyllan h\u00e4ngas inom r\u00e4ckh\u00e5ll, vilket har en positiv inverkan p\u00e5 barnets utveckling, och n\u00e4r barnet v\u00e4xer kan hyllans placering \u00e4ndras. Hyllan visar upp barnens skatter p\u00e5 ett vackert s\u00e4tt och kan \u00e4ven anv\u00e4ndas som bokhylla, med b\u00f6ckerna placerade med framsidan v\u00e4nd mot barnet, utan att man beh\u00f6ver oroa sig f\u00f6r att b\u00f6ckerna ska ramla ner, eftersom hyllan \u00e4r f\u00f6rsedd med en diskret begr\u00e4nsare i ek. Hyllan har \u00e4ven en liten h\u00e4ngare f\u00f6r kl\u00e4der, ryggs\u00e4ckar etc. Genom att kombinera flera hyllor kan man skapa en vacker och funktionell v\u00e4ggdekoration.**Huvudsakliga egenskaper och f\u00f6rdelar:** &#8211; ekbegr\u00e4nsare, avslutad med en liten h\u00e4ngare &#8211; g\u00f6r det m\u00f6jligt att h\u00e4nga och placera f\u00f6rem\u00e5l\/b\u00f6cker\/saker etc. samtidigt &#8211; organiserar utrymmet **M\u00e5tt (cm):** h\u00f6jd: 10 djup: 21,1<br \/>\nbredd: 63,7<\/p>\n<p>**Utf\u00f6rande och finish:**<br \/>\n&#8211; hyllan \u00e4r tillverkad av h\u00f6gkvalitativ laminerad skiva som \u00e4r motst\u00e5ndskraftig mot skador och fukt och l\u00e4tt att h\u00e5lla ren<br \/>\n&#8211; begr\u00e4nsare med h\u00e4ngare: ek som \u00e4r lackad med f\u00e4rgl\u00f6s, barns\u00e4ker f\u00e4rg <\/p>\n<p>**F\u00e4rger:**<br \/>\n&#8211; hyllan \u00e4r sn\u00f6vit med matt yta<br \/>\n&#8211; begr\u00e4nsare med h\u00e4ngare: ek <\/p>\n<p>**Anv\u00e4ndningsinstruktioner:**<br \/>\nM\u00f6blerna ska torkas av med en mjuk bomullsduk fuktad med vatten eller ett m\u00f6belv\u00e5rdsmedel.<\/p>\n<p>**Ytterligare information:**<br \/>\nM\u00f6blerna levereras i paket, avsedda f\u00f6r sj\u00e4lvmontering. Paketen inneh\u00e5ller detaljerade monteringsanvisningar samt tillbeh\u00f6r (skruvar etc.).<\/p>\n","protected":false},"excerpt":{"rendered":"<p>Hyllan \u00e4r ett mycket viktigt inslag i barnrum och rum f\u00f6r sm\u00e5 barn. N\u00e4r barnet \u00e4r litet kan hyllan h\u00e4ngas inom r\u00e4ckh\u00e5ll, vilket har en positiv inverkan p\u00e5 barnets utveckling, och n\u00e4r barnet v\u00e4xer kan hyllans placering \u00e4ndras. Hyllan visar upp barnens skatter p\u00e5 ett vackert s\u00e4tt och kan \u00e4ven anv\u00e4ndas som bokhylla, med b\u00f6ckerna [&hellip;]<\/p>\n","protected":false},"featured_media":0,"comment_status":"open","ping_status":"closed","template":"","meta":[],"product_brand":[],"product_cat":[33],"product_tag":[],"class_list":{"0":"post-15195","1":"product","2":"type-product","3":"status-publish","5":"product_cat-okategoriserad","7":"first","8":"instock","9":"shipping-taxable","10":"purchasable","11":"product-type-simple"},"_links":{"self":[{"href":"https:\/\/nordicmart.andreevmaster.com\/sv\/wp-json\/wp\/v2\/product\/15195","targetHints":{"allow":["GET"]}}],"collection":[{"href":"https:\/\/nordicmart.andreevmaster.com\/sv\/wp-json\/wp\/v2\/product"}],"about":[{"href":"https:\/\/nordicmart.andreevmaster.com\/sv\/wp-json\/wp\/v2\/types\/product"}],"replies":[{"embeddable":true,"href":"https:\/\/nordicmart.andreevmaster.com\/sv\/wp-json\/wp\/v2\/comments?post=15195"}],"wp:attachment":[{"href":"https:\/\/nordicmart.andreevmaster.com\/sv\/wp-json\/wp\/v2\/media?parent=15195"}],"wp:term":[{"taxonomy":"product_brand","embeddable":true,"href":"https:\/\/nordicmart.andreevmaster.com\/sv\/wp-json\/wp\/v2\/product_brand?post=15195"},{"taxonomy":"product_cat","embeddable":true,"href":"https:\/\/nordicmart.andreevmaster.com\/sv\/wp-json\/wp\/v2\/product_cat?post=15195"},{"taxonomy":"product_tag","embeddable":true,"href":"https:\/\/nordicmart.andreevmaster.com\/sv\/wp-json\/wp\/v2\/product_tag?post=15195"}],"curies":[{"name":"wp","href":"https:\/\/api.w.org\/{rel}","templated":true}]}}