{"id":15189,"date":"2026-02-27T00:25:16","date_gmt":"2026-02-27T00:25:16","guid":{"rendered":"https:\/\/nordicmart.andreevmaster.com\/product\/lotta-snow-6-ladig-byra\/"},"modified":"2026-02-27T08:16:51","modified_gmt":"2026-02-27T08:16:51","slug":"lotta-snow-6-ladig-byra","status":"publish","type":"product","link":"https:\/\/nordicmart.andreevmaster.com\/sv\/produkt\/lotta-snow-6-ladig-byra\/","title":{"rendered":"Lotta snow 6-l\u00e5dig byr\u00e5"},"content":{"rendered":"<p>Byr\u00e5n har 6 rymliga l\u00e5dor och \u00e4r perfekt f\u00f6r barnrummet eller f\u00f6r\u00e4ldrarnas sovrum, s\u00e4rskilt eftersom den \u00e4r l\u00e4mplig f\u00f6r montering av en sk\u00f6tbordsenhet. **Viktiga f\u00f6rdelar:<br \/>\n **- sex rymliga l\u00e5dor<br \/>\n &#8211; kan utrustas med en sk\u00f6tbordsenhet till v\u00e4nster, h\u00f6ger eller i mitten<br \/>\n &#8211; kan f\u00e4stas p\u00e5 v\u00e4ggen (rekommenderas)<br \/>\n &#8211; uppfyller europeiska s\u00e4kerhetsstandarder<br \/>\n **<br \/>\n M\u00e5tt (cm):<br \/>\n **h\u00f6jd: 85<br \/>\n djup: 50<br \/>\n bredd: 150 **Ytbehandling och tillverkningsdetaljer:**<br \/>\n &#8211; m\u00f6belns stomme \u00e4r tillverkad av h\u00f6gkvalitativ laminerad skiva &#8211; byr\u00e5ns botten \u00e4r tillverkad av ek<br \/>\n &#8211; Blum-skenor med mjukst\u00e4ngningsmekanism **F\u00e4rger:******- m\u00f6belkroppen \u00e4r sn\u00f6vit med matt yta<br \/>\n &#8211; basen (tr\u00e4ben) \u00e4r tillverkad av ek **Anv\u00e4ndningsanvisningar:<br \/>\n **Torka av s\u00e4ngen med en mjuk bomullsduk fuktad med vatten eller m\u00f6belreng\u00f6ringsmedel. **Ytterligare information:<br \/>\n **M\u00f6blerna levereras i platta paket, avsedda f\u00f6r sj\u00e4lvmontering. Detaljerade monteringsanvisningar och komponenter (skruvar etc.) medf\u00f6ljer.<\/p>\n","protected":false},"excerpt":{"rendered":"<p>Byr\u00e5n har 6 rymliga l\u00e5dor och \u00e4r perfekt f\u00f6r barnrummet eller f\u00f6r\u00e4ldrarnas sovrum, s\u00e4rskilt eftersom den \u00e4r l\u00e4mplig f\u00f6r montering av en sk\u00f6tbordsenhet. **Viktiga f\u00f6rdelar: **- sex rymliga l\u00e5dor &#8211; kan utrustas med en sk\u00f6tbordsenhet till v\u00e4nster, h\u00f6ger eller i mitten &#8211; kan f\u00e4stas p\u00e5 v\u00e4ggen (rekommenderas) &#8211; uppfyller europeiska s\u00e4kerhetsstandarder ** M\u00e5tt (cm): **h\u00f6jd: [&hellip;]<\/p>\n","protected":false},"featured_media":0,"comment_status":"open","ping_status":"closed","template":"","meta":[],"product_brand":[],"product_cat":[33],"product_tag":[],"class_list":{"0":"post-15189","1":"product","2":"type-product","3":"status-publish","5":"product_cat-okategoriserad","7":"first","8":"instock","9":"shipping-taxable","10":"purchasable","11":"product-type-simple"},"_links":{"self":[{"href":"https:\/\/nordicmart.andreevmaster.com\/sv\/wp-json\/wp\/v2\/product\/15189","targetHints":{"allow":["GET"]}}],"collection":[{"href":"https:\/\/nordicmart.andreevmaster.com\/sv\/wp-json\/wp\/v2\/product"}],"about":[{"href":"https:\/\/nordicmart.andreevmaster.com\/sv\/wp-json\/wp\/v2\/types\/product"}],"replies":[{"embeddable":true,"href":"https:\/\/nordicmart.andreevmaster.com\/sv\/wp-json\/wp\/v2\/comments?post=15189"}],"wp:attachment":[{"href":"https:\/\/nordicmart.andreevmaster.com\/sv\/wp-json\/wp\/v2\/media?parent=15189"}],"wp:term":[{"taxonomy":"product_brand","embeddable":true,"href":"https:\/\/nordicmart.andreevmaster.com\/sv\/wp-json\/wp\/v2\/product_brand?post=15189"},{"taxonomy":"product_cat","embeddable":true,"href":"https:\/\/nordicmart.andreevmaster.com\/sv\/wp-json\/wp\/v2\/product_cat?post=15189"},{"taxonomy":"product_tag","embeddable":true,"href":"https:\/\/nordicmart.andreevmaster.com\/sv\/wp-json\/wp\/v2\/product_tag?post=15189"}],"curies":[{"name":"wp","href":"https:\/\/api.w.org\/{rel}","templated":true}]}}