{"id":15188,"date":"2026-02-27T00:25:15","date_gmt":"2026-02-27T00:25:15","guid":{"rendered":"https:\/\/nordicmart.andreevmaster.com\/product\/bellamy-lotta-royal-spjalsangsskena-sno-tidlos-vit\/"},"modified":"2026-02-27T08:16:50","modified_gmt":"2026-02-27T08:16:50","slug":"bellamy-lotta-royal-spjalsangsskena-sno-tidlos-vit","status":"publish","type":"product","link":"https:\/\/nordicmart.andreevmaster.com\/sv\/produkt\/bellamy-lotta-royal-spjalsangsskena-sno-tidlos-vit\/","title":{"rendered":"Bellamy Lotta\/ Royal spj\u00e4ls\u00e4ngsskena sn\u00f6\/ tidl\u00f6s vit"},"content":{"rendered":"<p>Skyddsr\u00e4cke beh\u00f6vs n\u00e4r ditt barn v\u00e4xer upp och spj\u00e4ls\u00e4ngen omvandlas till en s\u00e4ng. Dess syfte \u00e4r att skydda ett sovande barn fr\u00e5n att falla.<br \/>\nSkyddsr\u00e4cket \u00e4r tillverkat av massivt tr\u00e4 m\u00e5lat i sn\u00f6vit f\u00e4rg. Ett skyddsr\u00e4cke ing\u00e5r i Good Night-s\u00e4ngen, men det finns m\u00f6jlighet att k\u00f6pa ett extra.**Varf\u00f6r ska du k\u00f6pa den?** &#8211; Den skyddar barnet fr\u00e5n att falla ur s\u00e4ngen efter att spj\u00e4ls\u00e4ngen har omvandlats till en s\u00e4ng. &#8211; Skenan kan monteras p\u00e5 h\u00f6ger eller v\u00e4nster sida av s\u00e4ngen. <\/p>\n<p>M\u00e5tt (cm):<br \/>\nl\u00e4ngd: 47<br \/>\nh\u00f6jd: 29<br \/>\ndjup: 2 Anv\u00e4ndningsanvisning:<br \/>\nM\u00f6blerna ska torkas av med en mjuk bomullsduk fuktad med vatten eller ett m\u00f6belv\u00e5rdsmedel.<\/p>\n<p>Ytterligare information:<br \/>\nM\u00f6blerna levereras i paket, avsedda f\u00f6r sj\u00e4lvmontering. Paketen inneh\u00e5ller detaljerade monteringsanvisningar samt tillbeh\u00f6r (skruvar etc.).<\/p>\n","protected":false},"excerpt":{"rendered":"<p>Skyddsr\u00e4cke beh\u00f6vs n\u00e4r ditt barn v\u00e4xer upp och spj\u00e4ls\u00e4ngen omvandlas till en s\u00e4ng. Dess syfte \u00e4r att skydda ett sovande barn fr\u00e5n att falla. Skyddsr\u00e4cket \u00e4r tillverkat av massivt tr\u00e4 m\u00e5lat i sn\u00f6vit f\u00e4rg. Ett skyddsr\u00e4cke ing\u00e5r i Good Night-s\u00e4ngen, men det finns m\u00f6jlighet att k\u00f6pa ett extra.**Varf\u00f6r ska du k\u00f6pa den?** &#8211; Den skyddar [&hellip;]<\/p>\n","protected":false},"featured_media":0,"comment_status":"open","ping_status":"closed","template":"","meta":[],"product_brand":[],"product_cat":[33],"product_tag":[],"class_list":{"0":"post-15188","1":"product","2":"type-product","3":"status-publish","5":"product_cat-okategoriserad","7":"first","8":"instock","9":"shipping-taxable","10":"purchasable","11":"product-type-simple"},"_links":{"self":[{"href":"https:\/\/nordicmart.andreevmaster.com\/sv\/wp-json\/wp\/v2\/product\/15188","targetHints":{"allow":["GET"]}}],"collection":[{"href":"https:\/\/nordicmart.andreevmaster.com\/sv\/wp-json\/wp\/v2\/product"}],"about":[{"href":"https:\/\/nordicmart.andreevmaster.com\/sv\/wp-json\/wp\/v2\/types\/product"}],"replies":[{"embeddable":true,"href":"https:\/\/nordicmart.andreevmaster.com\/sv\/wp-json\/wp\/v2\/comments?post=15188"}],"wp:attachment":[{"href":"https:\/\/nordicmart.andreevmaster.com\/sv\/wp-json\/wp\/v2\/media?parent=15188"}],"wp:term":[{"taxonomy":"product_brand","embeddable":true,"href":"https:\/\/nordicmart.andreevmaster.com\/sv\/wp-json\/wp\/v2\/product_brand?post=15188"},{"taxonomy":"product_cat","embeddable":true,"href":"https:\/\/nordicmart.andreevmaster.com\/sv\/wp-json\/wp\/v2\/product_cat?post=15188"},{"taxonomy":"product_tag","embeddable":true,"href":"https:\/\/nordicmart.andreevmaster.com\/sv\/wp-json\/wp\/v2\/product_tag?post=15188"}],"curies":[{"name":"wp","href":"https:\/\/api.w.org\/{rel}","templated":true}]}}