{"id":15177,"date":"2026-02-27T00:25:13","date_gmt":"2026-02-27T00:25:13","guid":{"rendered":"https:\/\/nordicmart.andreevmaster.com\/product\/vasagle-konsolbord-i-industriell-stil-med-fack\/"},"modified":"2026-02-27T08:16:48","modified_gmt":"2026-02-27T08:16:48","slug":"vasagle-konsolbord-i-industriell-stil-med-fack","status":"publish","type":"product","link":"https:\/\/nordicmart.andreevmaster.com\/sv\/produkt\/vasagle-konsolbord-i-industriell-stil-med-fack\/","title":{"rendered":"VASAGLE konsolbord i industriell stil med fack"},"content":{"rendered":"<p>VASAGLE \u2013 st\u00e5r f\u00f6r en fantasifull kombination av funktionalitet, t\u00e5lighet och stilfulla vintage-design. Om du vill ge dina rum en individuell touch och en antik pr\u00e4gel kan du uppn\u00e5 imponerande effekter med denna m\u00f6belserie. Smalt bord, stor effekt Det eleganta vintage-designen p\u00e5 detta hallbord och dess graci\u00f6sa m\u00e5tt p\u00e5 100 x 80 x 35 cm (B x H x D) g\u00f6r att m\u00f6beln passar bra i alla entr\u00e9er. Anv\u00e4nd bordsskivan i tr\u00e4optik, det \u00f6ppna facket och metallgallret f\u00f6r att till exempel l\u00e4gga dina glas\u00f6gon, st\u00e4lla en lampa och blommor eller f\u00f6rvara dina skor snyggt. Eller saknar du kanske ett charmigt konsolbord f\u00f6r dina smycken i sovrummet och en yta f\u00f6r dina favoritdekorationer i vardagsrummet? Oavsett vilka planer du har kan du enkelt f\u00f6rverkliga dina inredningsid\u00e9er med vintage-m\u00f6blerna fr\u00e5n VASAGLE! Produktdetaljer: &#8211; F\u00e4rg: Vintagebrun-svart &#8211; Material: Sp\u00e5nskiva, st\u00e5l &#8211; M\u00e5tt: 100 x 80 x 35 cm (B x H x D) &#8211; Vikt: 16,1 kg &#8211; Max. belastbarhet f\u00f6r bordsskivan: 30 kg &#8211; Max. belastbarhet f\u00f6r gallerhyllan: 10 kg Leveransomfattning: &#8211; 1 x konsolbord &#8211; 1 x tillbeh\u00f6rsp\u00e5se &#8211; 1 x bruksanvisning (DE, EN, FR, ES, IT) VASAGLE Anm\u00e4rkningar: &#8211; Produkten \u00e4r endast avsedd f\u00f6r inomhusbruk. St\u00e4ll det i en torr milj\u00f6. &#8211; Den maximala belastningskapaciteten f\u00f6r bordsskivan \u00e4r 30 kg och f\u00f6r gallerhyllan 10 kg. Placera inte tyngre f\u00f6rem\u00e5l p\u00e5 dessa.<\/p>\n","protected":false},"excerpt":{"rendered":"<p>VASAGLE Konsolbord, hallbord, stabil konsol, sideboard med gallerhylla och \u00f6ppet fack, enkel montering, entr\u00e9, vardagsrum, industriell design, vintagebrun-svart LNT93X<\/p>\n","protected":false},"featured_media":43058,"comment_status":"open","ping_status":"closed","template":"","meta":[],"product_brand":[],"product_cat":[33],"product_tag":[],"class_list":{"0":"post-15177","1":"product","2":"type-product","3":"status-publish","4":"has-post-thumbnail","6":"product_cat-okategoriserad","8":"first","9":"instock","10":"shipping-taxable","11":"purchasable","12":"product-type-simple"},"_links":{"self":[{"href":"https:\/\/nordicmart.andreevmaster.com\/sv\/wp-json\/wp\/v2\/product\/15177","targetHints":{"allow":["GET"]}}],"collection":[{"href":"https:\/\/nordicmart.andreevmaster.com\/sv\/wp-json\/wp\/v2\/product"}],"about":[{"href":"https:\/\/nordicmart.andreevmaster.com\/sv\/wp-json\/wp\/v2\/types\/product"}],"replies":[{"embeddable":true,"href":"https:\/\/nordicmart.andreevmaster.com\/sv\/wp-json\/wp\/v2\/comments?post=15177"}],"wp:featuredmedia":[{"embeddable":true,"href":"https:\/\/nordicmart.andreevmaster.com\/sv\/wp-json\/wp\/v2\/media\/43058"}],"wp:attachment":[{"href":"https:\/\/nordicmart.andreevmaster.com\/sv\/wp-json\/wp\/v2\/media?parent=15177"}],"wp:term":[{"taxonomy":"product_brand","embeddable":true,"href":"https:\/\/nordicmart.andreevmaster.com\/sv\/wp-json\/wp\/v2\/product_brand?post=15177"},{"taxonomy":"product_cat","embeddable":true,"href":"https:\/\/nordicmart.andreevmaster.com\/sv\/wp-json\/wp\/v2\/product_cat?post=15177"},{"taxonomy":"product_tag","embeddable":true,"href":"https:\/\/nordicmart.andreevmaster.com\/sv\/wp-json\/wp\/v2\/product_tag?post=15177"}],"curies":[{"name":"wp","href":"https:\/\/api.w.org\/{rel}","templated":true}]}}