{"id":15175,"date":"2026-02-27T00:25:12","date_gmt":"2026-02-27T00:25:12","guid":{"rendered":"https:\/\/nordicmart.andreevmaster.com\/product\/vasagle-konsolbord-i-industriell-stil-med-3-hyllplan\/"},"modified":"2026-02-27T08:16:48","modified_gmt":"2026-02-27T08:16:48","slug":"vasagle-konsolbord-i-industriell-stil-med-3-hyllplan","status":"publish","type":"product","link":"https:\/\/nordicmart.andreevmaster.com\/sv\/produkt\/vasagle-konsolbord-i-industriell-stil-med-3-hyllplan\/","title":{"rendered":"VASAGLE konsolbord i industriell stil med 3 hyllplan"},"content":{"rendered":"<p>Lite vintage h\u00e4r, lite industriell design d\u00e4r Stilen p\u00e5 detta hallbord kan beskrivas som en komposition av ett j\u00e4rnstativ med den trendiga industriella looken och en precist bearbetad vintageplatta av tr\u00e4material. De praktiska gallerhyllorna av j\u00e4rn ger dessutom en helt speciell touch. Redo f\u00f6r stor anv\u00e4ndning M\u00f6beln, som m\u00e4ter 101,5 x 35 x 80 cm (L x B x H) och har en yta som t\u00e5l en belastning p\u00e5 20 kg, l\u00e4mpar sig f\u00f6r f\u00f6ljande anv\u00e4ndningsomr\u00e5den: &#8211; Vardagsrum: H\u00e4r erbjuder detta smala konsolbord lite extra f\u00f6rvaringsutrymme bredvid soffan, till exempel f\u00f6r en fruktsk\u00e5l eller sm\u00e5 dekorativa f\u00f6rem\u00e5l. Eller st\u00e4ll en kruka med kl\u00e4tterv\u00e4xt och fotoramar p\u00e5 den sl\u00e4ta vintageytan. &#8211; Hall: Denna m\u00e5ngsidiga m\u00f6bel kan ocks\u00e5 anv\u00e4ndas i entr\u00e9n som nyckelhylla eller som ett praktiskt telefonbord. P\u00e5 de tv\u00e5 gallerhyllorna kan dessutom m\u00e5nga par skor placeras snyggt bredvid varandra. Det smala soffbordet kan f\u00f6r \u00f6vrigt kombineras utm\u00e4rkt med andra m\u00f6bler i VASAGLE:s industriella designserie! Produktdetaljer: &#8211; F\u00e4rg: Vintagebrun-svart &#8211; Material: Sp\u00e5nskiva, st\u00e5l &#8211; Storlek: 101,5 x 35 x 80 cm (L x B x H) &#8211; Vikt: 13,2 kg &#8211; Max. belastbarhet yta: 20 kg &#8211; Max. belastbarhet per gallerhylla: 20 kg Leveransomfattning: &#8211; 1 x konsolbord &#8211; 1 x beh\u00e5llare med tillbeh\u00f6r &#8211; 1 x insexnyckel &#8211; 1 x bruksanvisning (DE, EN, FR, ES, IT) VASAGLE Anm\u00e4rkningar: &#8211; Placera denna produkt p\u00e5 en sval, torr plats. &#8211; Den maximala belastningskapaciteten f\u00f6r ytan \u00e4r 20 kg. Placera inte tyngre f\u00f6rem\u00e5l p\u00e5 bordet.<\/p>\n","protected":false},"excerpt":{"rendered":"<p>VASAGLE Konsolbord, hallbord med 2 gallerhyllor, sidobord, sideboard, vardagsrum, hall, 101,5 x 35 x 80 cm, smalt, industriell design, vintagebrun-svart LNT81BX<\/p>\n","protected":false},"featured_media":0,"comment_status":"open","ping_status":"closed","template":"","meta":[],"product_brand":[],"product_cat":[33],"product_tag":[],"class_list":{"0":"post-15175","1":"product","2":"type-product","3":"status-publish","5":"product_cat-okategoriserad","7":"first","8":"instock","9":"shipping-taxable","10":"purchasable","11":"product-type-simple"},"_links":{"self":[{"href":"https:\/\/nordicmart.andreevmaster.com\/sv\/wp-json\/wp\/v2\/product\/15175","targetHints":{"allow":["GET"]}}],"collection":[{"href":"https:\/\/nordicmart.andreevmaster.com\/sv\/wp-json\/wp\/v2\/product"}],"about":[{"href":"https:\/\/nordicmart.andreevmaster.com\/sv\/wp-json\/wp\/v2\/types\/product"}],"replies":[{"embeddable":true,"href":"https:\/\/nordicmart.andreevmaster.com\/sv\/wp-json\/wp\/v2\/comments?post=15175"}],"wp:attachment":[{"href":"https:\/\/nordicmart.andreevmaster.com\/sv\/wp-json\/wp\/v2\/media?parent=15175"}],"wp:term":[{"taxonomy":"product_brand","embeddable":true,"href":"https:\/\/nordicmart.andreevmaster.com\/sv\/wp-json\/wp\/v2\/product_brand?post=15175"},{"taxonomy":"product_cat","embeddable":true,"href":"https:\/\/nordicmart.andreevmaster.com\/sv\/wp-json\/wp\/v2\/product_cat?post=15175"},{"taxonomy":"product_tag","embeddable":true,"href":"https:\/\/nordicmart.andreevmaster.com\/sv\/wp-json\/wp\/v2\/product_tag?post=15175"}],"curies":[{"name":"wp","href":"https:\/\/api.w.org\/{rel}","templated":true}]}}