{"id":15173,"date":"2026-02-27T00:25:12","date_gmt":"2026-02-27T00:25:12","guid":{"rendered":"https:\/\/nordicmart.andreevmaster.com\/product\/vasagle-sidobord-i-industriell-stil-med-bojd-kant\/"},"modified":"2026-02-27T08:16:47","modified_gmt":"2026-02-27T08:16:47","slug":"vasagle-sidobord-i-industriell-stil-med-bojd-kant","status":"publish","type":"product","link":"https:\/\/nordicmart.andreevmaster.com\/sv\/produkt\/vasagle-sidobord-i-industriell-stil-med-bojd-kant\/","title":{"rendered":"VASAGLE sidobord i industriell stil med b\u00f6jd kant"},"content":{"rendered":"<p>Oavsett om du beh\u00f6ver en perfekt plats f\u00f6r din morgonkaffe eller en bekv\u00e4m avst\u00e4llningsplats bredvid soffan, s\u00e5 ser detta sidobord i industriell design alltid bra ut med sina sneda h\u00f6rn och 3 hyllor. &#8211; Den varma vintagef\u00e4rgen tillsammans med det matt svarta j\u00e4rnst\u00e4llet skapar en subtil industriell look som passar in i alla rum. &#8211; Sidobordets 3 hyllplan ger gott om f\u00f6rvaringsutrymme f\u00f6r alla f\u00f6rem\u00e5l som du vill ha n\u00e4ra till hands. Med m\u00e5tten 36 x 59,2 x 59,2 cm passar det platsbesparande m\u00f6belstycket dessutom perfekt i tr\u00e5nga nischer och smala h\u00f6rn. &#8211; Det svarta j\u00e4rnst\u00e4llet och bordsskivorna av tr\u00e4material ger sidobordet tillr\u00e4cklig styrka f\u00f6r att kunna b\u00e4ra m\u00e5nga f\u00f6rem\u00e5l. Den \u00f6vre vintageplattan t\u00e5l en belastning p\u00e5 upp till 20 kg, den mellersta niv\u00e5n 10 kg och gallerhyllan 20 kg (max. statisk belastningskapacitet). &#8211; Justerbara f\u00f6tter kompenserar f\u00f6r oj\u00e4mnheter i golvet s\u00e5 att f\u00f6rem\u00e5l som st\u00e5r p\u00e5 nattduksbordet inte kan glida ner. VASAGLE st\u00e5r f\u00f6r den perfekta blandningen av stil, kvalitet och funktionalitet. V\u00e4ck din inre dekorat\u00f6r med v\u00e5ra kreativa designs! Produktdetaljer: &#8211; F\u00e4rg: Vintage &#8211; Material: Sp\u00e5nskiva, j\u00e4rn &#8211; Storlek: 36 x 59,2 x 59,2 cm (L x B x H) &#8211; Vikt: 7,5 kg &#8211; Max. statisk belastningskapacitet: Yta: 20 kg Mellanhylla: 10 kg Nedre hylla: 20 kg Leveransomfattning: &#8211; 1 x sidobord &#8211; 1 x beh\u00e5llare med tillbeh\u00f6r (monteringsverktyg ing\u00e5r) &#8211; 1 x bruksanvisning (DE, EN, FR, ES, IT) VASAGLE Anm\u00e4rkningar: &#8211; Uts\u00e4tt inte produkten f\u00f6r direkt solljus under l\u00e4ngre tid och anv\u00e4nd den inte i fuktiga milj\u00f6er.<\/p>\n","protected":false},"excerpt":{"rendered":"<p>VASAGLE sidobord i industriell design, soffbord med 2 hyllor och gallerhylla, soffbord f\u00f6r vardagsrummet, nattduksbord f\u00f6r sovrummet, enkel montering, stabilt, vintage, tr\u00e4look LNT58BX<\/p>\n","protected":false},"featured_media":43056,"comment_status":"open","ping_status":"closed","template":"","meta":[],"product_brand":[],"product_cat":[33],"product_tag":[],"class_list":{"0":"post-15173","1":"product","2":"type-product","3":"status-publish","4":"has-post-thumbnail","6":"product_cat-okategoriserad","8":"first","9":"instock","10":"shipping-taxable","11":"purchasable","12":"product-type-simple"},"_links":{"self":[{"href":"https:\/\/nordicmart.andreevmaster.com\/sv\/wp-json\/wp\/v2\/product\/15173","targetHints":{"allow":["GET"]}}],"collection":[{"href":"https:\/\/nordicmart.andreevmaster.com\/sv\/wp-json\/wp\/v2\/product"}],"about":[{"href":"https:\/\/nordicmart.andreevmaster.com\/sv\/wp-json\/wp\/v2\/types\/product"}],"replies":[{"embeddable":true,"href":"https:\/\/nordicmart.andreevmaster.com\/sv\/wp-json\/wp\/v2\/comments?post=15173"}],"wp:featuredmedia":[{"embeddable":true,"href":"https:\/\/nordicmart.andreevmaster.com\/sv\/wp-json\/wp\/v2\/media\/43056"}],"wp:attachment":[{"href":"https:\/\/nordicmart.andreevmaster.com\/sv\/wp-json\/wp\/v2\/media?parent=15173"}],"wp:term":[{"taxonomy":"product_brand","embeddable":true,"href":"https:\/\/nordicmart.andreevmaster.com\/sv\/wp-json\/wp\/v2\/product_brand?post=15173"},{"taxonomy":"product_cat","embeddable":true,"href":"https:\/\/nordicmart.andreevmaster.com\/sv\/wp-json\/wp\/v2\/product_cat?post=15173"},{"taxonomy":"product_tag","embeddable":true,"href":"https:\/\/nordicmart.andreevmaster.com\/sv\/wp-json\/wp\/v2\/product_tag?post=15173"}],"curies":[{"name":"wp","href":"https:\/\/api.w.org\/{rel}","templated":true}]}}