{"id":15170,"date":"2026-02-27T00:25:11","date_gmt":"2026-02-27T00:25:11","guid":{"rendered":"https:\/\/nordicmart.andreevmaster.com\/product\/vasagle-serveringsbord-i-industriell-design-pa-hjul\/"},"modified":"2026-02-27T08:16:47","modified_gmt":"2026-02-27T08:16:47","slug":"vasagle-serveringsbord-i-industriell-design-pa-hjul","status":"publish","type":"product","link":"https:\/\/nordicmart.andreevmaster.com\/sv\/produkt\/vasagle-serveringsbord-i-industriell-design-pa-hjul\/","title":{"rendered":"VASAGLE serveringsbord i industriell design p\u00e5 hjul"},"content":{"rendered":"<p>VASAGLE \u2013 st\u00e5r f\u00f6r en fantasifull kombination av funktionalitet, t\u00e5lighet och stilfulla vintage-design. Om du vill ge dina rum en individuell touch och en antik pr\u00e4gel kan du uppn\u00e5 imponerande effekter med denna m\u00f6belserie. Vintage sidobord med st\u00e5linslag Detta soffbord p\u00e5 hjul \u00e4r inte bara ett riktigt tillskott f\u00f6r \u00e4lskare av den romantiska vintage-stilen. \u00c4ven fans av den trendiga industridesignen kan f\u00f6rsk\u00f6na sin bostad med denna m\u00f6bel, eftersom stativet \u00e4r tillverkat av matt svart st\u00e5l.  Titta bakom fasaden En m\u00f6bel har dock ingen nytta av sitt vackra utseende om den saknar funktionalitet. D\u00e4rf\u00f6r \u00e4r bordsskivan tillverkad av sp\u00e5nskiva med en belastningskapacitet p\u00e5 upp till 25 kg. Dessutom har v\u00e5rt sidobord fyra l\u00e4ttrullade hjul som g\u00f6r att du kan skjuta in m\u00f6beln under soffan eller s\u00e4ngen. S\u00e5 har du alltid kaffe, tidningen eller fj\u00e4rrkontrollen inom r\u00e4ckh\u00e5ll. Eller varf\u00f6r inte sk\u00e4mma bort din \u00e4lskade med en l\u00e4cker frukost p\u00e5 s\u00e4ngen? Komplettera din inredning med vintage-m\u00f6bler fr\u00e5n VASAGLE! Produktdetaljer: &#8211; F\u00e4rg: Vintagebrun-svart &#8211; Material: Sp\u00e5nskiva, st\u00e5lstativ, metallhjul &#8211; Produktm\u00e5tt: 50 x 55 x 35 cm (B x H x D) &#8211; Vikt: 5,5 kg &#8211; Belastbarhet: 25 kg Leveransomfattning: &#8211; 1 x sidobord &#8211; 1 x bruksanvisning (DE, EN, FR, ES, IT) &#8211; 1 x tillbeh\u00f6rsset VASAGLE Anm\u00e4rkningar: &#8211; Avst\u00e5ndet mellan st\u00e4llet och golvet \u00e4r 7 cm. Soffan m\u00e5ste d\u00e4rf\u00f6r vara h\u00f6gre \u00e4n 7 cm i den nedre delen f\u00f6r att sidobordet ska kunna skjutas in under den.  &#8211; Skydda bordet fr\u00e5n direkt solljus, fukt och vatten. Undvik generellt all kontakt med vassa f\u00f6rem\u00e5l.<\/p>\n","protected":false},"excerpt":{"rendered":"<p>VASAGLE sidobord, soffbord, kaffebord, vardagsrumsbord p\u00e5 hjul, serveringsvagn, laptopsbord, enkel montering, stabilt, med metallstativ, industridesign, vintagebrun-svart LNT50X<\/p>\n","protected":false},"featured_media":43053,"comment_status":"open","ping_status":"closed","template":"","meta":[],"product_brand":[],"product_cat":[33],"product_tag":[],"class_list":{"0":"post-15170","1":"product","2":"type-product","3":"status-publish","4":"has-post-thumbnail","6":"product_cat-okategoriserad","8":"first","9":"instock","10":"shipping-taxable","11":"purchasable","12":"product-type-simple"},"_links":{"self":[{"href":"https:\/\/nordicmart.andreevmaster.com\/sv\/wp-json\/wp\/v2\/product\/15170","targetHints":{"allow":["GET"]}}],"collection":[{"href":"https:\/\/nordicmart.andreevmaster.com\/sv\/wp-json\/wp\/v2\/product"}],"about":[{"href":"https:\/\/nordicmart.andreevmaster.com\/sv\/wp-json\/wp\/v2\/types\/product"}],"replies":[{"embeddable":true,"href":"https:\/\/nordicmart.andreevmaster.com\/sv\/wp-json\/wp\/v2\/comments?post=15170"}],"wp:featuredmedia":[{"embeddable":true,"href":"https:\/\/nordicmart.andreevmaster.com\/sv\/wp-json\/wp\/v2\/media\/43053"}],"wp:attachment":[{"href":"https:\/\/nordicmart.andreevmaster.com\/sv\/wp-json\/wp\/v2\/media?parent=15170"}],"wp:term":[{"taxonomy":"product_brand","embeddable":true,"href":"https:\/\/nordicmart.andreevmaster.com\/sv\/wp-json\/wp\/v2\/product_brand?post=15170"},{"taxonomy":"product_cat","embeddable":true,"href":"https:\/\/nordicmart.andreevmaster.com\/sv\/wp-json\/wp\/v2\/product_cat?post=15170"},{"taxonomy":"product_tag","embeddable":true,"href":"https:\/\/nordicmart.andreevmaster.com\/sv\/wp-json\/wp\/v2\/product_tag?post=15170"}],"curies":[{"name":"wp","href":"https:\/\/api.w.org\/{rel}","templated":true}]}}