{"id":15169,"date":"2026-02-27T00:25:11","date_gmt":"2026-02-27T00:25:11","guid":{"rendered":"https:\/\/nordicmart.andreevmaster.com\/product\/vasagle-konsolbord-i-industriell-design\/"},"modified":"2026-02-27T08:16:47","modified_gmt":"2026-02-27T08:16:47","slug":"vasagle-konsolbord-i-industriell-design","status":"publish","type":"product","link":"https:\/\/nordicmart.andreevmaster.com\/sv\/produkt\/vasagle-konsolbord-i-industriell-design\/","title":{"rendered":"VASAGLE konsolbord i industriell design"},"content":{"rendered":"<p>KONSOLBORDET Oavsett om du just har flyttat in i din f\u00f6rsta l\u00e4genhet eller om du vill ge ditt vardagsrum en modern \u2013 men \u00e4nd\u00e5 klassisk \u2013 stil, s\u00e5 g\u00f6r detta konsolbord i industriell design fr\u00e5n VASAGLE allt m\u00f6jligt.- Tr\u00e4materialet med m\u00f6rkbrunt vintagefan\u00e9r och det svarta j\u00e4rnstativet ger detta hallbord i industriell stil ett trendigt utseende som passar olika inredningsstilar. &#8211; Tack vare de tv\u00e5 l\u00e5dorna mellan hyllorna erbjuder konsolen gott om f\u00f6rvaringsutrymme f\u00f6r din hall (max. statisk belastningskapacitet 50 kg).- X-st\u00f6d p\u00e5 sidorna av st\u00e5let \u00f6kar m\u00f6belns stabilitet. Tack vare de justerbara f\u00f6tterna kan du \u00e4ven st\u00e4lla bordet p\u00e5 oj\u00e4mna golv och skydda det fr\u00e5n repor. &#8211; Med hj\u00e4lp av den medf\u00f6ljande tippskyddet kan du f\u00e4sta konsolen s\u00e4kert p\u00e5 v\u00e4ggen. Detta \u00e4r s\u00e4rskilt idealiskt f\u00f6r familjer med sm\u00e5 barn. Produktdetaljer: &#8211; F\u00e4rg: m\u00f6rkbrun\/vintage, svart &#8211; Material: sp\u00e5nskiva, j\u00e4rn, zinklegering &#8211; Storlek per krok: 100 x 35 x 80 cm (L x B x H) &#8211; Vikt per krok: 21,2 kg &#8211; Max. statisk belastningskapacitet: 50 kg Leveransomfattning:- 1 x konsolbord &#8211; 1 x beh\u00e5llare med tillbeh\u00f6r &#8211; 1 x tippskydd &#8211; 1 x bruksanvisning (DE, EN, FR, ES, IT) VASAGLE Anm\u00e4rkningar: &#8211; Uts\u00e4tt inte produkten f\u00f6r intensivt solljus eller fuktig milj\u00f6 under l\u00e4ngre tid.<\/p>\n","protected":false},"excerpt":{"rendered":"<p>VASAGLE konsolbord i industriell design, hallbord med 2 l\u00e5dor och hyllplan, sideboard med stabil metallram, vardagsrum, hall, lobby, tr\u00e4look, vintage LNT39X<\/p>\n","protected":false},"featured_media":43052,"comment_status":"open","ping_status":"closed","template":"","meta":[],"product_brand":[],"product_cat":[33],"product_tag":[],"class_list":{"0":"post-15169","1":"product","2":"type-product","3":"status-publish","4":"has-post-thumbnail","6":"product_cat-okategoriserad","8":"first","9":"instock","10":"shipping-taxable","11":"purchasable","12":"product-type-simple"},"_links":{"self":[{"href":"https:\/\/nordicmart.andreevmaster.com\/sv\/wp-json\/wp\/v2\/product\/15169","targetHints":{"allow":["GET"]}}],"collection":[{"href":"https:\/\/nordicmart.andreevmaster.com\/sv\/wp-json\/wp\/v2\/product"}],"about":[{"href":"https:\/\/nordicmart.andreevmaster.com\/sv\/wp-json\/wp\/v2\/types\/product"}],"replies":[{"embeddable":true,"href":"https:\/\/nordicmart.andreevmaster.com\/sv\/wp-json\/wp\/v2\/comments?post=15169"}],"wp:featuredmedia":[{"embeddable":true,"href":"https:\/\/nordicmart.andreevmaster.com\/sv\/wp-json\/wp\/v2\/media\/43052"}],"wp:attachment":[{"href":"https:\/\/nordicmart.andreevmaster.com\/sv\/wp-json\/wp\/v2\/media?parent=15169"}],"wp:term":[{"taxonomy":"product_brand","embeddable":true,"href":"https:\/\/nordicmart.andreevmaster.com\/sv\/wp-json\/wp\/v2\/product_brand?post=15169"},{"taxonomy":"product_cat","embeddable":true,"href":"https:\/\/nordicmart.andreevmaster.com\/sv\/wp-json\/wp\/v2\/product_cat?post=15169"},{"taxonomy":"product_tag","embeddable":true,"href":"https:\/\/nordicmart.andreevmaster.com\/sv\/wp-json\/wp\/v2\/product_tag?post=15169"}],"curies":[{"name":"wp","href":"https:\/\/api.w.org\/{rel}","templated":true}]}}