{"id":15166,"date":"2026-02-27T00:25:10","date_gmt":"2026-02-27T00:25:10","guid":{"rendered":"https:\/\/nordicmart.andreevmaster.com\/product\/vasagle-konsolbord-med-tre-lador-och-nedre-hylla-for-hallen\/"},"modified":"2026-02-27T08:16:46","modified_gmt":"2026-02-27T08:16:46","slug":"vasagle-konsolbord-med-tre-lador-och-nedre-hylla-for-hallen","status":"publish","type":"product","link":"https:\/\/nordicmart.andreevmaster.com\/sv\/produkt\/vasagle-konsolbord-med-tre-lador-och-nedre-hylla-for-hallen\/","title":{"rendered":"VASAGLE konsolbord med tre l\u00e5dor och nedre hylla f\u00f6r hallen"},"content":{"rendered":"<p>VASAGLE konsolbord, sidobord, smalt soffbord, med 3 l\u00e5dor och en hylla, f\u00f6r hall, vardagsrum, lantlig stil, honungsbrunt LNT142K41<br \/>\nF\u00e4rg: honungsbrun<br \/>\nMaterial: sp\u00e5nskiva, massivt tr\u00e4, MDF (medeldensitetsfiberplatta)<br \/>\nStorlek: 24 x 120 x 76 cm (D x B x H)<br \/>\nVikt: 18,6 kg<br \/>\nMax. statisk belastningskapacitet f\u00f6r bordsskivan: 50 kg<br \/>\nMax. statisk belastningskapacitet per l\u00e5da: 10 kg<\/p>\n","protected":false},"excerpt":{"rendered":"<p>VASAGLE konsolbord, sidobord, smalt soffbord, med 3 l\u00e5dor och en hylla, f\u00f6r hall, vardagsrum, lantlig stil, honungsbrunt LNT142K41<\/p>\n","protected":false},"featured_media":0,"comment_status":"open","ping_status":"closed","template":"","meta":[],"product_brand":[],"product_cat":[33],"product_tag":[],"class_list":{"0":"post-15166","1":"product","2":"type-product","3":"status-publish","5":"product_cat-okategoriserad","7":"first","8":"instock","9":"shipping-taxable","10":"purchasable","11":"product-type-simple"},"_links":{"self":[{"href":"https:\/\/nordicmart.andreevmaster.com\/sv\/wp-json\/wp\/v2\/product\/15166","targetHints":{"allow":["GET"]}}],"collection":[{"href":"https:\/\/nordicmart.andreevmaster.com\/sv\/wp-json\/wp\/v2\/product"}],"about":[{"href":"https:\/\/nordicmart.andreevmaster.com\/sv\/wp-json\/wp\/v2\/types\/product"}],"replies":[{"embeddable":true,"href":"https:\/\/nordicmart.andreevmaster.com\/sv\/wp-json\/wp\/v2\/comments?post=15166"}],"wp:attachment":[{"href":"https:\/\/nordicmart.andreevmaster.com\/sv\/wp-json\/wp\/v2\/media?parent=15166"}],"wp:term":[{"taxonomy":"product_brand","embeddable":true,"href":"https:\/\/nordicmart.andreevmaster.com\/sv\/wp-json\/wp\/v2\/product_brand?post=15166"},{"taxonomy":"product_cat","embeddable":true,"href":"https:\/\/nordicmart.andreevmaster.com\/sv\/wp-json\/wp\/v2\/product_cat?post=15166"},{"taxonomy":"product_tag","embeddable":true,"href":"https:\/\/nordicmart.andreevmaster.com\/sv\/wp-json\/wp\/v2\/product_tag?post=15166"}],"curies":[{"name":"wp","href":"https:\/\/api.w.org\/{rel}","templated":true}]}}