{"id":15163,"date":"2026-02-27T00:25:09","date_gmt":"2026-02-27T00:25:09","guid":{"rendered":"https:\/\/nordicmart.andreevmaster.com\/product\/vasagle-konsolbord-med-2-hyllor-20-x-100-x-80-cm-marmorvit-black-svart\/"},"modified":"2026-02-27T08:16:45","modified_gmt":"2026-02-27T08:16:45","slug":"vasagle-konsolbord-med-2-hyllor-20-x-100-x-80-cm-marmorvit-black-svart","status":"publish","type":"product","link":"https:\/\/nordicmart.andreevmaster.com\/sv\/produkt\/vasagle-konsolbord-med-2-hyllor-20-x-100-x-80-cm-marmorvit-black-svart\/","title":{"rendered":"VASAGLE konsolbord med 2 hyllor 20 x 100 x 80 cm marmorvit-bl\u00e4ck svart"},"content":{"rendered":"<p>VASAGLE konsolbord, smalt soffbord med 2 hyllor, 20 x 80 x 80 cm, hallbord, 2 niv\u00e5er, f\u00f6r hall, vardagsrum, sovrum, antracitgr\u00e5-bl\u00e4svart LNT130B22<br \/>\nF\u00e4rg: Antracitgr\u00e5-bl\u00e4svart<br \/>\nMaterial: sp\u00e5nskiva, st\u00e5l<br \/>\nStorlek: 20 x 100 x 80 cm (D x B x H)<br \/>\nVikt: 7,6 kg<br \/>\nMax. statisk belastningskapacitet f\u00f6r bordsskivan: 30 kg<br \/>\nMax. statisk belastningskapacitet f\u00f6r den nedre hyllan: 20 kg<\/p>\n","protected":false},"excerpt":{"rendered":"<p>VASAGLE konsolbord, smalt soffbord med 2 hyllor, 20 x 80 x 80 cm, hallbord, 2 niv\u00e5er, f\u00f6r hall, vardagsrum, sovrum, antracitgr\u00e5-bl\u00e4svart LNT130B22<\/p>\n","protected":false},"featured_media":43047,"comment_status":"open","ping_status":"closed","template":"","meta":[],"product_brand":[],"product_cat":[33],"product_tag":[],"class_list":{"0":"post-15163","1":"product","2":"type-product","3":"status-publish","4":"has-post-thumbnail","6":"product_cat-okategoriserad","8":"first","9":"instock","10":"shipping-taxable","11":"purchasable","12":"product-type-simple"},"_links":{"self":[{"href":"https:\/\/nordicmart.andreevmaster.com\/sv\/wp-json\/wp\/v2\/product\/15163","targetHints":{"allow":["GET"]}}],"collection":[{"href":"https:\/\/nordicmart.andreevmaster.com\/sv\/wp-json\/wp\/v2\/product"}],"about":[{"href":"https:\/\/nordicmart.andreevmaster.com\/sv\/wp-json\/wp\/v2\/types\/product"}],"replies":[{"embeddable":true,"href":"https:\/\/nordicmart.andreevmaster.com\/sv\/wp-json\/wp\/v2\/comments?post=15163"}],"wp:featuredmedia":[{"embeddable":true,"href":"https:\/\/nordicmart.andreevmaster.com\/sv\/wp-json\/wp\/v2\/media\/43047"}],"wp:attachment":[{"href":"https:\/\/nordicmart.andreevmaster.com\/sv\/wp-json\/wp\/v2\/media?parent=15163"}],"wp:term":[{"taxonomy":"product_brand","embeddable":true,"href":"https:\/\/nordicmart.andreevmaster.com\/sv\/wp-json\/wp\/v2\/product_brand?post=15163"},{"taxonomy":"product_cat","embeddable":true,"href":"https:\/\/nordicmart.andreevmaster.com\/sv\/wp-json\/wp\/v2\/product_cat?post=15163"},{"taxonomy":"product_tag","embeddable":true,"href":"https:\/\/nordicmart.andreevmaster.com\/sv\/wp-json\/wp\/v2\/product_tag?post=15163"}],"curies":[{"name":"wp","href":"https:\/\/api.w.org\/{rel}","templated":true}]}}