{"id":15150,"date":"2026-02-27T00:25:06","date_gmt":"2026-02-27T00:25:06","guid":{"rendered":"https:\/\/nordicmart.andreevmaster.com\/product\/vasagle-smalt-konsolbord-med-tva-tyglador\/"},"modified":"2026-02-27T08:16:43","modified_gmt":"2026-02-27T08:16:43","slug":"vasagle-smalt-konsolbord-med-tva-tyglador","status":"publish","type":"product","link":"https:\/\/nordicmart.andreevmaster.com\/sv\/produkt\/vasagle-smalt-konsolbord-med-tva-tyglador\/","title":{"rendered":"VASAGLE smalt konsolbord med tv\u00e5 tygl\u00e5dor"},"content":{"rendered":"<p>VASAGLE smalt konsolbord, sidobord med 2 tygl\u00e5dor, hallbord, 24 x 76 x 80 cm, f\u00f6r hall, vardagsrum, vintagebrunt-bl\u00e4svart LNT092K01<br \/>\nF\u00e4rg: Vintagebrun, bl\u00e4ksvart<br \/>\nMaterial: sp\u00e5nskiva, st\u00e5l, oxfordtyg, non-woven-tyg<br \/>\nStorlek: 24 x 76 x 80 cm (D x B x H)<br \/>\nVikt: 7,3 kg<br \/>\nMax. statisk belastningskapacitet f\u00f6r \u00f6verplattan: 30 kg<br \/>\nMax. statisk belastningskapacitet per hylla: 20 kg<br \/>\nMax. statisk belastningskapacitet per l\u00e5da: 5 kg<\/p>\n","protected":false},"excerpt":{"rendered":"<p>VASAGLE smalt konsolbord, sidobord med 2 tygl\u00e5dor, hallbord, 24 x 76 x 80 cm, f\u00f6r hall, vardagsrum, vintagebrunt-bl\u00e4svart LNT092K01<\/p>\n","protected":false},"featured_media":43034,"comment_status":"open","ping_status":"closed","template":"","meta":[],"product_brand":[],"product_cat":[33],"product_tag":[],"class_list":{"0":"post-15150","1":"product","2":"type-product","3":"status-publish","4":"has-post-thumbnail","6":"product_cat-okategoriserad","8":"first","9":"instock","10":"shipping-taxable","11":"purchasable","12":"product-type-simple"},"_links":{"self":[{"href":"https:\/\/nordicmart.andreevmaster.com\/sv\/wp-json\/wp\/v2\/product\/15150","targetHints":{"allow":["GET"]}}],"collection":[{"href":"https:\/\/nordicmart.andreevmaster.com\/sv\/wp-json\/wp\/v2\/product"}],"about":[{"href":"https:\/\/nordicmart.andreevmaster.com\/sv\/wp-json\/wp\/v2\/types\/product"}],"replies":[{"embeddable":true,"href":"https:\/\/nordicmart.andreevmaster.com\/sv\/wp-json\/wp\/v2\/comments?post=15150"}],"wp:featuredmedia":[{"embeddable":true,"href":"https:\/\/nordicmart.andreevmaster.com\/sv\/wp-json\/wp\/v2\/media\/43034"}],"wp:attachment":[{"href":"https:\/\/nordicmart.andreevmaster.com\/sv\/wp-json\/wp\/v2\/media?parent=15150"}],"wp:term":[{"taxonomy":"product_brand","embeddable":true,"href":"https:\/\/nordicmart.andreevmaster.com\/sv\/wp-json\/wp\/v2\/product_brand?post=15150"},{"taxonomy":"product_cat","embeddable":true,"href":"https:\/\/nordicmart.andreevmaster.com\/sv\/wp-json\/wp\/v2\/product_cat?post=15150"},{"taxonomy":"product_tag","embeddable":true,"href":"https:\/\/nordicmart.andreevmaster.com\/sv\/wp-json\/wp\/v2\/product_tag?post=15150"}],"curies":[{"name":"wp","href":"https:\/\/api.w.org\/{rel}","templated":true}]}}