{"id":15149,"date":"2026-02-27T00:25:06","date_gmt":"2026-02-27T00:25:06","guid":{"rendered":"https:\/\/nordicmart.andreevmaster.com\/product\/vasagle-smalt-konsolbord-med-tva-hyllplan-och-halvoppna-fack\/"},"modified":"2026-02-27T08:16:43","modified_gmt":"2026-02-27T08:16:43","slug":"vasagle-smalt-konsolbord-med-tva-hyllplan-och-halvoppna-fack","status":"publish","type":"product","link":"https:\/\/nordicmart.andreevmaster.com\/sv\/produkt\/vasagle-smalt-konsolbord-med-tva-hyllplan-och-halvoppna-fack\/","title":{"rendered":"VASAGLE smalt konsolbord med tv\u00e5 hyllplan och halv\u00f6ppna fack"},"content":{"rendered":"<p>VASAGLE konsolbord, sidobord, smalt hallbord, 2 niv\u00e5er med halv\u00f6ppna fack, 24 x 100 x 80 cm, f\u00f6r hall, vardagsrum, vintagebrunt-bl\u00e4svart LNT091K01<br \/>\nF\u00e4rg: Vintagebrun-bl\u00e4ksvart<br \/>\nMaterial: Sp\u00e5nskiva, st\u00e5l<br \/>\nStorlek: 24 x 100 x 80 cm (D x B x H)<br \/>\nVikt: 7,3 kg<br \/>\nMax. statisk belastningskapacitet f\u00f6r bordsskivan: 30 kg<br \/>\nMax. statisk belastningskapacitet f\u00f6r varje \u00f6ppet fack: 5 kg<\/p>\n","protected":false},"excerpt":{"rendered":"<p>VASAGLE konsolbord, sidobord, smalt hallbord, 2 niv\u00e5er med halv\u00f6ppna fack, 24 x 100 x 80 cm, f\u00f6r hall, vardagsrum, vintagebrunt-bl\u00e4svart LNT091K01<\/p>\n","protected":false},"featured_media":43033,"comment_status":"open","ping_status":"closed","template":"","meta":[],"product_brand":[],"product_cat":[33],"product_tag":[],"class_list":{"0":"post-15149","1":"product","2":"type-product","3":"status-publish","4":"has-post-thumbnail","6":"product_cat-okategoriserad","8":"first","9":"instock","10":"shipping-taxable","11":"purchasable","12":"product-type-simple"},"_links":{"self":[{"href":"https:\/\/nordicmart.andreevmaster.com\/sv\/wp-json\/wp\/v2\/product\/15149","targetHints":{"allow":["GET"]}}],"collection":[{"href":"https:\/\/nordicmart.andreevmaster.com\/sv\/wp-json\/wp\/v2\/product"}],"about":[{"href":"https:\/\/nordicmart.andreevmaster.com\/sv\/wp-json\/wp\/v2\/types\/product"}],"replies":[{"embeddable":true,"href":"https:\/\/nordicmart.andreevmaster.com\/sv\/wp-json\/wp\/v2\/comments?post=15149"}],"wp:featuredmedia":[{"embeddable":true,"href":"https:\/\/nordicmart.andreevmaster.com\/sv\/wp-json\/wp\/v2\/media\/43033"}],"wp:attachment":[{"href":"https:\/\/nordicmart.andreevmaster.com\/sv\/wp-json\/wp\/v2\/media?parent=15149"}],"wp:term":[{"taxonomy":"product_brand","embeddable":true,"href":"https:\/\/nordicmart.andreevmaster.com\/sv\/wp-json\/wp\/v2\/product_brand?post=15149"},{"taxonomy":"product_cat","embeddable":true,"href":"https:\/\/nordicmart.andreevmaster.com\/sv\/wp-json\/wp\/v2\/product_cat?post=15149"},{"taxonomy":"product_tag","embeddable":true,"href":"https:\/\/nordicmart.andreevmaster.com\/sv\/wp-json\/wp\/v2\/product_tag?post=15149"}],"curies":[{"name":"wp","href":"https:\/\/api.w.org\/{rel}","templated":true}]}}