{"id":15145,"date":"2026-02-27T00:25:05","date_gmt":"2026-02-27T00:25:05","guid":{"rendered":"https:\/\/nordicmart.andreevmaster.com\/product\/vasagle-konsolbord-i-industriell-design-med-3-nivaer\/"},"modified":"2026-02-27T08:16:42","modified_gmt":"2026-02-27T08:16:42","slug":"vasagle-konsolbord-i-industriell-design-med-3-nivaer","status":"publish","type":"product","link":"https:\/\/nordicmart.andreevmaster.com\/sv\/produkt\/vasagle-konsolbord-i-industriell-design-med-3-nivaer\/","title":{"rendered":"VASAGLE konsolbord i industriell design med 3 niv\u00e5er"},"content":{"rendered":"<p>Produktdetaljer: &#8211; F\u00e4rg: Vintagebrun-svart &#8211; Material: Sp\u00e5nskiva, st\u00e5l &#8211; Storlek: 140 x 30 x 75 cm (L x B x H) &#8211; Vikt: 15,5 kg &#8211; Max. statisk belastningskapacitet f\u00f6r sp\u00e5nskivhyllan: 80 kg &#8211; Max. statisk belastningskapacitet f\u00f6r gallerhyllan: 10 kg Leveransomfattning:- 1 x konsolbord &#8211; 1 x tillbeh\u00f6rspaket &#8211; 1 x bruksanvisning VASAGLE Anm\u00e4rkningar: &#8211; Av s\u00e4kerhetssk\u00e4l \u00e4r det f\u00f6rbjudet f\u00f6r barn att kl\u00e4ttra p\u00e5 eller leka med produkten.<\/p>\n","protected":false},"excerpt":{"rendered":"<p>VASAGLE konsolbord, smalt hallbord med 3 niv\u00e5er, \u00f6ppna hyllor, soffbord, 140 x 30 x 75 cm, metallstativ, sidobord, industriell design, vardagsrum, hall, vintagebrunt-svart LNT071B01<\/p>\n","protected":false},"featured_media":43029,"comment_status":"open","ping_status":"closed","template":"","meta":[],"product_brand":[],"product_cat":[33],"product_tag":[],"class_list":{"0":"post-15145","1":"product","2":"type-product","3":"status-publish","4":"has-post-thumbnail","6":"product_cat-okategoriserad","8":"first","9":"instock","10":"shipping-taxable","11":"purchasable","12":"product-type-simple"},"_links":{"self":[{"href":"https:\/\/nordicmart.andreevmaster.com\/sv\/wp-json\/wp\/v2\/product\/15145","targetHints":{"allow":["GET"]}}],"collection":[{"href":"https:\/\/nordicmart.andreevmaster.com\/sv\/wp-json\/wp\/v2\/product"}],"about":[{"href":"https:\/\/nordicmart.andreevmaster.com\/sv\/wp-json\/wp\/v2\/types\/product"}],"replies":[{"embeddable":true,"href":"https:\/\/nordicmart.andreevmaster.com\/sv\/wp-json\/wp\/v2\/comments?post=15145"}],"wp:featuredmedia":[{"embeddable":true,"href":"https:\/\/nordicmart.andreevmaster.com\/sv\/wp-json\/wp\/v2\/media\/43029"}],"wp:attachment":[{"href":"https:\/\/nordicmart.andreevmaster.com\/sv\/wp-json\/wp\/v2\/media?parent=15145"}],"wp:term":[{"taxonomy":"product_brand","embeddable":true,"href":"https:\/\/nordicmart.andreevmaster.com\/sv\/wp-json\/wp\/v2\/product_brand?post=15145"},{"taxonomy":"product_cat","embeddable":true,"href":"https:\/\/nordicmart.andreevmaster.com\/sv\/wp-json\/wp\/v2\/product_cat?post=15145"},{"taxonomy":"product_tag","embeddable":true,"href":"https:\/\/nordicmart.andreevmaster.com\/sv\/wp-json\/wp\/v2\/product_tag?post=15145"}],"curies":[{"name":"wp","href":"https:\/\/api.w.org\/{rel}","templated":true}]}}