{"id":15143,"date":"2026-02-27T00:25:04","date_gmt":"2026-02-27T00:25:04","guid":{"rendered":"https:\/\/nordicmart.andreevmaster.com\/product\/vasagle-glasbord-med-skap\/"},"modified":"2026-02-27T08:16:42","modified_gmt":"2026-02-27T08:16:42","slug":"vasagle-glasbord-med-skap","status":"publish","type":"product","link":"https:\/\/nordicmart.andreevmaster.com\/sv\/produkt\/vasagle-glasbord-med-skap\/","title":{"rendered":"VASAGLE Glasbord med sk\u00e5p"},"content":{"rendered":"<p>Produktdetaljer: &#8211; F\u00e4rg: Vintage\/m\u00f6rkbrun &#8211; Material: Sp\u00e5nskiva, j\u00e4rn, h\u00e4rdat glas &#8211; Storlek bord: 40 x 40 x 60 cm (L x B x H) &#8211; Vikt: 12 kg &#8211; Max. statisk belastningskapacitet f\u00f6r bordsskivan: 20 kg &#8211; Max. statisk belastningskapacitet per hyllplan: 10 kg Leveransomfattning:- 1 x sidobord &#8211; 1 x tillbeh\u00f6rspaket &#8211; 1 x bruksanvisning (DE, EN, ES, FR, IT) VASAGLE Anm\u00e4rkningar: &#8211; Av s\u00e4kerhetssk\u00e4l \u00e4r det f\u00f6rbjudet f\u00f6r barn att kl\u00e4ttra p\u00e5 eller leka med produkten. &#8211; Bordsskivan \u00e4r tillverkad av h\u00e4rdat glas. Hantera den med f\u00f6rsiktighet!<\/p>\n","protected":false},"excerpt":{"rendered":"<p>VASAGLE nattduksbord, nattduksbord, sidobord, glasbord med sk\u00e5p, soffbord, sovrum, vardagsrum, hall, stabilt h\u00e4rdat glas, enkel montering, industriell design, vintage, m\u00f6rkbrunt LNT05BX<\/p>\n","protected":false},"featured_media":43027,"comment_status":"open","ping_status":"closed","template":"","meta":[],"product_brand":[],"product_cat":[33],"product_tag":[],"class_list":{"0":"post-15143","1":"product","2":"type-product","3":"status-publish","4":"has-post-thumbnail","6":"product_cat-okategoriserad","8":"first","9":"instock","10":"shipping-taxable","11":"purchasable","12":"product-type-simple"},"_links":{"self":[{"href":"https:\/\/nordicmart.andreevmaster.com\/sv\/wp-json\/wp\/v2\/product\/15143","targetHints":{"allow":["GET"]}}],"collection":[{"href":"https:\/\/nordicmart.andreevmaster.com\/sv\/wp-json\/wp\/v2\/product"}],"about":[{"href":"https:\/\/nordicmart.andreevmaster.com\/sv\/wp-json\/wp\/v2\/types\/product"}],"replies":[{"embeddable":true,"href":"https:\/\/nordicmart.andreevmaster.com\/sv\/wp-json\/wp\/v2\/comments?post=15143"}],"wp:featuredmedia":[{"embeddable":true,"href":"https:\/\/nordicmart.andreevmaster.com\/sv\/wp-json\/wp\/v2\/media\/43027"}],"wp:attachment":[{"href":"https:\/\/nordicmart.andreevmaster.com\/sv\/wp-json\/wp\/v2\/media?parent=15143"}],"wp:term":[{"taxonomy":"product_brand","embeddable":true,"href":"https:\/\/nordicmart.andreevmaster.com\/sv\/wp-json\/wp\/v2\/product_brand?post=15143"},{"taxonomy":"product_cat","embeddable":true,"href":"https:\/\/nordicmart.andreevmaster.com\/sv\/wp-json\/wp\/v2\/product_cat?post=15143"},{"taxonomy":"product_tag","embeddable":true,"href":"https:\/\/nordicmart.andreevmaster.com\/sv\/wp-json\/wp\/v2\/product_tag?post=15143"}],"curies":[{"name":"wp","href":"https:\/\/api.w.org\/{rel}","templated":true}]}}