{"id":15138,"date":"2026-02-27T00:25:03","date_gmt":"2026-02-27T00:25:03","guid":{"rendered":"https:\/\/nordicmart.andreevmaster.com\/product\/olohuone-stabilt-metallstativ-med-smalt-industriellt-bord\/"},"modified":"2026-02-27T08:16:41","modified_gmt":"2026-02-27T08:16:41","slug":"olohuone-stabilt-metallstativ-med-smalt-industriellt-bord","status":"publish","type":"product","link":"https:\/\/nordicmart.andreevmaster.com\/sv\/produkt\/olohuone-stabilt-metallstativ-med-smalt-industriellt-bord\/","title":{"rendered":"Olohuone Stabilt metallstativ med smalt industriellt bord"},"content":{"rendered":"<p>Denna serie med tv\u00e5 sidobord i charmig industriell stil och med praktiska hyllor \u00e4r redo att erbjuda dig en kopp kaffe, snacks och allt du beh\u00f6ver f\u00f6r en filmmaraton. Eller st\u00e4ll en fotoram och s\u00f6ta mokkapajer p\u00e5 bordet f\u00f6r att skapa en mysig st\u00e4mning. <\/p>\n<p>Anv\u00e4nd de tv\u00e5 sidoborden som ett par f\u00f6r att skapa ett unikt soffbord framf\u00f6r soffan. De \u00e4r l\u00e4tta att placera ihop f\u00f6r att spara utrymme eller som g\u00f6mst\u00e4lle f\u00f6r fj\u00e4rrkontroller. Du kan ocks\u00e5 separera dem i tv\u00e5 rum f\u00f6r att \u00f6ka komforten. <\/p>\n<p>Oavsett om du anv\u00e4nder det som sidobord bredvid soffan eller som nattduksbord i sovrummet, fungerar denna bordsserie som smort. Eller placera det i din l\u00e4sh\u00f6rna f\u00f6r b\u00f6cker och pennor. Tack vare det lilla skrivbordets upph\u00f6jda kant kommer tragedin med din \u00e4lskade penna som ligger p\u00e5 golvet med en trasig spets inte l\u00e4ngre att intr\u00e4ffa. Om du vill skapa ett enhetligt, unikt utseende i hela ditt hem, ta en titt p\u00e5 andra m\u00f6bler i VASAGLE-serien. VASAGLE passar alltid, fr\u00e5n hallen till vardagsrummet och badrummet. Specifikationer: &#8211; F\u00e4rg: Rustic Brown (02BX)\/Honey Brown (02N)\/Greige (02B02) &#8211; Material: Material: Sp\u00e5nskiva, metall- Stor bordstorlek: 45 x 40 x 55 cm- Liten bordstorlek: 40 x 14,9 x 20 cm (40 x 38 x 51 cm) &#8211; Produktens vikt: 19,4 lb (8,8 kg) &#8211; Max. Statisk belastningskapacitet f\u00f6r stort bord: 66,1 lb (30 kg) &#8211; Max. Litet bordets statiska belastningskapacitet: 28 kg F\u00f6rpackningens inneh\u00e5ll: &#8211; 2 x sidobord &#8211; 1 x tillbeh\u00f6rssats &#8211; 1 x bruksanvisning (EN, DE, FR, ES, IT)<\/p>\n","protected":false},"excerpt":{"rendered":"<p>Denna serie med tv\u00e5 sidobord i charmig industriell stil och med praktiska hyllor \u00e4r redo att erbjuda dig en kopp kaffe, snacks och allt du beh\u00f6ver f\u00f6r en filmmaraton. Eller st\u00e4ll en fotoram och s\u00f6ta mokkapajer p\u00e5 bordet f\u00f6r att skapa en mysig st\u00e4mning. Anv\u00e4nd de tv\u00e5 sidoborden som ett par f\u00f6r att skapa ett [&hellip;]<\/p>\n","protected":false},"featured_media":0,"comment_status":"open","ping_status":"closed","template":"","meta":[],"product_brand":[],"product_cat":[33],"product_tag":[],"class_list":{"0":"post-15138","1":"product","2":"type-product","3":"status-publish","5":"product_cat-okategoriserad","7":"first","8":"instock","9":"shipping-taxable","10":"product-type-simple"},"_links":{"self":[{"href":"https:\/\/nordicmart.andreevmaster.com\/sv\/wp-json\/wp\/v2\/product\/15138","targetHints":{"allow":["GET"]}}],"collection":[{"href":"https:\/\/nordicmart.andreevmaster.com\/sv\/wp-json\/wp\/v2\/product"}],"about":[{"href":"https:\/\/nordicmart.andreevmaster.com\/sv\/wp-json\/wp\/v2\/types\/product"}],"replies":[{"embeddable":true,"href":"https:\/\/nordicmart.andreevmaster.com\/sv\/wp-json\/wp\/v2\/comments?post=15138"}],"wp:attachment":[{"href":"https:\/\/nordicmart.andreevmaster.com\/sv\/wp-json\/wp\/v2\/media?parent=15138"}],"wp:term":[{"taxonomy":"product_brand","embeddable":true,"href":"https:\/\/nordicmart.andreevmaster.com\/sv\/wp-json\/wp\/v2\/product_brand?post=15138"},{"taxonomy":"product_cat","embeddable":true,"href":"https:\/\/nordicmart.andreevmaster.com\/sv\/wp-json\/wp\/v2\/product_cat?post=15138"},{"taxonomy":"product_tag","embeddable":true,"href":"https:\/\/nordicmart.andreevmaster.com\/sv\/wp-json\/wp\/v2\/product_tag?post=15138"}],"curies":[{"name":"wp","href":"https:\/\/api.w.org\/{rel}","templated":true}]}}