{"id":15133,"date":"2026-02-27T00:25:02","date_gmt":"2026-02-27T00:25:02","guid":{"rendered":"https:\/\/nordicmart.andreevmaster.com\/product\/vasagle-konsolbord-med-oppen-hylla-i-boho-stil\/"},"modified":"2026-02-27T08:16:39","modified_gmt":"2026-02-27T08:16:39","slug":"vasagle-konsolbord-med-oppen-hylla-i-boho-stil","status":"publish","type":"product","link":"https:\/\/nordicmart.andreevmaster.com\/sv\/produkt\/vasagle-konsolbord-med-oppen-hylla-i-boho-stil\/","title":{"rendered":"VASAGLE konsolbord med \u00f6ppen hylla i boho-stil"},"content":{"rendered":"<p>VASAGLE konsolbord, hallbord, hallm\u00f6bler, smalt soffbord f\u00f6r vardagsrum, med 2 l\u00e5dor, \u00f6ppen f\u00f6rvaring, rundade h\u00f6rn, boho-stil<br \/>\nF\u00e4rg: Askgr\u00e5<br \/>\nMaterial: MDF (medeldensitetsfiberplatta), sp\u00e5nskiva, PVC-plast (polyvinylklorid)<br \/>\nStorlek: 30 x 100 x 80 cm (D x B x H)<br \/>\nVikt: 16,6 kg<br \/>\nMax. statisk totalbelastning: 100 kg<\/p>\n","protected":false},"excerpt":{"rendered":"<p>VASAGLE konsolbord, hallbord, hallm\u00f6bler, smalt soffbord f\u00f6r vardagsrum, med 2 l\u00e5dor, \u00f6ppen f\u00f6rvaring, rundade h\u00f6rn, boho-stil<\/p>\n","protected":false},"featured_media":43019,"comment_status":"open","ping_status":"closed","template":"","meta":[],"product_brand":[],"product_cat":[33],"product_tag":[],"class_list":{"0":"post-15133","1":"product","2":"type-product","3":"status-publish","4":"has-post-thumbnail","6":"product_cat-okategoriserad","8":"first","9":"instock","10":"shipping-taxable","11":"purchasable","12":"product-type-simple"},"_links":{"self":[{"href":"https:\/\/nordicmart.andreevmaster.com\/sv\/wp-json\/wp\/v2\/product\/15133","targetHints":{"allow":["GET"]}}],"collection":[{"href":"https:\/\/nordicmart.andreevmaster.com\/sv\/wp-json\/wp\/v2\/product"}],"about":[{"href":"https:\/\/nordicmart.andreevmaster.com\/sv\/wp-json\/wp\/v2\/types\/product"}],"replies":[{"embeddable":true,"href":"https:\/\/nordicmart.andreevmaster.com\/sv\/wp-json\/wp\/v2\/comments?post=15133"}],"wp:featuredmedia":[{"embeddable":true,"href":"https:\/\/nordicmart.andreevmaster.com\/sv\/wp-json\/wp\/v2\/media\/43019"}],"wp:attachment":[{"href":"https:\/\/nordicmart.andreevmaster.com\/sv\/wp-json\/wp\/v2\/media?parent=15133"}],"wp:term":[{"taxonomy":"product_brand","embeddable":true,"href":"https:\/\/nordicmart.andreevmaster.com\/sv\/wp-json\/wp\/v2\/product_brand?post=15133"},{"taxonomy":"product_cat","embeddable":true,"href":"https:\/\/nordicmart.andreevmaster.com\/sv\/wp-json\/wp\/v2\/product_cat?post=15133"},{"taxonomy":"product_tag","embeddable":true,"href":"https:\/\/nordicmart.andreevmaster.com\/sv\/wp-json\/wp\/v2\/product_tag?post=15133"}],"curies":[{"name":"wp","href":"https:\/\/api.w.org\/{rel}","templated":true}]}}