{"id":15132,"date":"2026-02-27T00:25:01","date_gmt":"2026-02-27T00:25:01","guid":{"rendered":"https:\/\/nordicmart.andreevmaster.com\/product\/vasagle-konsolbord-med-2-lador-kamelbrun-black-svart\/"},"modified":"2026-02-27T08:16:39","modified_gmt":"2026-02-27T08:16:39","slug":"vasagle-konsolbord-med-2-lador-kamelbrun-black-svart","status":"publish","type":"product","link":"https:\/\/nordicmart.andreevmaster.com\/sv\/produkt\/vasagle-konsolbord-med-2-lador-kamelbrun-black-svart\/","title":{"rendered":"VASAGLE konsolbord med 2 l\u00e5dor kamelbrun-bl\u00e4ck svart"},"content":{"rendered":"<p>VASAGLE konsolbord, hallbord, sidobord, soffbord med 2 l\u00e5dor, st\u00e5lstativ, stabilt, hall, vardagsrum, industriell design, vintagebrunt-svart LNT015B01<br \/>\nF\u00e4rg: kamelbrun-bl\u00e4ksvart<br \/>\nMaterial: sp\u00e5nskiva, st\u00e5l<br \/>\nStorlek: 30 x 100 x 80 cm (D x B x H)<br \/>\nVikt: 16,2 kg<br \/>\nMax. statisk belastningskapacitet f\u00f6r ytan: 20 kg<br \/>\nMax. statisk belastningskapacitet f\u00f6r underhyllan: 10 kg<br \/>\nMax. statisk belastningskapacitet per l\u00e5da: 3 kg<\/p>\n","protected":false},"excerpt":{"rendered":"<p>VASAGLE konsolbord, hallbord, sidobord, soffbord med 2 l\u00e5dor, st\u00e5lstativ, stabilt, hall, vardagsrum, industriell design, vintagebrunt-svart LNT015B01<\/p>\n","protected":false},"featured_media":43018,"comment_status":"open","ping_status":"closed","template":"","meta":[],"product_brand":[],"product_cat":[33],"product_tag":[],"class_list":{"0":"post-15132","1":"product","2":"type-product","3":"status-publish","4":"has-post-thumbnail","6":"product_cat-okategoriserad","8":"first","9":"instock","10":"shipping-taxable","11":"purchasable","12":"product-type-simple"},"_links":{"self":[{"href":"https:\/\/nordicmart.andreevmaster.com\/sv\/wp-json\/wp\/v2\/product\/15132","targetHints":{"allow":["GET"]}}],"collection":[{"href":"https:\/\/nordicmart.andreevmaster.com\/sv\/wp-json\/wp\/v2\/product"}],"about":[{"href":"https:\/\/nordicmart.andreevmaster.com\/sv\/wp-json\/wp\/v2\/types\/product"}],"replies":[{"embeddable":true,"href":"https:\/\/nordicmart.andreevmaster.com\/sv\/wp-json\/wp\/v2\/comments?post=15132"}],"wp:featuredmedia":[{"embeddable":true,"href":"https:\/\/nordicmart.andreevmaster.com\/sv\/wp-json\/wp\/v2\/media\/43018"}],"wp:attachment":[{"href":"https:\/\/nordicmart.andreevmaster.com\/sv\/wp-json\/wp\/v2\/media?parent=15132"}],"wp:term":[{"taxonomy":"product_brand","embeddable":true,"href":"https:\/\/nordicmart.andreevmaster.com\/sv\/wp-json\/wp\/v2\/product_brand?post=15132"},{"taxonomy":"product_cat","embeddable":true,"href":"https:\/\/nordicmart.andreevmaster.com\/sv\/wp-json\/wp\/v2\/product_cat?post=15132"},{"taxonomy":"product_tag","embeddable":true,"href":"https:\/\/nordicmart.andreevmaster.com\/sv\/wp-json\/wp\/v2\/product_tag?post=15132"}],"curies":[{"name":"wp","href":"https:\/\/api.w.org\/{rel}","templated":true}]}}