{"id":15127,"date":"2026-02-27T00:25:00","date_gmt":"2026-02-27T00:25:00","guid":{"rendered":"https:\/\/nordicmart.andreevmaster.com\/product\/songmics-8-stegs-skostall-skoorganiserare-2-stapelbara-4-stegs-hyllor\/"},"modified":"2026-02-27T08:16:38","modified_gmt":"2026-02-27T08:16:38","slug":"songmics-8-stegs-skostall-skoorganiserare-2-stapelbara-4-stegs-hyllor","status":"publish","type":"product","link":"https:\/\/nordicmart.andreevmaster.com\/sv\/produkt\/songmics-8-stegs-skostall-skoorganiserare-2-stapelbara-4-stegs-hyllor\/","title":{"rendered":"SONGMICS 8-stegs skost\u00e4ll, skoorganiserare, 2 stapelbara 4-stegs hyllor"},"content":{"rendered":"<p>Produktdetaljer: F\u00e4rg: Gr\u00e5 Material: J\u00e4rn M\u00e5tt: 92,5 x 30,7 x 163,5 cm (L x B x H) Vikt: 10,7 kg Max. statisk belastningskapacitet per hylla: 10 kg Leveransomfattning: 2 x 4-stegs skost\u00e4ll 4 x plastkopplingar 1 x tillbeh\u00f6rsp\u00e5se 1 x tippskydd 1 x bruksanvisning (DE, EN, FR, ES, IT)SONGMICS Anm\u00e4rkningar:F\u00e4st produkten p\u00e5 v\u00e4ggen med det medf\u00f6ljande tippskyddet f\u00f6r att garantera s\u00e4kerheten under anv\u00e4ndning.Om du inte vill stapla hyllorna p\u00e5 varandra, f\u00f6rvara plastkopplingarna p\u00e5 ett s\u00e4kert st\u00e4lle s\u00e5 att de l\u00e4tt kan hittas och \u00e5teranv\u00e4ndas senare.Den max. belastningskapacitet som anges i texten avser den statiska maxvikten.<\/p>\n","protected":false},"excerpt":{"rendered":"<p>SONGMICS skohylla med 8 niv\u00e5er, set med 2 stapelbara 4-stegs skoorganisatorer, f\u00f6r 32 till 40 par skor, med justerbara gallerhyllor, kan monteras plant eller vinklat, gr\u00e5 LMR08GB<\/p>\n","protected":false},"featured_media":43013,"comment_status":"open","ping_status":"closed","template":"","meta":[],"product_brand":[],"product_cat":[33],"product_tag":[],"class_list":{"0":"post-15127","1":"product","2":"type-product","3":"status-publish","4":"has-post-thumbnail","6":"product_cat-okategoriserad","8":"first","9":"instock","10":"shipping-taxable","11":"purchasable","12":"product-type-simple"},"_links":{"self":[{"href":"https:\/\/nordicmart.andreevmaster.com\/sv\/wp-json\/wp\/v2\/product\/15127","targetHints":{"allow":["GET"]}}],"collection":[{"href":"https:\/\/nordicmart.andreevmaster.com\/sv\/wp-json\/wp\/v2\/product"}],"about":[{"href":"https:\/\/nordicmart.andreevmaster.com\/sv\/wp-json\/wp\/v2\/types\/product"}],"replies":[{"embeddable":true,"href":"https:\/\/nordicmart.andreevmaster.com\/sv\/wp-json\/wp\/v2\/comments?post=15127"}],"wp:featuredmedia":[{"embeddable":true,"href":"https:\/\/nordicmart.andreevmaster.com\/sv\/wp-json\/wp\/v2\/media\/43013"}],"wp:attachment":[{"href":"https:\/\/nordicmart.andreevmaster.com\/sv\/wp-json\/wp\/v2\/media?parent=15127"}],"wp:term":[{"taxonomy":"product_brand","embeddable":true,"href":"https:\/\/nordicmart.andreevmaster.com\/sv\/wp-json\/wp\/v2\/product_brand?post=15127"},{"taxonomy":"product_cat","embeddable":true,"href":"https:\/\/nordicmart.andreevmaster.com\/sv\/wp-json\/wp\/v2\/product_cat?post=15127"},{"taxonomy":"product_tag","embeddable":true,"href":"https:\/\/nordicmart.andreevmaster.com\/sv\/wp-json\/wp\/v2\/product_tag?post=15127"}],"curies":[{"name":"wp","href":"https:\/\/api.w.org\/{rel}","templated":true}]}}