{"id":15125,"date":"2026-02-27T00:24:59","date_gmt":"2026-02-27T00:24:59","guid":{"rendered":"https:\/\/nordicmart.andreevmaster.com\/product\/songmics-skohylla-6-gallerhyllor-rokgra\/"},"modified":"2026-02-27T08:16:38","modified_gmt":"2026-02-27T08:16:38","slug":"songmics-skohylla-6-gallerhyllor-rokgra","status":"publish","type":"product","link":"https:\/\/nordicmart.andreevmaster.com\/sv\/produkt\/songmics-skohylla-6-gallerhyllor-rokgra\/","title":{"rendered":"SONGMICS skohylla 6 gallerhyllor r\u00f6kgr\u00e5"},"content":{"rendered":"<p>Hur f\u00f6rvarar du dina skor? L\u00e4mnar du dem liggande i hallen eller g\u00f6mmer du dem under s\u00e4ngen? Om s\u00e5 \u00e4r fallet \u00e4r det dags att titta n\u00e4rmare p\u00e5 v\u00e5rt skost\u00e4ll.H\u00e5ller i m\u00e5nga \u00e5r: J\u00e4mf\u00f6rt med instabila skohyllor som f\u00f6rlorar sin stabilitet med tiden ger v\u00e5r skohylla dina skor ett b\u00e4ttre st\u00f6d \u2013 f\u00f6rvara dina st\u00f6vlar, sneakers och h\u00f6gklackade skor p\u00e5 den utan oro! Fler m\u00f6jligheter tack vare flexibilitet: Platsbesparande och stapelbar \u2013 varf\u00f6r inte best\u00e4lla tv\u00e5 av dessa skohyllor? P\u00e5 s\u00e5 s\u00e4tt f\u00e5r du ett stort hyllsystem och kan skapa mer f\u00f6rvaringsutrymme i ditt hem. Inte bara dina skor, utan \u00e4ven v\u00e4xter och dekorationsartiklar f\u00e5r plats p\u00e5 denna hylla. Med denna praktiska m\u00f6bel kan du s\u00e4tta ditt hem i ordning och samtidigt ge det en dekorativ touch! Produktdetaljer:F\u00e4rg: R\u00f6kgr\u00e5 Material: J\u00e4rn Storlek: 63 x 30 x 112 cm (L x B x H) Vikt: 4,7 kg Max. statisk belastningskapacitet per niv\u00e5: 10 kg Leveransomfattning: 1 x tillbeh\u00f6rsp\u00e5se 1 x instruktioner (DE, EN, FR, ES, IT) SONGMICS Anm\u00e4rkningar:F\u00e4st produkten p\u00e5 v\u00e4ggen med det medf\u00f6ljande tippskyddet om du staplar flera hyllor ovanp\u00e5 varandra. Den maximala belastningskapaciteten i texten avser den statiska maximala vikten.<\/p>\n","protected":false},"excerpt":{"rendered":"<p>SONGMICS skohylla med 6 hyllplan, stapelbar skoorganiserare, f\u00f6r 18\u201324 par skor, skof\u00f6rvaring, av metall, 63 x 30 x 112 cm (L x B x H), r\u00f6kgr\u00e5 LMR86GC<\/p>\n","protected":false},"featured_media":43011,"comment_status":"open","ping_status":"closed","template":"","meta":[],"product_brand":[],"product_cat":[33],"product_tag":[],"class_list":{"0":"post-15125","1":"product","2":"type-product","3":"status-publish","4":"has-post-thumbnail","6":"product_cat-okategoriserad","8":"first","9":"instock","10":"shipping-taxable","11":"purchasable","12":"product-type-simple"},"_links":{"self":[{"href":"https:\/\/nordicmart.andreevmaster.com\/sv\/wp-json\/wp\/v2\/product\/15125","targetHints":{"allow":["GET"]}}],"collection":[{"href":"https:\/\/nordicmart.andreevmaster.com\/sv\/wp-json\/wp\/v2\/product"}],"about":[{"href":"https:\/\/nordicmart.andreevmaster.com\/sv\/wp-json\/wp\/v2\/types\/product"}],"replies":[{"embeddable":true,"href":"https:\/\/nordicmart.andreevmaster.com\/sv\/wp-json\/wp\/v2\/comments?post=15125"}],"wp:featuredmedia":[{"embeddable":true,"href":"https:\/\/nordicmart.andreevmaster.com\/sv\/wp-json\/wp\/v2\/media\/43011"}],"wp:attachment":[{"href":"https:\/\/nordicmart.andreevmaster.com\/sv\/wp-json\/wp\/v2\/media?parent=15125"}],"wp:term":[{"taxonomy":"product_brand","embeddable":true,"href":"https:\/\/nordicmart.andreevmaster.com\/sv\/wp-json\/wp\/v2\/product_brand?post=15125"},{"taxonomy":"product_cat","embeddable":true,"href":"https:\/\/nordicmart.andreevmaster.com\/sv\/wp-json\/wp\/v2\/product_cat?post=15125"},{"taxonomy":"product_tag","embeddable":true,"href":"https:\/\/nordicmart.andreevmaster.com\/sv\/wp-json\/wp\/v2\/product_tag?post=15125"}],"curies":[{"name":"wp","href":"https:\/\/api.w.org\/{rel}","templated":true}]}}