{"id":15124,"date":"2026-02-27T00:24:59","date_gmt":"2026-02-27T00:24:59","guid":{"rendered":"https:\/\/nordicmart.andreevmaster.com\/product\/songmics-skostall-5-gallerhyllor-rokgra\/"},"modified":"2026-02-27T08:16:38","modified_gmt":"2026-02-27T08:16:38","slug":"songmics-skostall-5-gallerhyllor-rokgra","status":"publish","type":"product","link":"https:\/\/nordicmart.andreevmaster.com\/sv\/produkt\/songmics-skostall-5-gallerhyllor-rokgra\/","title":{"rendered":"SONGMICS Skost\u00e4ll 5 gallerhyllor R\u00f6kgr\u00e5"},"content":{"rendered":"<p>Egenskaper: F\u00e4rg: Antracitgr\u00e5 Material: J\u00e4rn Produktm\u00e5tt: 63 x 30 x 92 cm (L x B x H) Vikt: 3,7 kg Maximal statisk belastningskapacitet per niv\u00e5: 10 kg Leverans: 1 x Skohylla 1 x Monteringssats 1 x Monteringsanvisning (FR, EN, DE, ES, IT) F\u00f6rsiktighets\u00e5tg\u00e4rder fr\u00e5n SONGMICS: Av s\u00e4kerhetssk\u00e4l b\u00f6r du installera tippskyddet om du staplar flera hyllor p\u00e5 varandra. Alla angivna lastkapaciteter avser maximal statisk lastkapacitet.<\/p>\n","protected":false},"excerpt":{"rendered":"<p>SONGMICS skost\u00e4ll med 5 hyllplan, stapelbar skoorganiserare, f\u00f6r 15\u201320 par skor, skof\u00f6rvaring, av metall, 63 x 30 x 92 cm (L x B x H), r\u00f6kgr\u00e5 LMR85GC<\/p>\n","protected":false},"featured_media":43010,"comment_status":"open","ping_status":"closed","template":"","meta":[],"product_brand":[],"product_cat":[33],"product_tag":[],"class_list":{"0":"post-15124","1":"product","2":"type-product","3":"status-publish","4":"has-post-thumbnail","6":"product_cat-okategoriserad","8":"first","9":"instock","10":"shipping-taxable","11":"purchasable","12":"product-type-simple"},"_links":{"self":[{"href":"https:\/\/nordicmart.andreevmaster.com\/sv\/wp-json\/wp\/v2\/product\/15124","targetHints":{"allow":["GET"]}}],"collection":[{"href":"https:\/\/nordicmart.andreevmaster.com\/sv\/wp-json\/wp\/v2\/product"}],"about":[{"href":"https:\/\/nordicmart.andreevmaster.com\/sv\/wp-json\/wp\/v2\/types\/product"}],"replies":[{"embeddable":true,"href":"https:\/\/nordicmart.andreevmaster.com\/sv\/wp-json\/wp\/v2\/comments?post=15124"}],"wp:featuredmedia":[{"embeddable":true,"href":"https:\/\/nordicmart.andreevmaster.com\/sv\/wp-json\/wp\/v2\/media\/43010"}],"wp:attachment":[{"href":"https:\/\/nordicmart.andreevmaster.com\/sv\/wp-json\/wp\/v2\/media?parent=15124"}],"wp:term":[{"taxonomy":"product_brand","embeddable":true,"href":"https:\/\/nordicmart.andreevmaster.com\/sv\/wp-json\/wp\/v2\/product_brand?post=15124"},{"taxonomy":"product_cat","embeddable":true,"href":"https:\/\/nordicmart.andreevmaster.com\/sv\/wp-json\/wp\/v2\/product_cat?post=15124"},{"taxonomy":"product_tag","embeddable":true,"href":"https:\/\/nordicmart.andreevmaster.com\/sv\/wp-json\/wp\/v2\/product_tag?post=15124"}],"curies":[{"name":"wp","href":"https:\/\/api.w.org\/{rel}","templated":true}]}}