{"id":15122,"date":"2026-02-27T00:24:59","date_gmt":"2026-02-27T00:24:59","guid":{"rendered":"https:\/\/nordicmart.andreevmaster.com\/product\/songmics-skostall-3-tattmaskiga-gallerhyllor\/"},"modified":"2026-02-27T08:16:37","modified_gmt":"2026-02-27T08:16:37","slug":"songmics-skostall-3-tattmaskiga-gallerhyllor","status":"publish","type":"product","link":"https:\/\/nordicmart.andreevmaster.com\/sv\/produkt\/songmics-skostall-3-tattmaskiga-gallerhyllor\/","title":{"rendered":"SONGMICS skost\u00e4ll 3 t\u00e4ttmaskiga gallerhyllor"},"content":{"rendered":"<p>Industriell design med vattenr\u00f6r Den korniga, matt svarta ytan ger hyllan en touch av fabrikschic. T\u00e4tt galler Den t\u00e4ttmaskiga metalltr\u00e5den f\u00f6rhindrar att sm\u00e5 f\u00f6rem\u00e5l faller ner fr\u00e5n hyllan. S\u00e5 \u00e4ven stilettklackar \u00e4r s\u00e4kra. Enkel montering Anv\u00e4nd den medf\u00f6ljande inbussnyckeln och skruva fast de 3 hyllplanet p\u00e5 de tv\u00e5 sidoramen \u2013 sedan \u00e4r m\u00f6beln klar att anv\u00e4ndas! Produktdetaljer:F\u00e4rg: Matt svart Material: J\u00e4rn Storlek: 71,5 x 30,5 x 54,5 cm (L x B x H) Nettovikt: 3,2 kg Max. belastningskapacitet per hyllplan: 10 kg Leveransomfattning: 1 x skohylla 1 x tillbeh\u00f6rsp\u00e5se 1 x bruksanvisning (DE, IT, FR, EN, ES)<\/p>\n","protected":false},"excerpt":{"rendered":"<p>SONGMICS Skost\u00e4ll med 3 niv\u00e5er, f\u00f6r 9 till 12 par skor, justerbar hylla, industridesign, skof\u00f6rvaring, v\u00e4xter, dekoration, metall, matt svart LMR53BK<\/p>\n","protected":false},"featured_media":43008,"comment_status":"open","ping_status":"closed","template":"","meta":[],"product_brand":[],"product_cat":[33],"product_tag":[],"class_list":{"0":"post-15122","1":"product","2":"type-product","3":"status-publish","4":"has-post-thumbnail","6":"product_cat-okategoriserad","8":"first","9":"instock","10":"shipping-taxable","11":"purchasable","12":"product-type-simple"},"_links":{"self":[{"href":"https:\/\/nordicmart.andreevmaster.com\/sv\/wp-json\/wp\/v2\/product\/15122","targetHints":{"allow":["GET"]}}],"collection":[{"href":"https:\/\/nordicmart.andreevmaster.com\/sv\/wp-json\/wp\/v2\/product"}],"about":[{"href":"https:\/\/nordicmart.andreevmaster.com\/sv\/wp-json\/wp\/v2\/types\/product"}],"replies":[{"embeddable":true,"href":"https:\/\/nordicmart.andreevmaster.com\/sv\/wp-json\/wp\/v2\/comments?post=15122"}],"wp:featuredmedia":[{"embeddable":true,"href":"https:\/\/nordicmart.andreevmaster.com\/sv\/wp-json\/wp\/v2\/media\/43008"}],"wp:attachment":[{"href":"https:\/\/nordicmart.andreevmaster.com\/sv\/wp-json\/wp\/v2\/media?parent=15122"}],"wp:term":[{"taxonomy":"product_brand","embeddable":true,"href":"https:\/\/nordicmart.andreevmaster.com\/sv\/wp-json\/wp\/v2\/product_brand?post=15122"},{"taxonomy":"product_cat","embeddable":true,"href":"https:\/\/nordicmart.andreevmaster.com\/sv\/wp-json\/wp\/v2\/product_cat?post=15122"},{"taxonomy":"product_tag","embeddable":true,"href":"https:\/\/nordicmart.andreevmaster.com\/sv\/wp-json\/wp\/v2\/product_tag?post=15122"}],"curies":[{"name":"wp","href":"https:\/\/api.w.org\/{rel}","templated":true}]}}