{"id":15121,"date":"2026-02-27T00:24:58","date_gmt":"2026-02-27T00:24:58","guid":{"rendered":"https:\/\/nordicmart.andreevmaster.com\/product\/vasagle-skobank-i-industriell-design\/"},"modified":"2026-02-27T08:16:37","modified_gmt":"2026-02-27T08:16:37","slug":"vasagle-skobank-i-industriell-design","status":"publish","type":"product","link":"https:\/\/nordicmart.andreevmaster.com\/sv\/produkt\/vasagle-skobank-i-industriell-design\/","title":{"rendered":"VASAGLE skob\u00e4nk i industriell design"},"content":{"rendered":"<p>I m\u00e5nga l\u00e4genheter \u00e4r hallen inte s\u00e4rskilt stor. F\u00f6r att \u00e4nd\u00e5 skapa ett snyggt och stilfullt utrymme f\u00f6r dina skor och v\u00e4skor kr\u00e4vs det en viss k\u00e4nsla f\u00f6r inredning.  Eftersom du utan tvekan har denna k\u00e4nsla beh\u00f6ver du bara skaffa dig platsbesparande och smakfulla m\u00f6bler som denna skob\u00e4nk i industridesign. V\u00e5r id\u00e9smedja Denna m\u00f6bel \u00e4r naturligtvis perfekt f\u00f6r att skapa ordning i hallen som skob\u00e4nk. Men \u00e4ven andra rum kan inredas med denna flexibla hylla: &#8211; St\u00e4ll den i vardagsrummet bredvid soffan och placera krukv\u00e4xter, TV-tidningen eller en kopp kaffe p\u00e5 den &#8211; Anv\u00e4nd den som en praktisk b\u00e4nk i hobbyrummet och f\u00f6rvara dina verktyg p\u00e5 den stabila m\u00f6beln (belastningskapacitet upp till 90 kg). &#8211; Tack vare sina kompakta m\u00e5tt passar skohyllan \u00e4ven i en kl\u00e4dkammare, d\u00e4r den hj\u00e4lper till att f\u00e5 ordning p\u00e5 skokoset. Du har s\u00e4kert m\u00e5nga fler id\u00e9er. Inspirera oss och andra med din uppfinningsrikedom och l\u00e4gg upp n\u00e5gra foton i kommentarerna. Produktdetaljer: &#8211; F\u00e4rg: Vintage &#8211; Material: Sp\u00e5nskiva, j\u00e4rnstativ &#8211; Storlek: 66 x 47,5 x 30 cm (B x H x D) &#8211; Vikt: 5 kg &#8211; Max. b\u00e4rf\u00f6rm\u00e5ga: 90 kg Leveransomfattning: &#8211; 1 x skob\u00e4nk &#8211; 1 x tillbeh\u00f6rsp\u00e5se &#8211; 1 x bruksanvisning (DE, EN, FR, ES., IT) VASAGLE Anm\u00e4rkningar: &#8211; Barn f\u00e5r inte kl\u00e4ttra p\u00e5 eller st\u00e5 p\u00e5 produkten. Barn under 6 \u00e5r b\u00f6r endast anv\u00e4nda b\u00e4nken under uppsikt av en vuxen. &#8211; Torka av produkten med en fuktig trasa f\u00f6r daglig sk\u00f6tsel. &#8211; Produkten \u00e4r endast avsedd f\u00f6r inomhusbruk.<\/p>\n","protected":false},"excerpt":{"rendered":"<p>VASAGLE Skob\u00e4nk Skosk\u00e5pa i industriell design, skohylla med 2 gallerhyllor, rundad ram, enkel montering, stabil, platsbesparande, smal, tr\u00e4look, vintage LMR32BX<\/p>\n","protected":false},"featured_media":43007,"comment_status":"open","ping_status":"closed","template":"","meta":[],"product_brand":[],"product_cat":[33],"product_tag":[],"class_list":{"0":"post-15121","1":"product","2":"type-product","3":"status-publish","4":"has-post-thumbnail","6":"product_cat-okategoriserad","8":"first","9":"instock","10":"shipping-taxable","11":"purchasable","12":"product-type-simple"},"_links":{"self":[{"href":"https:\/\/nordicmart.andreevmaster.com\/sv\/wp-json\/wp\/v2\/product\/15121","targetHints":{"allow":["GET"]}}],"collection":[{"href":"https:\/\/nordicmart.andreevmaster.com\/sv\/wp-json\/wp\/v2\/product"}],"about":[{"href":"https:\/\/nordicmart.andreevmaster.com\/sv\/wp-json\/wp\/v2\/types\/product"}],"replies":[{"embeddable":true,"href":"https:\/\/nordicmart.andreevmaster.com\/sv\/wp-json\/wp\/v2\/comments?post=15121"}],"wp:featuredmedia":[{"embeddable":true,"href":"https:\/\/nordicmart.andreevmaster.com\/sv\/wp-json\/wp\/v2\/media\/43007"}],"wp:attachment":[{"href":"https:\/\/nordicmart.andreevmaster.com\/sv\/wp-json\/wp\/v2\/media?parent=15121"}],"wp:term":[{"taxonomy":"product_brand","embeddable":true,"href":"https:\/\/nordicmart.andreevmaster.com\/sv\/wp-json\/wp\/v2\/product_brand?post=15121"},{"taxonomy":"product_cat","embeddable":true,"href":"https:\/\/nordicmart.andreevmaster.com\/sv\/wp-json\/wp\/v2\/product_cat?post=15121"},{"taxonomy":"product_tag","embeddable":true,"href":"https:\/\/nordicmart.andreevmaster.com\/sv\/wp-json\/wp\/v2\/product_tag?post=15121"}],"curies":[{"name":"wp","href":"https:\/\/api.w.org\/{rel}","templated":true}]}}