{"id":15120,"date":"2026-02-27T00:24:58","date_gmt":"2026-02-27T00:24:58","guid":{"rendered":"https:\/\/nordicmart.andreevmaster.com\/product\/songmics-industriellt-designat-skohyllor-med-5-hyllplan\/"},"modified":"2026-02-27T08:16:37","modified_gmt":"2026-02-27T08:16:37","slug":"songmics-industriellt-designat-skohyllor-med-5-hyllplan","status":"publish","type":"product","link":"https:\/\/nordicmart.andreevmaster.com\/sv\/produkt\/songmics-industriellt-designat-skohyllor-med-5-hyllplan\/","title":{"rendered":"SONGMICS industriellt designat skohyllor med 5 hyllplan"},"content":{"rendered":"<p>En harmonisk stil Denna 5-hylliga hylla fr\u00e5n SONGMICS med pulverlackerad metallram och MDF-hyllor kombinerar perfekt rustik charm och urban design, vilket resulterar i en klassisk tolkning av industriell stil. Denna medelstora hylla (71 x 30,5 x 91 cm) passar perfekt i alla moderna rum \u2013 vare sig det \u00e4r vardagsrum, hall eller garderob \u2013 men ocks\u00e5 utomhus p\u00e5 terrassen. Fler alternativ f\u00f6r ett lyckligare hem Med 2 h\u00f6jdjusterbara hyllplan (2:a och 4:e niv\u00e5n) och m\u00f6jligheten att koppla ihop 2 eller flera hyllor har du m\u00e5nga m\u00f6jligheter att organisera ditt rum efter dina \u00f6nskem\u00e5l och \u00e4nd\u00e5 g\u00f6ra det dekorativt \u2013 \u00e4ntligen ett stilfullt och snyggt hem med lite extra flair! Produktdetaljer: &#8211; F\u00e4rg: matt svart &#8211; Material: pulverlackerade j\u00e4rnr\u00f6r, MDF &#8211; Produktstorlek: 71 x 30,5 x 91 cm (B x D x H) &#8211; Avst\u00e5nd mellan hyllorna: 17 cm (ej justerbar h\u00f6jd); 12\/22 cm (justerbar h\u00f6jd) &#8211; Vikt: 7,1 kg &#8211; Max. belastningskapacitet per niv\u00e5: 20 kg  Leveransomfattning: &#8211; 1 x skohylla &#8211; 1 x bruksanvisning (DE, EN, FR, ES, IT)<\/p>\n","protected":false},"excerpt":{"rendered":"<p>SONGMICS 5-v\u00e5ningars skohylla, \u00f6ppen f\u00f6rvaringshylla, med h\u00f6j- och s\u00e4nkbara hyllplan, industridesign, f\u00f6r skor, v\u00e4xter, b\u00f6cker, dekorationsartiklar, matt svart LMR25BX<\/p>\n","protected":false},"featured_media":43006,"comment_status":"open","ping_status":"closed","template":"","meta":[],"product_brand":[],"product_cat":[33],"product_tag":[],"class_list":{"0":"post-15120","1":"product","2":"type-product","3":"status-publish","4":"has-post-thumbnail","6":"product_cat-okategoriserad","8":"first","9":"instock","10":"shipping-taxable","11":"purchasable","12":"product-type-simple"},"_links":{"self":[{"href":"https:\/\/nordicmart.andreevmaster.com\/sv\/wp-json\/wp\/v2\/product\/15120","targetHints":{"allow":["GET"]}}],"collection":[{"href":"https:\/\/nordicmart.andreevmaster.com\/sv\/wp-json\/wp\/v2\/product"}],"about":[{"href":"https:\/\/nordicmart.andreevmaster.com\/sv\/wp-json\/wp\/v2\/types\/product"}],"replies":[{"embeddable":true,"href":"https:\/\/nordicmart.andreevmaster.com\/sv\/wp-json\/wp\/v2\/comments?post=15120"}],"wp:featuredmedia":[{"embeddable":true,"href":"https:\/\/nordicmart.andreevmaster.com\/sv\/wp-json\/wp\/v2\/media\/43006"}],"wp:attachment":[{"href":"https:\/\/nordicmart.andreevmaster.com\/sv\/wp-json\/wp\/v2\/media?parent=15120"}],"wp:term":[{"taxonomy":"product_brand","embeddable":true,"href":"https:\/\/nordicmart.andreevmaster.com\/sv\/wp-json\/wp\/v2\/product_brand?post=15120"},{"taxonomy":"product_cat","embeddable":true,"href":"https:\/\/nordicmart.andreevmaster.com\/sv\/wp-json\/wp\/v2\/product_cat?post=15120"},{"taxonomy":"product_tag","embeddable":true,"href":"https:\/\/nordicmart.andreevmaster.com\/sv\/wp-json\/wp\/v2\/product_tag?post=15120"}],"curies":[{"name":"wp","href":"https:\/\/api.w.org\/{rel}","templated":true}]}}