{"id":15119,"date":"2026-02-27T00:24:58","date_gmt":"2026-02-27T00:24:58","guid":{"rendered":"https:\/\/nordicmart.andreevmaster.com\/product\/songmics-skohylla-med-3-hyllplan\/"},"modified":"2026-02-27T08:16:36","modified_gmt":"2026-02-27T08:16:36","slug":"songmics-skohylla-med-3-hyllplan","status":"publish","type":"product","link":"https:\/\/nordicmart.andreevmaster.com\/sv\/produkt\/songmics-skohylla-med-3-hyllplan\/","title":{"rendered":"SONGMICS skohylla med 3 hyllplan"},"content":{"rendered":"<p>Nu \u00e4r det slut p\u00e5 r\u00f6riga skoh\u00f6gar i hallen. F\u00f6rvara st\u00f6vlar, sneakers och andra skor p\u00e5 detta enkla och praktiska skost\u00e4ll med 3 hyllor ist\u00e4llet f\u00f6r att stapla dem i ett h\u00f6rn. H\u00e5ller i m\u00e5nga \u00e5r: Var och en av de 3 hyllorna best\u00e5r av ett robust metallgaller och f\u00f6rst\u00e4rks ytterligare med en extra st\u00e5ng, vilket ger st\u00e4llet en h\u00f6g belastningskapacitet (upp till 10 kg per hylla). F\u00f6rvara dina saker p\u00e5 detta stativ och skapa mer ordning i ditt hem. Charmigt \u00f6verallt: Sval metall, matt svart yta, unikt galler \u2013 dessa element ger hyllan en modern industriell stil. Den passar perfekt i vardagsrummet, kl\u00e4dkammaren, badrummet eller hallen och ger dina rum en ny look.Produktdetaljer: F\u00e4rg: Svart Material: St\u00e5l Storlek: 68,5 x 30 x 53 cm (L x B x H) Nettovikt: 2,4 kg Max. statisk belastningskapacitet per hylla: 10 kg Leveransomfattning: 1 x skohylla 1 x tillbeh\u00f6rsp\u00e5se 1 x instruktioner (DE, EN, FR, ES, IT) SONGMICS Anm\u00e4rkningar:F\u00e4st produkten med tippskyddet p\u00e5 v\u00e4ggen om du staplar flera hyllor ovanp\u00e5 varandra. Den maximala belastningskapaciteten i texten avser den statiska maximala vikten.<\/p>\n","protected":false},"excerpt":{"rendered":"<p>SONGMICS skohylla med 3 hyllplan, skof\u00f6rvaring, stapelbar, f\u00f6r 9\u201312 par skor, skost\u00e4ll i metall, hall, vardagsrum eller badrum, svart LMR17BK<\/p>\n","protected":false},"featured_media":43005,"comment_status":"open","ping_status":"closed","template":"","meta":[],"product_brand":[],"product_cat":[33],"product_tag":[],"class_list":{"0":"post-15119","1":"product","2":"type-product","3":"status-publish","4":"has-post-thumbnail","6":"product_cat-okategoriserad","8":"first","9":"instock","10":"shipping-taxable","11":"purchasable","12":"product-type-simple"},"_links":{"self":[{"href":"https:\/\/nordicmart.andreevmaster.com\/sv\/wp-json\/wp\/v2\/product\/15119","targetHints":{"allow":["GET"]}}],"collection":[{"href":"https:\/\/nordicmart.andreevmaster.com\/sv\/wp-json\/wp\/v2\/product"}],"about":[{"href":"https:\/\/nordicmart.andreevmaster.com\/sv\/wp-json\/wp\/v2\/types\/product"}],"replies":[{"embeddable":true,"href":"https:\/\/nordicmart.andreevmaster.com\/sv\/wp-json\/wp\/v2\/comments?post=15119"}],"wp:featuredmedia":[{"embeddable":true,"href":"https:\/\/nordicmart.andreevmaster.com\/sv\/wp-json\/wp\/v2\/media\/43005"}],"wp:attachment":[{"href":"https:\/\/nordicmart.andreevmaster.com\/sv\/wp-json\/wp\/v2\/media?parent=15119"}],"wp:term":[{"taxonomy":"product_brand","embeddable":true,"href":"https:\/\/nordicmart.andreevmaster.com\/sv\/wp-json\/wp\/v2\/product_brand?post=15119"},{"taxonomy":"product_cat","embeddable":true,"href":"https:\/\/nordicmart.andreevmaster.com\/sv\/wp-json\/wp\/v2\/product_cat?post=15119"},{"taxonomy":"product_tag","embeddable":true,"href":"https:\/\/nordicmart.andreevmaster.com\/sv\/wp-json\/wp\/v2\/product_tag?post=15119"}],"curies":[{"name":"wp","href":"https:\/\/api.w.org\/{rel}","templated":true}]}}